{"id":6877,"date":"2025-01-24T18:24:47","date_gmt":"2025-01-24T15:24:47","guid":{"rendered":"https:\/\/ventmarket.eu\/pardosanas-noteikumi\/"},"modified":"2025-12-16T07:11:13","modified_gmt":"2025-12-16T04:11:13","slug":"pardosanas-noteikumi","status":"publish","type":"page","link":"https:\/\/ventmarket.eu\/lv\/pardosanas-noteikumi\/","title":{"rendered":"P\u0101rdo\u0161anas noteikumi"},"content":{"rendered":"\t\t<div data-elementor-type=\"wp-page\" data-elementor-id=\"6877\" class=\"elementor elementor-6877 elementor-905\" data-elementor-post-type=\"page\">\n\t\t\t\t<div class=\"elementor-element elementor-element-556f684 e-con-full e-flex e-con e-parent\" data-id=\"556f684\" data-element_type=\"container\">\n\t\t\t\t<div class=\"elementor-element elementor-element-1944183 jet-breadcrumbs-align-left elementor-hidden-mobile elementor-widget elementor-widget-jet-breadcrumbs\" data-id=\"1944183\" data-element_type=\"widget\" data-widget_type=\"jet-breadcrumbs.default\">\n\t\t\t\t<div class=\"elementor-widget-container\">\n\t\t\t<div class=\"elementor-jet-breadcrumbs jet-blocks\">\n\t\t<div class=\"jet-breadcrumbs\">\n\t\t<div class=\"jet-breadcrumbs__content\">\n\t\t<div class=\"jet-breadcrumbs__wrap\"><div class=\"jet-breadcrumbs__item\"><a href=\"https:\/\/ventmarket.eu\/lv\/\" class=\"jet-breadcrumbs__item-link is-home\" rel=\"home\" title=\"Galven\u0101 lapa\">Galven\u0101 lapa<\/a><\/div>\n\t\t<\/div>\n\t\t<\/div>\n\t\t<\/div><\/div>\t\t<\/div>\n\t\t\t\t<\/div>\n\t\t\t\t<\/div>\n\t\t<div class=\"elementor-element elementor-element-56cdafa e-con-full e-flex e-con e-parent\" data-id=\"56cdafa\" data-element_type=\"container\">\n\t\t<div class=\"elementor-element elementor-element-c8c0e40 e-con-full e-flex e-con e-child\" data-id=\"c8c0e40\" data-element_type=\"container\" data-settings=\"{&quot;background_background&quot;:&quot;classic&quot;}\">\n\t\t\t\t<div class=\"elementor-element elementor-element-8670263 elementor-hidden-mobile elementor-widget elementor-widget-heading\" data-id=\"8670263\" data-element_type=\"widget\" data-widget_type=\"heading.default\">\n\t\t\t\t<div class=\"elementor-widget-container\">\n\t\t\t<h2 class=\"elementor-heading-title elementor-size-default\">Klientu atbalsts<\/h2>\t\t<\/div>\n\t\t\t\t<\/div>\n\t\t\t\t<div class=\"elementor-element elementor-element-c14a2b1 jet-nav-mobile-align-flex-start jet-nav-align-flex-start elementor-widget elementor-widget-jet-nav-menu\" data-id=\"c14a2b1\" data-element_type=\"widget\" data-widget_type=\"jet-nav-menu.default\">\n\t\t\t\t<div class=\"elementor-widget-container\">\n\t\t\t<nav class=\"jet-nav-wrap m-layout-mobile jet-mobile-menu jet-mobile-menu--default\" data-mobile-trigger-device=\"mobile\" data-mobile-layout=\"default\">\n<div class=\"jet-nav__mobile-trigger jet-nav-mobile-trigger-align-right\">\n\t<span class=\"jet-nav__mobile-trigger-open jet-blocks-icon\"><svg aria-hidden=\"true\" class=\"e-font-icon-svg e-fas-bars\" viewBox=\"0 0 448 512\" xmlns=\"http:\/\/www.w3.org\/2000\/svg\"><path d=\"M16 132h416c8.837 0 16-7.163 16-16V76c0-8.837-7.163-16-16-16H16C7.163 60 0 67.163 0 76v40c0 8.837 7.163 16 16 16zm0 160h416c8.837 0 16-7.163 16-16v-40c0-8.837-7.163-16-16-16H16c-8.837 0-16 7.163-16 16v40c0 8.837 7.163 16 16 16zm0 160h416c8.837 0 16-7.163 16-16v-40c0-8.837-7.163-16-16-16H16c-8.837 0-16 7.163-16 16v40c0 8.837 7.163 16 16 16z\"><\/path><\/svg><\/span>\t<span class=\"jet-nav__mobile-trigger-close jet-blocks-icon\"><svg aria-hidden=\"true\" class=\"e-font-icon-svg e-fas-times\" viewBox=\"0 0 352 512\" xmlns=\"http:\/\/www.w3.org\/2000\/svg\"><path d=\"M242.72 256l100.07-100.07c12.28-12.28 12.28-32.19 0-44.48l-22.24-22.24c-12.28-12.28-32.19-12.28-44.48 0L176 189.28 75.93 89.21c-12.28-12.28-32.19-12.28-44.48 0L9.21 111.45c-12.28 12.28-12.28 32.19 0 44.48L109.28 256 9.21 356.07c-12.28 12.28-12.28 32.19 0 44.48l22.24 22.24c12.28 12.28 32.2 12.28 44.48 0L176 322.72l100.07 100.07c12.28 12.28 32.2 12.28 44.48 0l22.24-22.24c12.28-12.28 12.28-32.19 0-44.48L242.72 256z\"><\/path><\/svg><\/span><\/div><div class=\"menu-menyu-podval-container\"><div class=\"jet-nav m-layout-mobile jet-nav--vertical jet-nav--vertical-sub-right-side\"><div class=\"menu-item menu-item-type-post_type menu-item-object-page jet-nav__item-947 jet-nav__item\"><a href=\"https:\/\/ventmarket.eu\/ru\/kak-kupit-na-nashem-saite\/\" class=\"menu-item-link menu-item-link-depth-0 menu-item-link-top\"><span class=\"jet-nav-link-text\">K\u0101 ieg\u0101d\u0101ties m\u016bsu m\u0101jaslap\u0101?<\/span><\/a><\/div>\n<div class=\"menu-item menu-item-type-post_type menu-item-object-page jet-nav__item-946 jet-nav__item\"><a href=\"https:\/\/ventmarket.eu\/ru\/usloviya-prodazhi\/\" class=\"menu-item-link menu-item-link-depth-0 menu-item-link-top\"><span class=\"jet-nav-link-text\">P\u0101rdo\u0161anas noteikumi<\/span><\/a><\/div>\n<div class=\"menu-item menu-item-type-post_type menu-item-object-page jet-nav__item-945 jet-nav__item\"><a href=\"https:\/\/ventmarket.eu\/ru\/usloviya-dostavki\/\" class=\"menu-item-link menu-item-link-depth-0 menu-item-link-top\"><span class=\"jet-nav-link-text\">Pieg\u0101des noteikumi<\/span><\/a><\/div>\n<div class=\"menu-item menu-item-type-post_type menu-item-object-page jet-nav__item-944 jet-nav__item\"><a href=\"https:\/\/ventmarket.eu\/ru\/pravo-pokupatelya-na-otkaz-ot-dogovora\/\" class=\"menu-item-link menu-item-link-depth-0 menu-item-link-top\"><span class=\"jet-nav-link-text\">Pirc\u0113ja atteikuma ties\u012bbas<\/span><\/a><\/div>\n<\/div><\/div><\/nav>\t\t<\/div>\n\t\t\t\t<\/div>\n\t\t\t\t<\/div>\n\t\t<div class=\"elementor-element elementor-element-81f8e78 e-con-full e-flex e-con e-child\" data-id=\"81f8e78\" data-element_type=\"container\">\n\t\t\t\t<div class=\"elementor-element elementor-element-89c30d9 elementor-hidden-mobile elementor-widget elementor-widget-image\" data-id=\"89c30d9\" data-element_type=\"widget\" data-widget_type=\"image.default\">\n\t\t\t\t<div class=\"elementor-widget-container\">\n\t\t\t\t\t\t\t\t\t\t\t\t\t<img fetchpriority=\"high\" decoding=\"async\" width=\"2560\" height=\"483\" src=\"https:\/\/ventmarket.eu\/wp-content\/uploads\/2024\/12\/group-75-1-scaled.jpg\" class=\"attachment-full size-full wp-image-593\" alt=\"\" srcset=\"https:\/\/ventmarket.eu\/wp-content\/uploads\/2024\/12\/group-75-1-scaled.jpg 2560w, https:\/\/ventmarket.eu\/wp-content\/uploads\/2024\/12\/group-75-1-300x57.jpg 300w, https:\/\/ventmarket.eu\/wp-content\/uploads\/2024\/12\/group-75-1-1024x193.jpg 1024w, https:\/\/ventmarket.eu\/wp-content\/uploads\/2024\/12\/group-75-1-768x145.jpg 768w, https:\/\/ventmarket.eu\/wp-content\/uploads\/2024\/12\/group-75-1-1536x290.jpg 1536w, https:\/\/ventmarket.eu\/wp-content\/uploads\/2024\/12\/group-75-1-2048x386.jpg 2048w\" sizes=\"(max-width: 2560px) 100vw, 2560px\" \/>\t\t\t\t\t\t\t\t\t\t\t\t\t<\/div>\n\t\t\t\t<\/div>\n\t\t\t\t<div class=\"elementor-element elementor-element-e67f6fd elementor-widget elementor-widget-heading\" data-id=\"e67f6fd\" data-element_type=\"widget\" data-widget_type=\"heading.default\">\n\t\t\t\t<div class=\"elementor-widget-container\">\n\t\t\t<h1 class=\"elementor-heading-title elementor-size-default\">P\u0101rdo\u0161anas noteikumi<\/h1>\t\t<\/div>\n\t\t\t\t<\/div>\n\t\t\t\t<div class=\"elementor-element elementor-element-3f9b72a elementor-widget elementor-widget-text-editor\" data-id=\"3f9b72a\" data-element_type=\"widget\" data-widget_type=\"text-editor.default\">\n\t\t\t\t<div class=\"elementor-widget-container\">\n\t\t\t\t\t\t\t<p><strong>Tiesiskais pamats:<\/strong><\/p>\n<ul>\n<li>Produkcijas p\u0101rdo\u0161ana tiek veikta saska\u0146\u0101 ar Latvijas Pat\u0113r\u0113t\u0101ju ties\u012bbu aizsardz\u012bbas likumu.<\/li>\n<li>Visa produkcija atbilst EU normat\u012bvaj\u0101m pras\u012bb\u0101m, k\u0101 ar\u012b tai ir kvalit\u0101tes sertifik\u0101cija, ja tas ir piem\u0113rojams.\n<br><br><\/li>\n<\/ul>\n<p><strong>Izgatavo\u0161ana un p\u0101rdo\u0161ana:<\/strong><\/p>\n<ul>\n<li>Preces p\u0113c pas\u016bt\u012bjuma tiek ra\u017eotas tikai p\u0113c apmaksas apstiprin\u0101\u0161anas.<\/li>\n<li>Ja prece ir noliktav\u0101, pas\u016bt\u012bjums tiek nos\u016bt\u012bts p\u0113c pilnas apmaksas vai p\u0113c vieno\u0161an\u0101s.\n<br><br><\/li>\n<\/ul>\n<p><strong>Apmaksa:<\/strong><\/p>\n<ul>\n<li>Pieejams tikai bezskaidras naudas nor\u0113\u0137ins ar bankas p\u0101rskait\u012bjumu.<\/li>\n<li>R\u0113\u0137ins apmaksai tiek sagatavots p\u0113c visu pas\u016bt\u012bjuma deta\u013cu saska\u0146o\u0161anas.\n<br><br><\/li>\n<\/ul>\n<p><strong>Garantija:<\/strong><\/p>\n<ul>\n<li>Produktiem tiek piem\u0113rota 24 m\u0113ne\u0161u garantija no preces sa\u0146em\u0161anas br\u012b\u017ea.<\/li>\n<li>Garantija neattiecas uz defektiem, kas radu\u0161ies nepareizas uzst\u0101d\u012b\u0161anas vai ekspluat\u0101cijas d\u0113\u013c, kas neatbilst instrukcijai.\n<br><br><\/li>\n<\/ul>\n<p><strong>Pas\u016bt\u012bjuma atcel\u0161ana:<\/strong><\/p>\n<ul>\n<li>Pas\u016bt\u012bjumus prec\u0113m, kas tiek izgatavotas p\u0113c individu\u0101liem izm\u0113riem, nevar atcelt p\u0113c ra\u017eo\u0161anas uzs\u0101k\u0161anas.\n<br><br><\/li>\n<\/ul>\n<p><strong>Dokumenti:<\/strong><\/p>\n<ul>\n<li>Ieg\u0101d\u0101joties tiek izsniegti:\n<ul>\n<li>R\u0113\u0137ins;<\/li>\n<li>Pas\u016bt\u012bjuma apstiprin\u0101jums (elektronisk\u0101 veid\u0101).<\/li>\n<\/ul>\n<\/li>\n<\/ul>\t\t\t\t\t\t<\/div>\n\t\t\t\t<\/div>\n\t\t\t\t<div class=\"elementor-element elementor-element-32dbcb3 elementor-widget elementor-widget-html\" data-id=\"32dbcb3\" data-element_type=\"widget\" data-widget_type=\"html.default\">\n\t\t\t\t<div class=\"elementor-widget-container\">\n\t\t\t<style>h1.entry-title {\n    display: none;\n}\n<\/style>\t\t<\/div>\n\t\t\t\t<\/div>\n\t\t\t\t<\/div>\n\t\t\t\t<\/div>\n\t\t\t\t<\/div>\n\t\t","protected":false},"excerpt":{"rendered":"<p>\u0413\u043b\u0430\u0432\u043d\u0430\u044f Klientu atbalsts \u041a\u0430\u043a \u043a\u0443\u043f\u0438\u0442\u044c \u043d\u0430 \u043d\u0430\u0448\u0435\u043c \u0441\u0430\u0439\u0442\u0435? \u0423\u0441\u043b\u043e\u0432\u0438\u044f \u043f\u0440\u043e\u0434\u0430\u0436\u0438 \u0423\u0441\u043b\u043e\u0432\u0438\u044f \u0434\u043e\u0441\u0442\u0430\u0432\u043a\u0438 \u041f\u0440\u0430\u0432\u043e \u043f\u043e\u043a\u0443\u043f\u0430\u0442\u0435\u043b\u044f \u043d\u0430 \u043e\u0442\u043a\u0430\u0437 \u043e\u0442 \u0434\u043e\u0433\u043e\u0432\u043e\u0440\u0430 P\u0101rdo\u0161anas noteikumi Tiesiskais pamats: Produkcijas p\u0101rdo\u0161ana tiek veikta saska\u0146\u0101 ar Latvijas Pat\u0113r\u0113t\u0101ju ties\u012bbu aizsardz\u012bbas likumu. Visa produkcija atbilst EU normat\u012bvaj\u0101m pras\u012bb\u0101m, k\u0101 ar\u012b tai ir kvalit\u0101tes sertifik\u0101cija, ja tas ir piem\u0113rojams. Izgatavo\u0161ana un p\u0101rdo\u0161ana: Preces p\u0113c pas\u016bt\u012bjuma [&hellip;]<\/p>\n","protected":false},"author":1,"featured_media":0,"parent":0,"menu_order":0,"comment_status":"closed","ping_status":"closed","template":"elementor_header_footer","meta":{"footnotes":""},"class_list":["post-6877","page","type-page","status-publish","hentry"],"yoast_head":"<!-- This site is optimized with the Yoast SEO Premium plugin v24.7 (Yoast SEO v24.7) - https:\/\/yoast.com\/wordpress\/plugins\/seo\/ -->\n<title>P\u0101rdo\u0161anas noteikumi | Ventmarket internetveikals<\/title>\n<meta name=\"description\" content=\"Iepaz\u012bstieties ar ventil\u0101cijas iek\u0101rtu p\u0101rdo\u0161anas noteikumiem Ventmarket internetveikal\u0101.\" \/>\n<meta name=\"robots\" content=\"index, follow, max-snippet:-1, max-image-preview:large, max-video-preview:-1\" \/>\n<link rel=\"canonical\" href=\"https:\/\/ventmarket.eu\/ru\/usloviya-prodazhi\/\" \/>\n<meta property=\"og:locale\" content=\"lv_LV\" \/>\n<meta property=\"og:type\" content=\"article\" \/>\n<meta property=\"og:title\" content=\"P\u0101rdo\u0161anas noteikumi | Ventmarket internetveikals\" \/>\n<meta property=\"og:description\" content=\"Iepaz\u012bstieties ar ventil\u0101cijas iek\u0101rtu p\u0101rdo\u0161anas noteikumiem Ventmarket internetveikal\u0101.\" \/>\n<meta property=\"og:url\" content=\"https:\/\/ventmarket.eu\/ru\/usloviya-prodazhi\/\" \/>\n<meta property=\"og:site_name\" content=\"Ventmarket\" \/>\n<meta property=\"article:modified_time\" content=\"2025-12-16T04:11:13+00:00\" \/>\n<meta property=\"og:image\" content=\"https:\/\/ventmarket.eu\/wp-content\/uploads\/2025\/01\/bb8e4870-1fdf-4e62-979b-ec593bd57be3-1024x876.png\" \/>\n<meta name=\"twitter:card\" content=\"summary_large_image\" \/>\n<meta name=\"twitter:title\" content=\"P\u0101rdo\u0161anas noteikumi\" \/>\n<meta name=\"twitter:label1\" content=\"Est. reading time\" \/>\n\t<meta name=\"twitter:data1\" content=\"2 minutes\" \/>\n<script type=\"application\/ld+json\" class=\"yoast-schema-graph\">{\"@context\":\"https:\/\/schema.org\",\"@graph\":[{\"@type\":\"WebPage\",\"@id\":\"https:\/\/ventmarket.eu\/ru\/usloviya-prodazhi\/\",\"url\":\"https:\/\/ventmarket.eu\/ru\/usloviya-prodazhi\/\",\"name\":\"P\u0101rdo\u0161anas noteikumi | Ventmarket internetveikals\",\"isPartOf\":{\"@id\":\"https:\/\/ventmarket.eu\/#website\"},\"primaryImageOfPage\":{\"@id\":\"https:\/\/ventmarket.eu\/ru\/usloviya-prodazhi\/#primaryimage\"},\"image\":{\"@id\":\"https:\/\/ventmarket.eu\/ru\/usloviya-prodazhi\/#primaryimage\"},\"thumbnailUrl\":\"https:\/\/ventmarket.eu\/wp-content\/uploads\/2024\/12\/group-75-1-scaled.jpg\",\"datePublished\":\"2025-01-24T15:24:47+00:00\",\"dateModified\":\"2025-12-16T04:11:13+00:00\",\"description\":\"Iepaz\u012bstieties ar ventil\u0101cijas iek\u0101rtu p\u0101rdo\u0161anas noteikumiem Ventmarket internetveikal\u0101.\",\"breadcrumb\":{\"@id\":\"https:\/\/ventmarket.eu\/ru\/usloviya-prodazhi\/#breadcrumb\"},\"inLanguage\":\"lv-LV\",\"potentialAction\":[{\"@type\":\"ReadAction\",\"target\":[\"https:\/\/ventmarket.eu\/ru\/usloviya-prodazhi\/\"]}]},{\"@type\":\"ImageObject\",\"inLanguage\":\"lv-LV\",\"@id\":\"https:\/\/ventmarket.eu\/ru\/usloviya-prodazhi\/#primaryimage\",\"url\":\"https:\/\/ventmarket.eu\/wp-content\/uploads\/2024\/12\/group-75-1-scaled.jpg\",\"contentUrl\":\"https:\/\/ventmarket.eu\/wp-content\/uploads\/2024\/12\/group-75-1-scaled.jpg\"},{\"@type\":\"BreadcrumbList\",\"@id\":\"https:\/\/ventmarket.eu\/ru\/usloviya-prodazhi\/#breadcrumb\",\"itemListElement\":[{\"@type\":\"ListItem\",\"position\":1,\"name\":\"\u0413\u043b\u0430\u0432\u043d\u0430\u044f \u0441\u0442\u0440\u0430\u043d\u0438\u0446\u0430\",\"item\":\"https:\/\/ventmarket.eu\/\"},{\"@type\":\"ListItem\",\"position\":2,\"name\":\"P\u0101rdo\u0161anas noteikumi\"}]},{\"@type\":\"WebSite\",\"@id\":\"https:\/\/ventmarket.eu\/#website\",\"url\":\"https:\/\/ventmarket.eu\/\",\"name\":\"Ventmarket\",\"description\":\"Ventmarket \u2013 Ventilatsiooniseadmete e-pood Eestis\",\"publisher\":{\"@id\":\"https:\/\/ventmarket.eu\/#organization\"},\"alternateName\":\"Ventmarket\",\"potentialAction\":[{\"@type\":\"SearchAction\",\"target\":{\"@type\":\"EntryPoint\",\"urlTemplate\":\"https:\/\/ventmarket.eu\/?s={search_term_string}\"},\"query-input\":{\"@type\":\"PropertyValueSpecification\",\"valueRequired\":true,\"valueName\":\"search_term_string\"}}],\"inLanguage\":\"lv-LV\"},{\"@type\":\"Organization\",\"@id\":\"https:\/\/ventmarket.eu\/#organization\",\"name\":\"VENT SYSTEM PROJECT O\u00dc\",\"alternateName\":\"Ventmarket\",\"url\":\"https:\/\/ventmarket.eu\/\",\"logo\":{\"@type\":\"ImageObject\",\"inLanguage\":\"lv-LV\",\"@id\":\"https:\/\/ventmarket.eu\/#\/schema\/logo\/image\/\",\"url\":\"https:\/\/ventmarket.eu\/wp-content\/uploads\/2024\/12\/cropped-logo-4-1-1-1.png\",\"contentUrl\":\"https:\/\/ventmarket.eu\/wp-content\/uploads\/2024\/12\/cropped-logo-4-1-1-1.png\",\"width\":321,\"height\":168,\"caption\":\"VENT SYSTEM PROJECT O\u00dc\"},\"image\":{\"@id\":\"https:\/\/ventmarket.eu\/#\/schema\/logo\/image\/\"},\"description\":\"Ventilatsioonit\u00f6\u00f6d: projekteerimine, paigaldus Ventilatsioonilahendused teie objektile. Pakume laia valikut ventilatsiooniseadmeid ja -komponente ning ventilatsioonis\u00fcsteemide projekteerimisteenust igasuguse keerukusega objektidele. Alates 2009. aastast oleme pakkunud klientidele usaldusv\u00e4\u00e4rseid ja t\u00f5husaid lahendusi. Meie spetsialistid aitavad teil valida optimaalse seadme, koostada projekti ja pakkuda terviklikku lahendust teie kodu, kontori, kaubanduskeskuse v\u00f5i t\u00f6\u00f6stusettev\u00f5tte jaoks.\",\"email\":\"sales@ventmarket.eu\",\"telephone\":\"+372 5300 7799\",\"legalName\":\"VENT SYSTEM PROJECT O\u00dc\",\"foundingDate\":\"2009-10-21\",\"numberOfEmployees\":{\"@type\":\"QuantitativeValue\",\"minValue\":\"51\",\"maxValue\":\"200\"},\"publishingPrinciples\":\"https:\/\/ventmarket.eu\/en\/privacy-policy\/\",\"ownershipFundingInfo\":\"https:\/\/ventmarket.eu\/en\/privacy-policy\/\",\"actionableFeedbackPolicy\":\"https:\/\/ventmarket.eu\/en\/privacy-policy\/\"}]}<\/script>\n<!-- \/ Yoast SEO Premium plugin. -->","yoast_head_json":{"title":"P\u0101rdo\u0161anas noteikumi | Ventmarket internetveikals","description":"Iepaz\u012bstieties ar ventil\u0101cijas iek\u0101rtu p\u0101rdo\u0161anas noteikumiem Ventmarket internetveikal\u0101.","robots":{"index":"index","follow":"follow","max-snippet":"max-snippet:-1","max-image-preview":"max-image-preview:large","max-video-preview":"max-video-preview:-1"},"canonical":"https:\/\/ventmarket.eu\/ru\/usloviya-prodazhi\/","og_locale":"lv_LV","og_type":"article","og_title":"P\u0101rdo\u0161anas noteikumi | Ventmarket internetveikals","og_description":"Iepaz\u012bstieties ar ventil\u0101cijas iek\u0101rtu p\u0101rdo\u0161anas noteikumiem Ventmarket internetveikal\u0101.","og_url":"https:\/\/ventmarket.eu\/ru\/usloviya-prodazhi\/","og_site_name":"Ventmarket","article_modified_time":"2025-12-16T04:11:13+00:00","og_image":[{"url":"https:\/\/ventmarket.eu\/wp-content\/uploads\/2025\/01\/bb8e4870-1fdf-4e62-979b-ec593bd57be3-1024x876.png","type":"","width":"","height":""}],"twitter_card":"summary_large_image","twitter_title":"P\u0101rdo\u0161anas noteikumi","twitter_misc":{"Est. reading time":"2 minutes"},"schema":{"@context":"https:\/\/schema.org","@graph":[{"@type":"WebPage","@id":"https:\/\/ventmarket.eu\/ru\/usloviya-prodazhi\/","url":"https:\/\/ventmarket.eu\/ru\/usloviya-prodazhi\/","name":"P\u0101rdo\u0161anas noteikumi | Ventmarket internetveikals","isPartOf":{"@id":"https:\/\/ventmarket.eu\/#website"},"primaryImageOfPage":{"@id":"https:\/\/ventmarket.eu\/ru\/usloviya-prodazhi\/#primaryimage"},"image":{"@id":"https:\/\/ventmarket.eu\/ru\/usloviya-prodazhi\/#primaryimage"},"thumbnailUrl":"https:\/\/ventmarket.eu\/wp-content\/uploads\/2024\/12\/group-75-1-scaled.jpg","datePublished":"2025-01-24T15:24:47+00:00","dateModified":"2025-12-16T04:11:13+00:00","description":"Iepaz\u012bstieties ar ventil\u0101cijas iek\u0101rtu p\u0101rdo\u0161anas noteikumiem Ventmarket internetveikal\u0101.","breadcrumb":{"@id":"https:\/\/ventmarket.eu\/ru\/usloviya-prodazhi\/#breadcrumb"},"inLanguage":"lv-LV","potentialAction":[{"@type":"ReadAction","target":["https:\/\/ventmarket.eu\/ru\/usloviya-prodazhi\/"]}]},{"@type":"ImageObject","inLanguage":"lv-LV","@id":"https:\/\/ventmarket.eu\/ru\/usloviya-prodazhi\/#primaryimage","url":"https:\/\/ventmarket.eu\/wp-content\/uploads\/2024\/12\/group-75-1-scaled.jpg","contentUrl":"https:\/\/ventmarket.eu\/wp-content\/uploads\/2024\/12\/group-75-1-scaled.jpg"},{"@type":"BreadcrumbList","@id":"https:\/\/ventmarket.eu\/ru\/usloviya-prodazhi\/#breadcrumb","itemListElement":[{"@type":"ListItem","position":1,"name":"\u0413\u043b\u0430\u0432\u043d\u0430\u044f \u0441\u0442\u0440\u0430\u043d\u0438\u0446\u0430","item":"https:\/\/ventmarket.eu\/"},{"@type":"ListItem","position":2,"name":"P\u0101rdo\u0161anas noteikumi"}]},{"@type":"WebSite","@id":"https:\/\/ventmarket.eu\/#website","url":"https:\/\/ventmarket.eu\/","name":"Ventmarket","description":"Ventmarket \u2013 Ventilatsiooniseadmete e-pood Eestis","publisher":{"@id":"https:\/\/ventmarket.eu\/#organization"},"alternateName":"Ventmarket","potentialAction":[{"@type":"SearchAction","target":{"@type":"EntryPoint","urlTemplate":"https:\/\/ventmarket.eu\/?s={search_term_string}"},"query-input":{"@type":"PropertyValueSpecification","valueRequired":true,"valueName":"search_term_string"}}],"inLanguage":"lv-LV"},{"@type":"Organization","@id":"https:\/\/ventmarket.eu\/#organization","name":"VENT SYSTEM PROJECT O\u00dc","alternateName":"Ventmarket","url":"https:\/\/ventmarket.eu\/","logo":{"@type":"ImageObject","inLanguage":"lv-LV","@id":"https:\/\/ventmarket.eu\/#\/schema\/logo\/image\/","url":"https:\/\/ventmarket.eu\/wp-content\/uploads\/2024\/12\/cropped-logo-4-1-1-1.png","contentUrl":"https:\/\/ventmarket.eu\/wp-content\/uploads\/2024\/12\/cropped-logo-4-1-1-1.png","width":321,"height":168,"caption":"VENT SYSTEM PROJECT O\u00dc"},"image":{"@id":"https:\/\/ventmarket.eu\/#\/schema\/logo\/image\/"},"description":"Ventilatsioonit\u00f6\u00f6d: projekteerimine, paigaldus Ventilatsioonilahendused teie objektile. Pakume laia valikut ventilatsiooniseadmeid ja -komponente ning ventilatsioonis\u00fcsteemide projekteerimisteenust igasuguse keerukusega objektidele. Alates 2009. aastast oleme pakkunud klientidele usaldusv\u00e4\u00e4rseid ja t\u00f5husaid lahendusi. Meie spetsialistid aitavad teil valida optimaalse seadme, koostada projekti ja pakkuda terviklikku lahendust teie kodu, kontori, kaubanduskeskuse v\u00f5i t\u00f6\u00f6stusettev\u00f5tte jaoks.","email":"sales@ventmarket.eu","telephone":"+372 5300 7799","legalName":"VENT SYSTEM PROJECT O\u00dc","foundingDate":"2009-10-21","numberOfEmployees":{"@type":"QuantitativeValue","minValue":"51","maxValue":"200"},"publishingPrinciples":"https:\/\/ventmarket.eu\/en\/privacy-policy\/","ownershipFundingInfo":"https:\/\/ventmarket.eu\/en\/privacy-policy\/","actionableFeedbackPolicy":"https:\/\/ventmarket.eu\/en\/privacy-policy\/"}]}},"_links":{"self":[{"href":"https:\/\/ventmarket.eu\/lv\/wp-json\/wp\/v2\/pages\/6877","targetHints":{"allow":["GET"]}}],"collection":[{"href":"https:\/\/ventmarket.eu\/lv\/wp-json\/wp\/v2\/pages"}],"about":[{"href":"https:\/\/ventmarket.eu\/lv\/wp-json\/wp\/v2\/types\/page"}],"author":[{"embeddable":true,"href":"https:\/\/ventmarket.eu\/lv\/wp-json\/wp\/v2\/users\/1"}],"replies":[{"embeddable":true,"href":"https:\/\/ventmarket.eu\/lv\/wp-json\/wp\/v2\/comments?post=6877"}],"version-history":[{"count":4,"href":"https:\/\/ventmarket.eu\/lv\/wp-json\/wp\/v2\/pages\/6877\/revisions"}],"predecessor-version":[{"id":6881,"href":"https:\/\/ventmarket.eu\/lv\/wp-json\/wp\/v2\/pages\/6877\/revisions\/6881"}],"wp:attachment":[{"href":"https:\/\/ventmarket.eu\/lv\/wp-json\/wp\/v2\/media?parent=6877"}],"curies":[{"name":"wp","href":"https:\/\/api.w.org\/{rel}","templated":true}]}}