{"id":6864,"date":"2025-01-24T18:28:42","date_gmt":"2025-01-24T15:28:42","guid":{"rendered":"https:\/\/ventmarket.eu\/usloviya-dostavki\/"},"modified":"2025-12-16T07:00:03","modified_gmt":"2025-12-16T04:00:03","slug":"usloviya-dostavki","status":"publish","type":"page","link":"https:\/\/ventmarket.eu\/lv\/usloviya-dostavki\/","title":{"rendered":"Pieg\u0101des noteikumi"},"content":{"rendered":"\t\t<div data-elementor-type=\"wp-page\" data-elementor-id=\"6864\" class=\"elementor elementor-6864 elementor-913\" data-elementor-post-type=\"page\">\n\t\t\t\t<div class=\"elementor-element elementor-element-e2b1ae2 e-con-full e-flex e-con e-parent\" data-id=\"e2b1ae2\" data-element_type=\"container\">\n\t\t\t\t<div class=\"elementor-element elementor-element-e6a875f jet-breadcrumbs-align-left elementor-hidden-mobile elementor-widget elementor-widget-jet-breadcrumbs\" data-id=\"e6a875f\" data-element_type=\"widget\" data-widget_type=\"jet-breadcrumbs.default\">\n\t\t\t\t<div class=\"elementor-widget-container\">\n\t\t\t<div class=\"elementor-jet-breadcrumbs jet-blocks\">\n\t\t<div class=\"jet-breadcrumbs\">\n\t\t<div class=\"jet-breadcrumbs__content\">\n\t\t<div class=\"jet-breadcrumbs__wrap\"><div class=\"jet-breadcrumbs__item\"><a href=\"https:\/\/ventmarket.eu\/lv\/\" class=\"jet-breadcrumbs__item-link is-home\" rel=\"home\" title=\"Galven\u0101 lapa\">Galven\u0101 lapa<\/a><\/div>\n\t\t<\/div>\n\t\t<\/div>\n\t\t<\/div><\/div>\t\t<\/div>\n\t\t\t\t<\/div>\n\t\t\t\t<\/div>\n\t\t<div class=\"elementor-element elementor-element-3775bef e-con-full e-flex e-con e-parent\" data-id=\"3775bef\" data-element_type=\"container\">\n\t\t<div class=\"elementor-element elementor-element-d072c09 e-con-full e-flex e-con e-child\" data-id=\"d072c09\" data-element_type=\"container\" data-settings=\"{&quot;background_background&quot;:&quot;classic&quot;}\">\n\t\t\t\t<div class=\"elementor-element elementor-element-93e43ee elementor-hidden-mobile elementor-widget elementor-widget-heading\" data-id=\"93e43ee\" data-element_type=\"widget\" data-widget_type=\"heading.default\">\n\t\t\t\t<div class=\"elementor-widget-container\">\n\t\t\t<h2 class=\"elementor-heading-title elementor-size-default\">Klientu atbalsts<\/h2>\t\t<\/div>\n\t\t\t\t<\/div>\n\t\t\t\t<div class=\"elementor-element elementor-element-b258abe jet-nav-mobile-align-flex-start jet-nav-align-flex-start elementor-widget elementor-widget-jet-nav-menu\" data-id=\"b258abe\" data-element_type=\"widget\" data-widget_type=\"jet-nav-menu.default\">\n\t\t\t\t<div class=\"elementor-widget-container\">\n\t\t\t<nav class=\"jet-nav-wrap m-layout-mobile jet-mobile-menu jet-mobile-menu--default\" data-mobile-trigger-device=\"mobile\" data-mobile-layout=\"default\">\n<div class=\"jet-nav__mobile-trigger jet-nav-mobile-trigger-align-right\">\n\t<span class=\"jet-nav__mobile-trigger-open jet-blocks-icon\"><svg aria-hidden=\"true\" class=\"e-font-icon-svg e-fas-bars\" viewBox=\"0 0 448 512\" xmlns=\"http:\/\/www.w3.org\/2000\/svg\"><path d=\"M16 132h416c8.837 0 16-7.163 16-16V76c0-8.837-7.163-16-16-16H16C7.163 60 0 67.163 0 76v40c0 8.837 7.163 16 16 16zm0 160h416c8.837 0 16-7.163 16-16v-40c0-8.837-7.163-16-16-16H16c-8.837 0-16 7.163-16 16v40c0 8.837 7.163 16 16 16zm0 160h416c8.837 0 16-7.163 16-16v-40c0-8.837-7.163-16-16-16H16c-8.837 0-16 7.163-16 16v40c0 8.837 7.163 16 16 16z\"><\/path><\/svg><\/span>\t<span class=\"jet-nav__mobile-trigger-close jet-blocks-icon\"><svg aria-hidden=\"true\" class=\"e-font-icon-svg e-fas-times\" viewBox=\"0 0 352 512\" xmlns=\"http:\/\/www.w3.org\/2000\/svg\"><path d=\"M242.72 256l100.07-100.07c12.28-12.28 12.28-32.19 0-44.48l-22.24-22.24c-12.28-12.28-32.19-12.28-44.48 0L176 189.28 75.93 89.21c-12.28-12.28-32.19-12.28-44.48 0L9.21 111.45c-12.28 12.28-12.28 32.19 0 44.48L109.28 256 9.21 356.07c-12.28 12.28-12.28 32.19 0 44.48l22.24 22.24c12.28 12.28 32.2 12.28 44.48 0L176 322.72l100.07 100.07c12.28 12.28 32.2 12.28 44.48 0l22.24-22.24c12.28-12.28 12.28-32.19 0-44.48L242.72 256z\"><\/path><\/svg><\/span><\/div><div class=\"menu-menyu-podval-container\"><div class=\"jet-nav m-layout-mobile jet-nav--vertical jet-nav--vertical-sub-right-side\"><div class=\"menu-item menu-item-type-post_type menu-item-object-page jet-nav__item-947 jet-nav__item\"><a href=\"https:\/\/ventmarket.eu\/ru\/kak-kupit-na-nashem-saite\/\" class=\"menu-item-link menu-item-link-depth-0 menu-item-link-top\"><span class=\"jet-nav-link-text\">K\u0101 ieg\u0101d\u0101ties m\u016bsu m\u0101jaslap\u0101?<\/span><\/a><\/div>\n<div class=\"menu-item menu-item-type-post_type menu-item-object-page jet-nav__item-946 jet-nav__item\"><a href=\"https:\/\/ventmarket.eu\/ru\/usloviya-prodazhi\/\" class=\"menu-item-link menu-item-link-depth-0 menu-item-link-top\"><span class=\"jet-nav-link-text\">P\u0101rdo\u0161anas noteikumi<\/span><\/a><\/div>\n<div class=\"menu-item menu-item-type-post_type menu-item-object-page jet-nav__item-945 jet-nav__item\"><a href=\"https:\/\/ventmarket.eu\/ru\/usloviya-dostavki\/\" class=\"menu-item-link menu-item-link-depth-0 menu-item-link-top\"><span class=\"jet-nav-link-text\">Pieg\u0101des noteikumi<\/span><\/a><\/div>\n<div class=\"menu-item menu-item-type-post_type menu-item-object-page jet-nav__item-944 jet-nav__item\"><a href=\"https:\/\/ventmarket.eu\/ru\/pravo-pokupatelya-na-otkaz-ot-dogovora\/\" class=\"menu-item-link menu-item-link-depth-0 menu-item-link-top\"><span class=\"jet-nav-link-text\">Pirc\u0113ja atteikuma ties\u012bbas<\/span><\/a><\/div>\n<\/div><\/div><\/nav>\t\t<\/div>\n\t\t\t\t<\/div>\n\t\t\t\t<\/div>\n\t\t<div class=\"elementor-element elementor-element-d303e9e e-con-full e-flex e-con e-child\" data-id=\"d303e9e\" data-element_type=\"container\">\n\t\t\t\t<div class=\"elementor-element elementor-element-75b7f02 elementor-hidden-mobile elementor-widget elementor-widget-image\" data-id=\"75b7f02\" data-element_type=\"widget\" data-widget_type=\"image.default\">\n\t\t\t\t<div class=\"elementor-widget-container\">\n\t\t\t\t\t\t\t\t\t\t\t\t\t<img fetchpriority=\"high\" decoding=\"async\" width=\"2560\" height=\"483\" src=\"https:\/\/ventmarket.eu\/wp-content\/uploads\/2024\/12\/group-75-1-scaled.jpg\" class=\"attachment-full size-full wp-image-593\" alt=\"\" srcset=\"https:\/\/ventmarket.eu\/wp-content\/uploads\/2024\/12\/group-75-1-scaled.jpg 2560w, https:\/\/ventmarket.eu\/wp-content\/uploads\/2024\/12\/group-75-1-300x57.jpg 300w, https:\/\/ventmarket.eu\/wp-content\/uploads\/2024\/12\/group-75-1-1024x193.jpg 1024w, https:\/\/ventmarket.eu\/wp-content\/uploads\/2024\/12\/group-75-1-768x145.jpg 768w, https:\/\/ventmarket.eu\/wp-content\/uploads\/2024\/12\/group-75-1-1536x290.jpg 1536w, https:\/\/ventmarket.eu\/wp-content\/uploads\/2024\/12\/group-75-1-2048x386.jpg 2048w\" sizes=\"(max-width: 2560px) 100vw, 2560px\" \/>\t\t\t\t\t\t\t\t\t\t\t\t\t<\/div>\n\t\t\t\t<\/div>\n\t\t\t\t<div class=\"elementor-element elementor-element-c9ebf8d elementor-widget elementor-widget-heading\" data-id=\"c9ebf8d\" data-element_type=\"widget\" data-widget_type=\"heading.default\">\n\t\t\t\t<div class=\"elementor-widget-container\">\n\t\t\t<h1 class=\"elementor-heading-title elementor-size-default\">Pieg\u0101des noteikumi<\/h1>\t\t<\/div>\n\t\t\t\t<\/div>\n\t\t\t\t<div class=\"elementor-element elementor-element-535863d elementor-widget elementor-widget-text-editor\" data-id=\"535863d\" data-element_type=\"widget\" data-widget_type=\"text-editor.default\">\n\t\t\t\t<div class=\"elementor-widget-container\">\n\t\t\t\t\t\t\t<p><strong>Pieg\u0101des termi\u0146i un veidi:<\/strong><\/p>\n<ul>\n<li><b>Pa\u0161izve\u0161ana<\/b>: Iesp\u0113jama no m\u016bsu noliktavas (p\u0113c iepriek\u0161\u0113jas saska\u0146o\u0161anas).<\/li>\n<li><b>Kurjerpieg\u0101de<\/b>: Pieg\u0101des tiek nodro\u0161in\u0101tas, izmantojot Venipak, Omniva vai l\u012bdzv\u0113rt\u012bgus pakalpojumu sniedz\u0113jus.<\/li>\n<li><b>Starptautiskie pas\u016bt\u012bjumi<\/b>: Tiek apstr\u0101d\u0101ti, izmantojot partneru lo\u0123istikas uz\u0146\u0113mumus.<br><br><\/li>\n<\/ul>\n<p><strong>Pieg\u0101des termi\u0146i:<\/strong><\/p>\n<ul>\n<li>Ja prece ir pieejama noliktav\u0101, pieg\u0101de Latvij\u0101 aiz\u0146em 2\u20135 darba dienas.<\/li>\n<li>Individu\u0101lo izm\u0113ru pas\u016bt\u012bjumiem pieg\u0101des termi\u0146\u0161 ir l\u012bdz 5 ned\u0113\u013c\u0101m (izgatavo\u0161ana + transport\u0113\u0161ana).<br><br><\/li>\n<\/ul>\n<p><strong>Izmaksas: <\/strong><\/p>\n<ul>\n<li>Pieg\u0101de tiek apmaks\u0101ta atsevi\u0161\u0137i, prec\u012bza summa ir atkar\u012bga no kravas svara un apjoma.<br><br><\/li>\n<\/ul>\n<ol>\n<li><strong>Pa\u0161izve\u0161anas inform\u0101cija:<\/strong>\n<ul>\n<li>Pa\u0161izve\u0161ana ir iesp\u0113jama tikai no m\u016bsu noliktavas p\u0113c iepriek\u0161\u0113jas vieno\u0161an\u0101s. M\u0113s sazin\u0101simies ar jums, lai apstiprin\u0101tu sa\u0146em\u0161anas laiku un vietu.<\/li>\n<li>Pa\u0161izve\u0161anai ieteicams iepriek\u0161 p\u0101rliecin\u0101ties par preces pieejam\u012bbu un apmaks\u0101t pas\u016bt\u012bjumu.<br><br><\/li>\n<\/ul>\n<\/li>\n<li><strong>Pieg\u0101des apdro\u0161in\u0101\u0161ana:<\/strong>\n<ul>\n<li>Visi s\u016bt\u012bjumi tiek apdro\u0161in\u0101ti pret boj\u0101jumiem, nozaud\u0113\u0161anu vai iztr\u016bkumu preces v\u0113rt\u012bbas apm\u0113r\u0101.<\/li>\n<li>Ja prece pieg\u0101des laik\u0101 ir boj\u0101ta, m\u0113s sadarbojamies ar lo\u0123istikas uz\u0146\u0113mumu, lai situ\u0101ciju noregul\u0113tu.<br><br><\/li>\n<\/ul>\n<\/li>\n<li><strong>Papildu iesp\u0113jas:<\/strong>\n<ul>\n<li>J\u016bs varat izv\u0113l\u0113ties pieg\u0101di ar funkciju \u201cl\u012bdz durv\u012bm\u201d vai l\u012bdz tuv\u0101kajam pakom\u0101tam.<\/li>\n<li>Smagsvara krav\u0101m tiek pied\u0101v\u0101ta pieg\u0101de uz paletes.<\/li>\n<\/ul>\n<\/li>\n<\/ol>\t\t\t\t\t\t<\/div>\n\t\t\t\t<\/div>\n\t\t\t\t<div class=\"elementor-element elementor-element-13a4b3b elementor-widget elementor-widget-html\" data-id=\"13a4b3b\" data-element_type=\"widget\" data-widget_type=\"html.default\">\n\t\t\t\t<div class=\"elementor-widget-container\">\n\t\t\t<style>h1.entry-title {\n    display: none;\n}\n<\/style>\t\t<\/div>\n\t\t\t\t<\/div>\n\t\t\t\t<\/div>\n\t\t\t\t<\/div>\n\t\t\t\t<\/div>\n\t\t","protected":false},"excerpt":{"rendered":"<p>\u0413\u043b\u0430\u0432\u043d\u0430\u044f Klientu atbalsts \u041a\u0430\u043a \u043a\u0443\u043f\u0438\u0442\u044c \u043d\u0430 \u043d\u0430\u0448\u0435\u043c \u0441\u0430\u0439\u0442\u0435? \u0423\u0441\u043b\u043e\u0432\u0438\u044f \u043f\u0440\u043e\u0434\u0430\u0436\u0438 \u0423\u0441\u043b\u043e\u0432\u0438\u044f \u0434\u043e\u0441\u0442\u0430\u0432\u043a\u0438 \u041f\u0440\u0430\u0432\u043e \u043f\u043e\u043a\u0443\u043f\u0430\u0442\u0435\u043b\u044f \u043d\u0430 \u043e\u0442\u043a\u0430\u0437 \u043e\u0442 \u0434\u043e\u0433\u043e\u0432\u043e\u0440\u0430 Pieg\u0101des noteikumi Pieg\u0101des termi\u0146i un veidi: Pa\u0161izve\u0161ana: Iesp\u0113jama no m\u016bsu noliktavas (p\u0113c iepriek\u0161\u0113jas saska\u0146o\u0161anas). Kurjerpieg\u0101de: Pieg\u0101des tiek nodro\u0161in\u0101tas, izmantojot Venipak, Omniva vai l\u012bdzv\u0113rt\u012bgus pakalpojumu sniedz\u0113jus. Starptautiskie pas\u016bt\u012bjumi: Tiek apstr\u0101d\u0101ti, izmantojot partneru lo\u0123istikas uz\u0146\u0113mumus. Pieg\u0101des termi\u0146i: Ja prece [&hellip;]<\/p>\n","protected":false},"author":1,"featured_media":0,"parent":0,"menu_order":0,"comment_status":"closed","ping_status":"closed","template":"elementor_header_footer","meta":{"footnotes":""},"class_list":["post-6864","page","type-page","status-publish","hentry"],"yoast_head":"<!-- This site is optimized with the Yoast SEO Premium plugin v24.7 (Yoast SEO v24.7) - https:\/\/yoast.com\/wordpress\/plugins\/seo\/ -->\n<title>Pieg\u0101des noteikumi | Ventmarket ventil\u0101cijas internetveikals<\/title>\n<meta name=\"description\" content=\"Detaliz\u0113ti ventil\u0101cijas iek\u0101rtu un komplekt\u0113jo\u0161o deta\u013cu pieg\u0101des noteikumi no Ventmarket.\" \/>\n<meta name=\"robots\" content=\"index, follow, max-snippet:-1, max-image-preview:large, max-video-preview:-1\" \/>\n<link rel=\"canonical\" href=\"https:\/\/ventmarket.eu\/ru\/usloviya-dostavki\/\" \/>\n<meta property=\"og:locale\" content=\"lv_LV\" \/>\n<meta property=\"og:type\" content=\"article\" \/>\n<meta property=\"og:title\" content=\"Pieg\u0101des noteikumi | Ventmarket ventil\u0101cijas internetveikals\" \/>\n<meta property=\"og:description\" content=\"Detaliz\u0113ti ventil\u0101cijas iek\u0101rtu un komplekt\u0113jo\u0161o deta\u013cu pieg\u0101des noteikumi no Ventmarket.\" \/>\n<meta property=\"og:url\" content=\"https:\/\/ventmarket.eu\/ru\/usloviya-dostavki\/\" \/>\n<meta property=\"og:site_name\" content=\"Ventmarket\" \/>\n<meta property=\"article:modified_time\" content=\"2025-12-16T04:00:03+00:00\" \/>\n<meta property=\"og:image\" content=\"https:\/\/ventmarket.eu\/wp-content\/uploads\/2024\/12\/3d-rendering-ventilation-system-1024x731.jpg\" \/>\n<meta name=\"twitter:card\" content=\"summary_large_image\" \/>\n<meta name=\"twitter:title\" content=\"Pieg\u0101des noteikumi\" \/>\n<meta name=\"twitter:label1\" content=\"Est. reading time\" \/>\n\t<meta name=\"twitter:data1\" content=\"2 minutes\" \/>\n<script type=\"application\/ld+json\" class=\"yoast-schema-graph\">{\"@context\":\"https:\/\/schema.org\",\"@graph\":[{\"@type\":\"WebPage\",\"@id\":\"https:\/\/ventmarket.eu\/ru\/usloviya-dostavki\/\",\"url\":\"https:\/\/ventmarket.eu\/ru\/usloviya-dostavki\/\",\"name\":\"Pieg\u0101des noteikumi | Ventmarket ventil\u0101cijas internetveikals\",\"isPartOf\":{\"@id\":\"https:\/\/ventmarket.eu\/#website\"},\"primaryImageOfPage\":{\"@id\":\"https:\/\/ventmarket.eu\/ru\/usloviya-dostavki\/#primaryimage\"},\"image\":{\"@id\":\"https:\/\/ventmarket.eu\/ru\/usloviya-dostavki\/#primaryimage\"},\"thumbnailUrl\":\"https:\/\/ventmarket.eu\/wp-content\/uploads\/2024\/12\/group-75-1-scaled.jpg\",\"datePublished\":\"2025-01-24T15:28:42+00:00\",\"dateModified\":\"2025-12-16T04:00:03+00:00\",\"description\":\"Detaliz\u0113ti ventil\u0101cijas iek\u0101rtu un komplekt\u0113jo\u0161o deta\u013cu pieg\u0101des noteikumi no Ventmarket.\",\"breadcrumb\":{\"@id\":\"https:\/\/ventmarket.eu\/ru\/usloviya-dostavki\/#breadcrumb\"},\"inLanguage\":\"lv-LV\",\"potentialAction\":[{\"@type\":\"ReadAction\",\"target\":[\"https:\/\/ventmarket.eu\/ru\/usloviya-dostavki\/\"]}]},{\"@type\":\"ImageObject\",\"inLanguage\":\"lv-LV\",\"@id\":\"https:\/\/ventmarket.eu\/ru\/usloviya-dostavki\/#primaryimage\",\"url\":\"https:\/\/ventmarket.eu\/wp-content\/uploads\/2024\/12\/group-75-1-scaled.jpg\",\"contentUrl\":\"https:\/\/ventmarket.eu\/wp-content\/uploads\/2024\/12\/group-75-1-scaled.jpg\"},{\"@type\":\"BreadcrumbList\",\"@id\":\"https:\/\/ventmarket.eu\/ru\/usloviya-dostavki\/#breadcrumb\",\"itemListElement\":[{\"@type\":\"ListItem\",\"position\":1,\"name\":\"\u0413\u043b\u0430\u0432\u043d\u0430\u044f \u0441\u0442\u0440\u0430\u043d\u0438\u0446\u0430\",\"item\":\"https:\/\/ventmarket.eu\/\"},{\"@type\":\"ListItem\",\"position\":2,\"name\":\"Pieg\u0101des noteikumi\"}]},{\"@type\":\"WebSite\",\"@id\":\"https:\/\/ventmarket.eu\/#website\",\"url\":\"https:\/\/ventmarket.eu\/\",\"name\":\"Ventmarket\",\"description\":\"Ventmarket \u2013 Ventilatsiooniseadmete e-pood Eestis\",\"publisher\":{\"@id\":\"https:\/\/ventmarket.eu\/#organization\"},\"alternateName\":\"Ventmarket\",\"potentialAction\":[{\"@type\":\"SearchAction\",\"target\":{\"@type\":\"EntryPoint\",\"urlTemplate\":\"https:\/\/ventmarket.eu\/?s={search_term_string}\"},\"query-input\":{\"@type\":\"PropertyValueSpecification\",\"valueRequired\":true,\"valueName\":\"search_term_string\"}}],\"inLanguage\":\"lv-LV\"},{\"@type\":\"Organization\",\"@id\":\"https:\/\/ventmarket.eu\/#organization\",\"name\":\"VENT SYSTEM PROJECT O\u00dc\",\"alternateName\":\"Ventmarket\",\"url\":\"https:\/\/ventmarket.eu\/\",\"logo\":{\"@type\":\"ImageObject\",\"inLanguage\":\"lv-LV\",\"@id\":\"https:\/\/ventmarket.eu\/#\/schema\/logo\/image\/\",\"url\":\"https:\/\/ventmarket.eu\/wp-content\/uploads\/2024\/12\/cropped-logo-4-1-1-1.png\",\"contentUrl\":\"https:\/\/ventmarket.eu\/wp-content\/uploads\/2024\/12\/cropped-logo-4-1-1-1.png\",\"width\":321,\"height\":168,\"caption\":\"VENT SYSTEM PROJECT O\u00dc\"},\"image\":{\"@id\":\"https:\/\/ventmarket.eu\/#\/schema\/logo\/image\/\"},\"description\":\"Ventilatsioonit\u00f6\u00f6d: projekteerimine, paigaldus Ventilatsioonilahendused teie objektile. Pakume laia valikut ventilatsiooniseadmeid ja -komponente ning ventilatsioonis\u00fcsteemide projekteerimisteenust igasuguse keerukusega objektidele. Alates 2009. aastast oleme pakkunud klientidele usaldusv\u00e4\u00e4rseid ja t\u00f5husaid lahendusi. Meie spetsialistid aitavad teil valida optimaalse seadme, koostada projekti ja pakkuda terviklikku lahendust teie kodu, kontori, kaubanduskeskuse v\u00f5i t\u00f6\u00f6stusettev\u00f5tte jaoks.\",\"email\":\"sales@ventmarket.eu\",\"telephone\":\"+372 5300 7799\",\"legalName\":\"VENT SYSTEM PROJECT O\u00dc\",\"foundingDate\":\"2009-10-21\",\"numberOfEmployees\":{\"@type\":\"QuantitativeValue\",\"minValue\":\"51\",\"maxValue\":\"200\"},\"publishingPrinciples\":\"https:\/\/ventmarket.eu\/en\/privacy-policy\/\",\"ownershipFundingInfo\":\"https:\/\/ventmarket.eu\/en\/privacy-policy\/\",\"actionableFeedbackPolicy\":\"https:\/\/ventmarket.eu\/en\/privacy-policy\/\"}]}<\/script>\n<!-- \/ Yoast SEO Premium plugin. -->","yoast_head_json":{"title":"Pieg\u0101des noteikumi | Ventmarket ventil\u0101cijas internetveikals","description":"Detaliz\u0113ti ventil\u0101cijas iek\u0101rtu un komplekt\u0113jo\u0161o deta\u013cu pieg\u0101des noteikumi no Ventmarket.","robots":{"index":"index","follow":"follow","max-snippet":"max-snippet:-1","max-image-preview":"max-image-preview:large","max-video-preview":"max-video-preview:-1"},"canonical":"https:\/\/ventmarket.eu\/ru\/usloviya-dostavki\/","og_locale":"lv_LV","og_type":"article","og_title":"Pieg\u0101des noteikumi | Ventmarket ventil\u0101cijas internetveikals","og_description":"Detaliz\u0113ti ventil\u0101cijas iek\u0101rtu un komplekt\u0113jo\u0161o deta\u013cu pieg\u0101des noteikumi no Ventmarket.","og_url":"https:\/\/ventmarket.eu\/ru\/usloviya-dostavki\/","og_site_name":"Ventmarket","article_modified_time":"2025-12-16T04:00:03+00:00","og_image":[{"url":"https:\/\/ventmarket.eu\/wp-content\/uploads\/2024\/12\/3d-rendering-ventilation-system-1024x731.jpg","type":"","width":"","height":""}],"twitter_card":"summary_large_image","twitter_title":"Pieg\u0101des noteikumi","twitter_misc":{"Est. reading time":"2 minutes"},"schema":{"@context":"https:\/\/schema.org","@graph":[{"@type":"WebPage","@id":"https:\/\/ventmarket.eu\/ru\/usloviya-dostavki\/","url":"https:\/\/ventmarket.eu\/ru\/usloviya-dostavki\/","name":"Pieg\u0101des noteikumi | Ventmarket ventil\u0101cijas internetveikals","isPartOf":{"@id":"https:\/\/ventmarket.eu\/#website"},"primaryImageOfPage":{"@id":"https:\/\/ventmarket.eu\/ru\/usloviya-dostavki\/#primaryimage"},"image":{"@id":"https:\/\/ventmarket.eu\/ru\/usloviya-dostavki\/#primaryimage"},"thumbnailUrl":"https:\/\/ventmarket.eu\/wp-content\/uploads\/2024\/12\/group-75-1-scaled.jpg","datePublished":"2025-01-24T15:28:42+00:00","dateModified":"2025-12-16T04:00:03+00:00","description":"Detaliz\u0113ti ventil\u0101cijas iek\u0101rtu un komplekt\u0113jo\u0161o deta\u013cu pieg\u0101des noteikumi no Ventmarket.","breadcrumb":{"@id":"https:\/\/ventmarket.eu\/ru\/usloviya-dostavki\/#breadcrumb"},"inLanguage":"lv-LV","potentialAction":[{"@type":"ReadAction","target":["https:\/\/ventmarket.eu\/ru\/usloviya-dostavki\/"]}]},{"@type":"ImageObject","inLanguage":"lv-LV","@id":"https:\/\/ventmarket.eu\/ru\/usloviya-dostavki\/#primaryimage","url":"https:\/\/ventmarket.eu\/wp-content\/uploads\/2024\/12\/group-75-1-scaled.jpg","contentUrl":"https:\/\/ventmarket.eu\/wp-content\/uploads\/2024\/12\/group-75-1-scaled.jpg"},{"@type":"BreadcrumbList","@id":"https:\/\/ventmarket.eu\/ru\/usloviya-dostavki\/#breadcrumb","itemListElement":[{"@type":"ListItem","position":1,"name":"\u0413\u043b\u0430\u0432\u043d\u0430\u044f \u0441\u0442\u0440\u0430\u043d\u0438\u0446\u0430","item":"https:\/\/ventmarket.eu\/"},{"@type":"ListItem","position":2,"name":"Pieg\u0101des noteikumi"}]},{"@type":"WebSite","@id":"https:\/\/ventmarket.eu\/#website","url":"https:\/\/ventmarket.eu\/","name":"Ventmarket","description":"Ventmarket \u2013 Ventilatsiooniseadmete e-pood Eestis","publisher":{"@id":"https:\/\/ventmarket.eu\/#organization"},"alternateName":"Ventmarket","potentialAction":[{"@type":"SearchAction","target":{"@type":"EntryPoint","urlTemplate":"https:\/\/ventmarket.eu\/?s={search_term_string}"},"query-input":{"@type":"PropertyValueSpecification","valueRequired":true,"valueName":"search_term_string"}}],"inLanguage":"lv-LV"},{"@type":"Organization","@id":"https:\/\/ventmarket.eu\/#organization","name":"VENT SYSTEM PROJECT O\u00dc","alternateName":"Ventmarket","url":"https:\/\/ventmarket.eu\/","logo":{"@type":"ImageObject","inLanguage":"lv-LV","@id":"https:\/\/ventmarket.eu\/#\/schema\/logo\/image\/","url":"https:\/\/ventmarket.eu\/wp-content\/uploads\/2024\/12\/cropped-logo-4-1-1-1.png","contentUrl":"https:\/\/ventmarket.eu\/wp-content\/uploads\/2024\/12\/cropped-logo-4-1-1-1.png","width":321,"height":168,"caption":"VENT SYSTEM PROJECT O\u00dc"},"image":{"@id":"https:\/\/ventmarket.eu\/#\/schema\/logo\/image\/"},"description":"Ventilatsioonit\u00f6\u00f6d: projekteerimine, paigaldus Ventilatsioonilahendused teie objektile. Pakume laia valikut ventilatsiooniseadmeid ja -komponente ning ventilatsioonis\u00fcsteemide projekteerimisteenust igasuguse keerukusega objektidele. Alates 2009. aastast oleme pakkunud klientidele usaldusv\u00e4\u00e4rseid ja t\u00f5husaid lahendusi. Meie spetsialistid aitavad teil valida optimaalse seadme, koostada projekti ja pakkuda terviklikku lahendust teie kodu, kontori, kaubanduskeskuse v\u00f5i t\u00f6\u00f6stusettev\u00f5tte jaoks.","email":"sales@ventmarket.eu","telephone":"+372 5300 7799","legalName":"VENT SYSTEM PROJECT O\u00dc","foundingDate":"2009-10-21","numberOfEmployees":{"@type":"QuantitativeValue","minValue":"51","maxValue":"200"},"publishingPrinciples":"https:\/\/ventmarket.eu\/en\/privacy-policy\/","ownershipFundingInfo":"https:\/\/ventmarket.eu\/en\/privacy-policy\/","actionableFeedbackPolicy":"https:\/\/ventmarket.eu\/en\/privacy-policy\/"}]}},"_links":{"self":[{"href":"https:\/\/ventmarket.eu\/lv\/wp-json\/wp\/v2\/pages\/6864","targetHints":{"allow":["GET"]}}],"collection":[{"href":"https:\/\/ventmarket.eu\/lv\/wp-json\/wp\/v2\/pages"}],"about":[{"href":"https:\/\/ventmarket.eu\/lv\/wp-json\/wp\/v2\/types\/page"}],"author":[{"embeddable":true,"href":"https:\/\/ventmarket.eu\/lv\/wp-json\/wp\/v2\/users\/1"}],"replies":[{"embeddable":true,"href":"https:\/\/ventmarket.eu\/lv\/wp-json\/wp\/v2\/comments?post=6864"}],"version-history":[{"count":6,"href":"https:\/\/ventmarket.eu\/lv\/wp-json\/wp\/v2\/pages\/6864\/revisions"}],"predecessor-version":[{"id":6870,"href":"https:\/\/ventmarket.eu\/lv\/wp-json\/wp\/v2\/pages\/6864\/revisions\/6870"}],"wp:attachment":[{"href":"https:\/\/ventmarket.eu\/lv\/wp-json\/wp\/v2\/media?parent=6864"}],"curies":[{"name":"wp","href":"https:\/\/api.w.org\/{rel}","templated":true}]}}