{"id":6860,"date":"2025-01-24T18:34:01","date_gmt":"2025-01-24T15:34:01","guid":{"rendered":"https:\/\/ventmarket.eu\/pirceja-atteikuma-tiesibas\/"},"modified":"2025-12-20T10:34:42","modified_gmt":"2025-12-20T07:34:42","slug":"pirceja-atteikuma-tiesibas","status":"publish","type":"page","link":"https:\/\/ventmarket.eu\/lv\/pirceja-atteikuma-tiesibas\/","title":{"rendered":"Pirc\u0113ja atteikuma ties\u012bbas"},"content":{"rendered":"\t\t<div data-elementor-type=\"wp-page\" data-elementor-id=\"6860\" class=\"elementor elementor-6860 elementor-918\" data-elementor-post-type=\"page\">\n\t\t\t\t<div class=\"elementor-element elementor-element-97cb683 e-con-full e-flex e-con e-parent\" data-id=\"97cb683\" data-element_type=\"container\">\n\t\t\t\t<div class=\"elementor-element elementor-element-188df65 jet-breadcrumbs-align-left elementor-hidden-mobile elementor-widget elementor-widget-jet-breadcrumbs\" data-id=\"188df65\" data-element_type=\"widget\" data-widget_type=\"jet-breadcrumbs.default\">\n\t\t\t\t<div class=\"elementor-widget-container\">\n\t\t\t<div class=\"elementor-jet-breadcrumbs jet-blocks\">\n\t\t<div class=\"jet-breadcrumbs\">\n\t\t<div class=\"jet-breadcrumbs__content\">\n\t\t<div class=\"jet-breadcrumbs__wrap\"><div class=\"jet-breadcrumbs__item\"><a href=\"https:\/\/ventmarket.eu\/lv\/\" class=\"jet-breadcrumbs__item-link is-home\" rel=\"home\" title=\"Galven\u0101 lapa\">Galven\u0101 lapa<\/a><\/div>\n\t\t<\/div>\n\t\t<\/div>\n\t\t<\/div><\/div>\t\t<\/div>\n\t\t\t\t<\/div>\n\t\t\t\t<\/div>\n\t\t<div class=\"elementor-element elementor-element-ff6260f e-con-full e-flex e-con e-parent\" data-id=\"ff6260f\" data-element_type=\"container\">\n\t\t<div class=\"elementor-element elementor-element-2eb6089 e-con-full e-flex e-con e-child\" data-id=\"2eb6089\" data-element_type=\"container\" data-settings=\"{&quot;background_background&quot;:&quot;classic&quot;}\">\n\t\t\t\t<div class=\"elementor-element elementor-element-32e26fc elementor-hidden-mobile elementor-widget elementor-widget-heading\" data-id=\"32e26fc\" data-element_type=\"widget\" data-widget_type=\"heading.default\">\n\t\t\t\t<div class=\"elementor-widget-container\">\n\t\t\t<h2 class=\"elementor-heading-title elementor-size-default\">Klientu atbalsts<\/h2>\t\t<\/div>\n\t\t\t\t<\/div>\n\t\t\t\t<div class=\"elementor-element elementor-element-7341bed jet-nav-mobile-align-flex-start jet-nav-align-flex-start elementor-widget elementor-widget-jet-nav-menu\" data-id=\"7341bed\" data-element_type=\"widget\" data-widget_type=\"jet-nav-menu.default\">\n\t\t\t\t<div class=\"elementor-widget-container\">\n\t\t\t<nav class=\"jet-nav-wrap m-layout-mobile jet-mobile-menu jet-mobile-menu--default\" data-mobile-trigger-device=\"mobile\" data-mobile-layout=\"default\">\n<div class=\"jet-nav__mobile-trigger jet-nav-mobile-trigger-align-right\">\n\t<span class=\"jet-nav__mobile-trigger-open jet-blocks-icon\"><svg aria-hidden=\"true\" class=\"e-font-icon-svg e-fas-bars\" viewBox=\"0 0 448 512\" xmlns=\"http:\/\/www.w3.org\/2000\/svg\"><path d=\"M16 132h416c8.837 0 16-7.163 16-16V76c0-8.837-7.163-16-16-16H16C7.163 60 0 67.163 0 76v40c0 8.837 7.163 16 16 16zm0 160h416c8.837 0 16-7.163 16-16v-40c0-8.837-7.163-16-16-16H16c-8.837 0-16 7.163-16 16v40c0 8.837 7.163 16 16 16zm0 160h416c8.837 0 16-7.163 16-16v-40c0-8.837-7.163-16-16-16H16c-8.837 0-16 7.163-16 16v40c0 8.837 7.163 16 16 16z\"><\/path><\/svg><\/span>\t<span class=\"jet-nav__mobile-trigger-close jet-blocks-icon\"><svg aria-hidden=\"true\" class=\"e-font-icon-svg e-fas-times\" viewBox=\"0 0 352 512\" xmlns=\"http:\/\/www.w3.org\/2000\/svg\"><path d=\"M242.72 256l100.07-100.07c12.28-12.28 12.28-32.19 0-44.48l-22.24-22.24c-12.28-12.28-32.19-12.28-44.48 0L176 189.28 75.93 89.21c-12.28-12.28-32.19-12.28-44.48 0L9.21 111.45c-12.28 12.28-12.28 32.19 0 44.48L109.28 256 9.21 356.07c-12.28 12.28-12.28 32.19 0 44.48l22.24 22.24c12.28 12.28 32.2 12.28 44.48 0L176 322.72l100.07 100.07c12.28 12.28 32.2 12.28 44.48 0l22.24-22.24c12.28-12.28 12.28-32.19 0-44.48L242.72 256z\"><\/path><\/svg><\/span><\/div><div class=\"menu-menyu-podval-container\"><div class=\"jet-nav m-layout-mobile jet-nav--vertical jet-nav--vertical-sub-right-side\"><div class=\"menu-item menu-item-type-post_type menu-item-object-page jet-nav__item-947 jet-nav__item\"><a href=\"https:\/\/ventmarket.eu\/ru\/kak-kupit-na-nashem-saite\/\" class=\"menu-item-link menu-item-link-depth-0 menu-item-link-top\"><span class=\"jet-nav-link-text\">K\u0101 ieg\u0101d\u0101ties m\u016bsu m\u0101jaslap\u0101?<\/span><\/a><\/div>\n<div class=\"menu-item menu-item-type-post_type menu-item-object-page jet-nav__item-946 jet-nav__item\"><a href=\"https:\/\/ventmarket.eu\/ru\/usloviya-prodazhi\/\" class=\"menu-item-link menu-item-link-depth-0 menu-item-link-top\"><span class=\"jet-nav-link-text\">P\u0101rdo\u0161anas noteikumi<\/span><\/a><\/div>\n<div class=\"menu-item menu-item-type-post_type menu-item-object-page jet-nav__item-945 jet-nav__item\"><a href=\"https:\/\/ventmarket.eu\/ru\/usloviya-dostavki\/\" class=\"menu-item-link menu-item-link-depth-0 menu-item-link-top\"><span class=\"jet-nav-link-text\">Pieg\u0101des noteikumi<\/span><\/a><\/div>\n<div class=\"menu-item menu-item-type-post_type menu-item-object-page jet-nav__item-944 jet-nav__item\"><a href=\"https:\/\/ventmarket.eu\/ru\/pravo-pokupatelya-na-otkaz-ot-dogovora\/\" class=\"menu-item-link menu-item-link-depth-0 menu-item-link-top\"><span class=\"jet-nav-link-text\">Pirc\u0113ja atteikuma ties\u012bbas<\/span><\/a><\/div>\n<\/div><\/div><\/nav>\t\t<\/div>\n\t\t\t\t<\/div>\n\t\t\t\t<\/div>\n\t\t<div class=\"elementor-element elementor-element-9d8b4bb e-con-full e-flex e-con e-child\" data-id=\"9d8b4bb\" data-element_type=\"container\">\n\t\t\t\t<div class=\"elementor-element elementor-element-29874f8 elementor-hidden-mobile elementor-widget elementor-widget-image\" data-id=\"29874f8\" data-element_type=\"widget\" data-widget_type=\"image.default\">\n\t\t\t\t<div class=\"elementor-widget-container\">\n\t\t\t\t\t\t\t\t\t\t\t\t\t<img fetchpriority=\"high\" decoding=\"async\" width=\"2560\" height=\"483\" src=\"https:\/\/ventmarket.eu\/wp-content\/uploads\/2024\/12\/group-75-1-scaled.jpg\" class=\"attachment-full size-full wp-image-593\" alt=\"\" srcset=\"https:\/\/ventmarket.eu\/wp-content\/uploads\/2024\/12\/group-75-1-scaled.jpg 2560w, https:\/\/ventmarket.eu\/wp-content\/uploads\/2024\/12\/group-75-1-300x57.jpg 300w, https:\/\/ventmarket.eu\/wp-content\/uploads\/2024\/12\/group-75-1-1024x193.jpg 1024w, https:\/\/ventmarket.eu\/wp-content\/uploads\/2024\/12\/group-75-1-768x145.jpg 768w, https:\/\/ventmarket.eu\/wp-content\/uploads\/2024\/12\/group-75-1-1536x290.jpg 1536w, https:\/\/ventmarket.eu\/wp-content\/uploads\/2024\/12\/group-75-1-2048x386.jpg 2048w\" sizes=\"(max-width: 2560px) 100vw, 2560px\" \/>\t\t\t\t\t\t\t\t\t\t\t\t\t<\/div>\n\t\t\t\t<\/div>\n\t\t\t\t<div class=\"elementor-element elementor-element-e2ddcea elementor-widget elementor-widget-heading\" data-id=\"e2ddcea\" data-element_type=\"widget\" data-widget_type=\"heading.default\">\n\t\t\t\t<div class=\"elementor-widget-container\">\n\t\t\t<h1 class=\"elementor-heading-title elementor-size-default\">Pirc\u0113ja ties\u012bbas atteikties no l\u012bguma un pre\u010du atgrie\u0161anas noteikumi (B2B un B2C), Latvija<\/h1>\t\t<\/div>\n\t\t\t\t<\/div>\n\t\t\t\t<div class=\"elementor-element elementor-element-3bbeade elementor-widget elementor-widget-text-editor\" data-id=\"3bbeade\" data-element_type=\"widget\" data-widget_type=\"text-editor.default\">\n\t\t\t\t<div class=\"elementor-widget-container\">\n\t\t\t\t\t\t\t<p data-start=\"320\" data-end=\"479\">P\u0101rdev\u0113js: <strong data-start=\"331\" data-end=\"357\">VENT SYSTEM PROJECT O\u00dc<\/strong><br data-start=\"357\" data-end=\"360\" \/>Noliktava\/ra\u017eo\u0161ana: <strong data-start=\"380\" data-end=\"427\">Oru tn 4, 20203 Narva, Ida-Virumaa, Estonia<\/strong><br data-start=\"427\" data-end=\"430\" \/>Jaut\u0101jumi par atgrie\u0161anu: <strong data-start=\"456\" data-end=\"479\"><a class=\"decorated-link cursor-pointer\" rel=\"noopener\" data-start=\"458\" data-end=\"477\">sales@ventmarket.eu<\/a><\/strong><\/p><h3 data-start=\"481\" data-end=\"543\">B2B (juridisk\u0101s personas \/ saimniecisk\u0101s darb\u012bbas veic\u0113ji)<\/h3><ul><li data-start=\"544\" data-end=\"705\">Pas\u016bt\u012bjumi tiek izpild\u012bti saska\u0146\u0101 ar r\u0113\u0137inu\/l\u012bgumu un saska\u0146otajiem nosac\u012bjumiem. <strong data-start=\"626\" data-end=\"705\">14 dienu atteikuma ties\u012bbas bez iemesla B2B pas\u016bt\u012bjumiem netiek piem\u0113rotas.<\/strong><\/li><li data-start=\"544\" data-end=\"705\">Noliktavas pre\u010du atgrie\u0161ana ir iesp\u0113jama <strong data-start=\"748\" data-end=\"787\">tikai p\u0113c iepriek\u0161\u0113jas saska\u0146o\u0161anas<\/strong>, ja prece nav lietota, nav mont\u0101\u017eas paz\u012bmju, t\u0101 ir piln\u0101 komplekt\u0101cij\u0101 un ori\u0123in\u0101laj\u0101 iepakojum\u0101.<\/li><li data-start=\"544\" data-end=\"705\">Preces p\u0113c pas\u016bt\u012bjuma \/ p\u0113c individu\u0101liem parametriem p\u0113c pas\u016bt\u012bjuma apstiprin\u0101\u0161anas <strong data-start=\"972\" data-end=\"1019\">netiek atceltas un netiek pie\u0146emtas atpaka\u013c<\/strong>.<\/li><li data-start=\"544\" data-end=\"705\">Br\u0101\u0137a\/boj\u0101jumu\/nepareizas komplekt\u0101cijas gad\u012bjum\u0101 rakstiet uz <strong data-start=\"1084\" data-end=\"1107\"><a class=\"decorated-link cursor-pointer\" rel=\"noopener\" data-start=\"1086\" data-end=\"1105\">sales@ventmarket.eu<\/a><\/strong>, nor\u0101dot pas\u016bt\u012bjuma numuru un pievienojot foto\/video.<\/li><\/ul><h3 data-start=\"1163\" data-end=\"1183\">B2C (pat\u0113r\u0113t\u0101ji)<\/h3><ul><li data-start=\"1184\" data-end=\"1272\">J\u016bs varat atteikties no distances l\u012bguma <strong data-start=\"1225\" data-end=\"1237\">14 dienu<\/strong> laik\u0101 no preces sa\u0146em\u0161anas dienas.<\/li><li data-start=\"1184\" data-end=\"1272\">Lai atteiktos, nos\u016btiet pazi\u0146ojumu uz <strong data-start=\"1312\" data-end=\"1335\"><a class=\"decorated-link cursor-pointer\" rel=\"noopener\" data-start=\"1314\" data-end=\"1333\">sales@ventmarket.eu<\/a><\/strong> un iev\u0113rojiet atgrie\u0161anas instrukcijas.<\/li><li data-start=\"1184\" data-end=\"1272\">Individu\u0101li izgatavotas preces (p\u0113c pas\u016bt\u012bjuma \/ p\u0113c klienta parametriem) <strong data-start=\"1451\" data-end=\"1479\">netiek pie\u0146emtas atpaka\u013c<\/strong>.<\/li><li data-start=\"1184\" data-end=\"1272\">Nauda tiek atmaks\u0101ta <strong data-start=\"1503\" data-end=\"1515\">14 dienu<\/strong> laik\u0101 p\u0113c pazi\u0146ojuma sa\u0146em\u0161anas; atmaksu var aiztur\u0113t l\u012bdz preces sa\u0146em\u0161anai atpaka\u013c vai l\u012bdz nos\u016bt\u012b\u0161anas pier\u0101d\u012bjuma sa\u0146em\u0161anai.<\/li><\/ul>\t\t\t\t\t\t<\/div>\n\t\t\t\t<\/div>\n\t\t\t\t<div class=\"elementor-element elementor-element-7e8b7f4 elementor-widget elementor-widget-html\" data-id=\"7e8b7f4\" data-element_type=\"widget\" data-widget_type=\"html.default\">\n\t\t\t\t<div class=\"elementor-widget-container\">\n\t\t\t<style>h1.entry-title {\n    display: none;\n}\n<\/style>\t\t<\/div>\n\t\t\t\t<\/div>\n\t\t\t\t<\/div>\n\t\t\t\t<\/div>\n\t\t\t\t<\/div>\n\t\t","protected":false},"excerpt":{"rendered":"<p>\u0413\u043b\u0430\u0432\u043d\u0430\u044f Klientu atbalsts \u041a\u0430\u043a \u043a\u0443\u043f\u0438\u0442\u044c \u043d\u0430 \u043d\u0430\u0448\u0435\u043c \u0441\u0430\u0439\u0442\u0435? \u0423\u0441\u043b\u043e\u0432\u0438\u044f \u043f\u0440\u043e\u0434\u0430\u0436\u0438 \u0423\u0441\u043b\u043e\u0432\u0438\u044f \u0434\u043e\u0441\u0442\u0430\u0432\u043a\u0438 \u041f\u0440\u0430\u0432\u043e \u043f\u043e\u043a\u0443\u043f\u0430\u0442\u0435\u043b\u044f \u043d\u0430 \u043e\u0442\u043a\u0430\u0437 \u043e\u0442 \u0434\u043e\u0433\u043e\u0432\u043e\u0440\u0430 Pirc\u0113ja ties\u012bbas atteikties no l\u012bguma un pre\u010du atgrie\u0161anas noteikumi (B2B un B2C), Latvija P\u0101rdev\u0113js: VENT SYSTEM PROJECT O\u00dcNoliktava\/ra\u017eo\u0161ana: Oru tn 4, 20203 Narva, Ida-Virumaa, EstoniaJaut\u0101jumi par atgrie\u0161anu: sales@ventmarket.eu B2B (juridisk\u0101s personas \/ saimniecisk\u0101s darb\u012bbas veic\u0113ji) Pas\u016bt\u012bjumi tiek [&hellip;]<\/p>\n","protected":false},"author":1,"featured_media":0,"parent":0,"menu_order":0,"comment_status":"closed","ping_status":"closed","template":"elementor_header_footer","meta":{"footnotes":""},"class_list":["post-6860","page","type-page","status-publish","hentry"],"yoast_head":"<!-- This site is optimized with the Yoast SEO Premium plugin v24.7 (Yoast SEO v24.7) - https:\/\/yoast.com\/wordpress\/plugins\/seo\/ -->\n<title>Pre\u010du atgrie\u0161anas un atteikuma ties\u012bbu noteikumi | Ventmarket<\/title>\n<meta name=\"description\" content=\"Uzziniet par pre\u010du atgrie\u0161anas nosac\u012bjumiem un pirc\u0113ja atteikuma ties\u012bb\u0101m VentMarket ventil\u0101cijas apr\u012bkojuma interneta veikal\u0101.\" \/>\n<meta name=\"robots\" content=\"index, follow, max-snippet:-1, max-image-preview:large, max-video-preview:-1\" \/>\n<link rel=\"canonical\" href=\"https:\/\/ventmarket.eu\/ru\/pravo-pokupatelya-na-otkaz-ot-dogovora\/\" \/>\n<meta property=\"og:locale\" content=\"lv_LV\" \/>\n<meta property=\"og:type\" content=\"article\" \/>\n<meta property=\"og:title\" content=\"\u0423\u0441\u043b\u043e\u0432\u0438\u044f \u0432\u043e\u0437\u0432\u0440\u0430\u0442\u0430 \u0438 \u043e\u0442\u043a\u0430\u0437\u0430 \u043e\u0442 \u0434\u043e\u0433\u043e\u0432\u043e\u0440\u0430 | Ventmarket\" \/>\n<meta property=\"og:description\" content=\"Uzziniet par pre\u010du atgrie\u0161anas nosac\u012bjumiem un pirc\u0113ja atteikuma ties\u012bb\u0101m VentMarket ventil\u0101cijas apr\u012bkojuma interneta veikal\u0101.\" \/>\n<meta property=\"og:url\" content=\"https:\/\/ventmarket.eu\/ru\/pravo-pokupatelya-na-otkaz-ot-dogovora\/\" \/>\n<meta property=\"og:site_name\" content=\"Ventmarket\" \/>\n<meta property=\"article:modified_time\" content=\"2025-12-20T07:34:42+00:00\" \/>\n<meta property=\"og:image\" content=\"https:\/\/ventmarket.eu\/wp-content\/uploads\/2024\/12\/Group-39.svg\" \/>\n<meta name=\"twitter:card\" content=\"summary_large_image\" \/>\n<meta name=\"twitter:title\" content=\"Pirc\u0113ja atteikuma ties\u012bbas\" \/>\n<meta name=\"twitter:label1\" content=\"Est. reading time\" \/>\n\t<meta name=\"twitter:data1\" content=\"2 minutes\" \/>\n<script type=\"application\/ld+json\" class=\"yoast-schema-graph\">{\"@context\":\"https:\/\/schema.org\",\"@graph\":[{\"@type\":\"WebPage\",\"@id\":\"https:\/\/ventmarket.eu\/ru\/pravo-pokupatelya-na-otkaz-ot-dogovora\/\",\"url\":\"https:\/\/ventmarket.eu\/ru\/pravo-pokupatelya-na-otkaz-ot-dogovora\/\",\"name\":\"Pre\u010du atgrie\u0161anas un atteikuma ties\u012bbu noteikumi | Ventmarket\",\"isPartOf\":{\"@id\":\"https:\/\/ventmarket.eu\/#website\"},\"primaryImageOfPage\":{\"@id\":\"https:\/\/ventmarket.eu\/ru\/pravo-pokupatelya-na-otkaz-ot-dogovora\/#primaryimage\"},\"image\":{\"@id\":\"https:\/\/ventmarket.eu\/ru\/pravo-pokupatelya-na-otkaz-ot-dogovora\/#primaryimage\"},\"thumbnailUrl\":\"https:\/\/ventmarket.eu\/wp-content\/uploads\/2024\/12\/group-75-1-scaled.jpg\",\"datePublished\":\"2025-01-24T15:34:01+00:00\",\"dateModified\":\"2025-12-20T07:34:42+00:00\",\"description\":\"Uzziniet par pre\u010du atgrie\u0161anas nosac\u012bjumiem un pirc\u0113ja atteikuma ties\u012bb\u0101m VentMarket ventil\u0101cijas apr\u012bkojuma interneta veikal\u0101.\",\"breadcrumb\":{\"@id\":\"https:\/\/ventmarket.eu\/ru\/pravo-pokupatelya-na-otkaz-ot-dogovora\/#breadcrumb\"},\"inLanguage\":\"lv-LV\",\"potentialAction\":[{\"@type\":\"ReadAction\",\"target\":[\"https:\/\/ventmarket.eu\/ru\/pravo-pokupatelya-na-otkaz-ot-dogovora\/\"]}]},{\"@type\":\"ImageObject\",\"inLanguage\":\"lv-LV\",\"@id\":\"https:\/\/ventmarket.eu\/ru\/pravo-pokupatelya-na-otkaz-ot-dogovora\/#primaryimage\",\"url\":\"https:\/\/ventmarket.eu\/wp-content\/uploads\/2024\/12\/group-75-1-scaled.jpg\",\"contentUrl\":\"https:\/\/ventmarket.eu\/wp-content\/uploads\/2024\/12\/group-75-1-scaled.jpg\"},{\"@type\":\"BreadcrumbList\",\"@id\":\"https:\/\/ventmarket.eu\/ru\/pravo-pokupatelya-na-otkaz-ot-dogovora\/#breadcrumb\",\"itemListElement\":[{\"@type\":\"ListItem\",\"position\":1,\"name\":\"\u0413\u043b\u0430\u0432\u043d\u0430\u044f \u0441\u0442\u0440\u0430\u043d\u0438\u0446\u0430\",\"item\":\"https:\/\/ventmarket.eu\/\"},{\"@type\":\"ListItem\",\"position\":2,\"name\":\"Pirc\u0113ja atteikuma ties\u012bbas\"}]},{\"@type\":\"WebSite\",\"@id\":\"https:\/\/ventmarket.eu\/#website\",\"url\":\"https:\/\/ventmarket.eu\/\",\"name\":\"Ventmarket\",\"description\":\"Ventmarket \u2013 Ventilatsiooniseadmete e-pood Eestis\",\"publisher\":{\"@id\":\"https:\/\/ventmarket.eu\/#organization\"},\"alternateName\":\"Ventmarket\",\"potentialAction\":[{\"@type\":\"SearchAction\",\"target\":{\"@type\":\"EntryPoint\",\"urlTemplate\":\"https:\/\/ventmarket.eu\/?s={search_term_string}\"},\"query-input\":{\"@type\":\"PropertyValueSpecification\",\"valueRequired\":true,\"valueName\":\"search_term_string\"}}],\"inLanguage\":\"lv-LV\"},{\"@type\":\"Organization\",\"@id\":\"https:\/\/ventmarket.eu\/#organization\",\"name\":\"VENT SYSTEM PROJECT O\u00dc\",\"alternateName\":\"Ventmarket\",\"url\":\"https:\/\/ventmarket.eu\/\",\"logo\":{\"@type\":\"ImageObject\",\"inLanguage\":\"lv-LV\",\"@id\":\"https:\/\/ventmarket.eu\/#\/schema\/logo\/image\/\",\"url\":\"https:\/\/ventmarket.eu\/wp-content\/uploads\/2024\/12\/cropped-logo-4-1-1-1.png\",\"contentUrl\":\"https:\/\/ventmarket.eu\/wp-content\/uploads\/2024\/12\/cropped-logo-4-1-1-1.png\",\"width\":321,\"height\":168,\"caption\":\"VENT SYSTEM PROJECT O\u00dc\"},\"image\":{\"@id\":\"https:\/\/ventmarket.eu\/#\/schema\/logo\/image\/\"},\"description\":\"Ventilatsioonit\u00f6\u00f6d: projekteerimine, paigaldus Ventilatsioonilahendused teie objektile. Pakume laia valikut ventilatsiooniseadmeid ja -komponente ning ventilatsioonis\u00fcsteemide projekteerimisteenust igasuguse keerukusega objektidele. Alates 2009. aastast oleme pakkunud klientidele usaldusv\u00e4\u00e4rseid ja t\u00f5husaid lahendusi. Meie spetsialistid aitavad teil valida optimaalse seadme, koostada projekti ja pakkuda terviklikku lahendust teie kodu, kontori, kaubanduskeskuse v\u00f5i t\u00f6\u00f6stusettev\u00f5tte jaoks.\",\"email\":\"sales@ventmarket.eu\",\"telephone\":\"+372 5300 7799\",\"legalName\":\"VENT SYSTEM PROJECT O\u00dc\",\"foundingDate\":\"2009-10-21\",\"numberOfEmployees\":{\"@type\":\"QuantitativeValue\",\"minValue\":\"51\",\"maxValue\":\"200\"},\"publishingPrinciples\":\"https:\/\/ventmarket.eu\/en\/privacy-policy\/\",\"ownershipFundingInfo\":\"https:\/\/ventmarket.eu\/en\/privacy-policy\/\",\"actionableFeedbackPolicy\":\"https:\/\/ventmarket.eu\/en\/privacy-policy\/\"}]}<\/script>\n<!-- \/ Yoast SEO Premium plugin. -->","yoast_head_json":{"title":"Pre\u010du atgrie\u0161anas un atteikuma ties\u012bbu noteikumi | Ventmarket","description":"Uzziniet par pre\u010du atgrie\u0161anas nosac\u012bjumiem un pirc\u0113ja atteikuma ties\u012bb\u0101m VentMarket ventil\u0101cijas apr\u012bkojuma interneta veikal\u0101.","robots":{"index":"index","follow":"follow","max-snippet":"max-snippet:-1","max-image-preview":"max-image-preview:large","max-video-preview":"max-video-preview:-1"},"canonical":"https:\/\/ventmarket.eu\/ru\/pravo-pokupatelya-na-otkaz-ot-dogovora\/","og_locale":"lv_LV","og_type":"article","og_title":"\u0423\u0441\u043b\u043e\u0432\u0438\u044f \u0432\u043e\u0437\u0432\u0440\u0430\u0442\u0430 \u0438 \u043e\u0442\u043a\u0430\u0437\u0430 \u043e\u0442 \u0434\u043e\u0433\u043e\u0432\u043e\u0440\u0430 | Ventmarket","og_description":"Uzziniet par pre\u010du atgrie\u0161anas nosac\u012bjumiem un pirc\u0113ja atteikuma ties\u012bb\u0101m VentMarket ventil\u0101cijas apr\u012bkojuma interneta veikal\u0101.","og_url":"https:\/\/ventmarket.eu\/ru\/pravo-pokupatelya-na-otkaz-ot-dogovora\/","og_site_name":"Ventmarket","article_modified_time":"2025-12-20T07:34:42+00:00","og_image":[{"url":"https:\/\/ventmarket.eu\/wp-content\/uploads\/2024\/12\/Group-39.svg","type":"","width":"","height":""}],"twitter_card":"summary_large_image","twitter_title":"Pirc\u0113ja atteikuma ties\u012bbas","twitter_misc":{"Est. reading time":"2 minutes"},"schema":{"@context":"https:\/\/schema.org","@graph":[{"@type":"WebPage","@id":"https:\/\/ventmarket.eu\/ru\/pravo-pokupatelya-na-otkaz-ot-dogovora\/","url":"https:\/\/ventmarket.eu\/ru\/pravo-pokupatelya-na-otkaz-ot-dogovora\/","name":"Pre\u010du atgrie\u0161anas un atteikuma ties\u012bbu noteikumi | Ventmarket","isPartOf":{"@id":"https:\/\/ventmarket.eu\/#website"},"primaryImageOfPage":{"@id":"https:\/\/ventmarket.eu\/ru\/pravo-pokupatelya-na-otkaz-ot-dogovora\/#primaryimage"},"image":{"@id":"https:\/\/ventmarket.eu\/ru\/pravo-pokupatelya-na-otkaz-ot-dogovora\/#primaryimage"},"thumbnailUrl":"https:\/\/ventmarket.eu\/wp-content\/uploads\/2024\/12\/group-75-1-scaled.jpg","datePublished":"2025-01-24T15:34:01+00:00","dateModified":"2025-12-20T07:34:42+00:00","description":"Uzziniet par pre\u010du atgrie\u0161anas nosac\u012bjumiem un pirc\u0113ja atteikuma ties\u012bb\u0101m VentMarket ventil\u0101cijas apr\u012bkojuma interneta veikal\u0101.","breadcrumb":{"@id":"https:\/\/ventmarket.eu\/ru\/pravo-pokupatelya-na-otkaz-ot-dogovora\/#breadcrumb"},"inLanguage":"lv-LV","potentialAction":[{"@type":"ReadAction","target":["https:\/\/ventmarket.eu\/ru\/pravo-pokupatelya-na-otkaz-ot-dogovora\/"]}]},{"@type":"ImageObject","inLanguage":"lv-LV","@id":"https:\/\/ventmarket.eu\/ru\/pravo-pokupatelya-na-otkaz-ot-dogovora\/#primaryimage","url":"https:\/\/ventmarket.eu\/wp-content\/uploads\/2024\/12\/group-75-1-scaled.jpg","contentUrl":"https:\/\/ventmarket.eu\/wp-content\/uploads\/2024\/12\/group-75-1-scaled.jpg"},{"@type":"BreadcrumbList","@id":"https:\/\/ventmarket.eu\/ru\/pravo-pokupatelya-na-otkaz-ot-dogovora\/#breadcrumb","itemListElement":[{"@type":"ListItem","position":1,"name":"\u0413\u043b\u0430\u0432\u043d\u0430\u044f \u0441\u0442\u0440\u0430\u043d\u0438\u0446\u0430","item":"https:\/\/ventmarket.eu\/"},{"@type":"ListItem","position":2,"name":"Pirc\u0113ja atteikuma ties\u012bbas"}]},{"@type":"WebSite","@id":"https:\/\/ventmarket.eu\/#website","url":"https:\/\/ventmarket.eu\/","name":"Ventmarket","description":"Ventmarket \u2013 Ventilatsiooniseadmete e-pood Eestis","publisher":{"@id":"https:\/\/ventmarket.eu\/#organization"},"alternateName":"Ventmarket","potentialAction":[{"@type":"SearchAction","target":{"@type":"EntryPoint","urlTemplate":"https:\/\/ventmarket.eu\/?s={search_term_string}"},"query-input":{"@type":"PropertyValueSpecification","valueRequired":true,"valueName":"search_term_string"}}],"inLanguage":"lv-LV"},{"@type":"Organization","@id":"https:\/\/ventmarket.eu\/#organization","name":"VENT SYSTEM PROJECT O\u00dc","alternateName":"Ventmarket","url":"https:\/\/ventmarket.eu\/","logo":{"@type":"ImageObject","inLanguage":"lv-LV","@id":"https:\/\/ventmarket.eu\/#\/schema\/logo\/image\/","url":"https:\/\/ventmarket.eu\/wp-content\/uploads\/2024\/12\/cropped-logo-4-1-1-1.png","contentUrl":"https:\/\/ventmarket.eu\/wp-content\/uploads\/2024\/12\/cropped-logo-4-1-1-1.png","width":321,"height":168,"caption":"VENT SYSTEM PROJECT O\u00dc"},"image":{"@id":"https:\/\/ventmarket.eu\/#\/schema\/logo\/image\/"},"description":"Ventilatsioonit\u00f6\u00f6d: projekteerimine, paigaldus Ventilatsioonilahendused teie objektile. Pakume laia valikut ventilatsiooniseadmeid ja -komponente ning ventilatsioonis\u00fcsteemide projekteerimisteenust igasuguse keerukusega objektidele. Alates 2009. aastast oleme pakkunud klientidele usaldusv\u00e4\u00e4rseid ja t\u00f5husaid lahendusi. Meie spetsialistid aitavad teil valida optimaalse seadme, koostada projekti ja pakkuda terviklikku lahendust teie kodu, kontori, kaubanduskeskuse v\u00f5i t\u00f6\u00f6stusettev\u00f5tte jaoks.","email":"sales@ventmarket.eu","telephone":"+372 5300 7799","legalName":"VENT SYSTEM PROJECT O\u00dc","foundingDate":"2009-10-21","numberOfEmployees":{"@type":"QuantitativeValue","minValue":"51","maxValue":"200"},"publishingPrinciples":"https:\/\/ventmarket.eu\/en\/privacy-policy\/","ownershipFundingInfo":"https:\/\/ventmarket.eu\/en\/privacy-policy\/","actionableFeedbackPolicy":"https:\/\/ventmarket.eu\/en\/privacy-policy\/"}]}},"_links":{"self":[{"href":"https:\/\/ventmarket.eu\/lv\/wp-json\/wp\/v2\/pages\/6860","targetHints":{"allow":["GET"]}}],"collection":[{"href":"https:\/\/ventmarket.eu\/lv\/wp-json\/wp\/v2\/pages"}],"about":[{"href":"https:\/\/ventmarket.eu\/lv\/wp-json\/wp\/v2\/types\/page"}],"author":[{"embeddable":true,"href":"https:\/\/ventmarket.eu\/lv\/wp-json\/wp\/v2\/users\/1"}],"replies":[{"embeddable":true,"href":"https:\/\/ventmarket.eu\/lv\/wp-json\/wp\/v2\/comments?post=6860"}],"version-history":[{"count":10,"href":"https:\/\/ventmarket.eu\/lv\/wp-json\/wp\/v2\/pages\/6860\/revisions"}],"predecessor-version":[{"id":7115,"href":"https:\/\/ventmarket.eu\/lv\/wp-json\/wp\/v2\/pages\/6860\/revisions\/7115"}],"wp:attachment":[{"href":"https:\/\/ventmarket.eu\/lv\/wp-json\/wp\/v2\/media?parent=6860"}],"curies":[{"name":"wp","href":"https:\/\/api.w.org\/{rel}","templated":true}]}}