{"id":6847,"date":"2025-01-24T17:59:51","date_gmt":"2025-01-24T14:59:51","guid":{"rendered":"https:\/\/ventmarket.eu\/ka-iegadaties-musu-majaslapa\/"},"modified":"2025-12-16T07:01:26","modified_gmt":"2025-12-16T04:01:26","slug":"ka-iegadaties-musu-majaslapa","status":"publish","type":"page","link":"https:\/\/ventmarket.eu\/lv\/ka-iegadaties-musu-majaslapa\/","title":{"rendered":"K\u0101 ieg\u0101d\u0101ties m\u016bsu m\u0101jaslap\u0101?"},"content":{"rendered":"\t\t<div data-elementor-type=\"wp-page\" data-elementor-id=\"6847\" class=\"elementor elementor-6847 elementor-899\" data-elementor-post-type=\"page\">\n\t\t\t\t<div class=\"elementor-element elementor-element-d6a7c30 e-con-full e-flex e-con e-parent\" data-id=\"d6a7c30\" data-element_type=\"container\">\n\t\t\t\t<div class=\"elementor-element elementor-element-621e32f jet-breadcrumbs-align-left elementor-hidden-mobile elementor-widget elementor-widget-jet-breadcrumbs\" data-id=\"621e32f\" data-element_type=\"widget\" data-widget_type=\"jet-breadcrumbs.default\">\n\t\t\t\t<div class=\"elementor-widget-container\">\n\t\t\t<div class=\"elementor-jet-breadcrumbs jet-blocks\">\n\t\t<div class=\"jet-breadcrumbs\">\n\t\t<div class=\"jet-breadcrumbs__content\">\n\t\t<div class=\"jet-breadcrumbs__wrap\"><div class=\"jet-breadcrumbs__item\"><a href=\"https:\/\/ventmarket.eu\/lv\/\" class=\"jet-breadcrumbs__item-link is-home\" rel=\"home\" title=\"Galven\u0101 lapa\">Galven\u0101 lapa<\/a><\/div>\n\t\t<\/div>\n\t\t<\/div>\n\t\t<\/div><\/div>\t\t<\/div>\n\t\t\t\t<\/div>\n\t\t\t\t<\/div>\n\t\t<div class=\"elementor-element elementor-element-2ba6018 e-con-full e-flex e-con e-parent\" data-id=\"2ba6018\" data-element_type=\"container\">\n\t\t<div class=\"elementor-element elementor-element-4db7d4d e-con-full e-flex e-con e-child\" data-id=\"4db7d4d\" data-element_type=\"container\" data-settings=\"{&quot;background_background&quot;:&quot;classic&quot;}\">\n\t\t\t\t<div class=\"elementor-element elementor-element-28c777e elementor-hidden-mobile elementor-widget elementor-widget-heading\" data-id=\"28c777e\" data-element_type=\"widget\" data-widget_type=\"heading.default\">\n\t\t\t\t<div class=\"elementor-widget-container\">\n\t\t\t<h2 class=\"elementor-heading-title elementor-size-default\">Klientu atbalsts<\/h2>\t\t<\/div>\n\t\t\t\t<\/div>\n\t\t\t\t<div class=\"elementor-element elementor-element-12db79c jet-nav-mobile-align-flex-start jet-nav-align-flex-start elementor-widget elementor-widget-jet-nav-menu\" data-id=\"12db79c\" data-element_type=\"widget\" data-widget_type=\"jet-nav-menu.default\">\n\t\t\t\t<div class=\"elementor-widget-container\">\n\t\t\t<nav class=\"jet-nav-wrap m-layout-mobile jet-mobile-menu jet-mobile-menu--default\" data-mobile-trigger-device=\"mobile\" data-mobile-layout=\"default\">\n<div class=\"jet-nav__mobile-trigger jet-nav-mobile-trigger-align-right\">\n\t<span class=\"jet-nav__mobile-trigger-open jet-blocks-icon\"><svg aria-hidden=\"true\" class=\"e-font-icon-svg e-fas-bars\" viewBox=\"0 0 448 512\" xmlns=\"http:\/\/www.w3.org\/2000\/svg\"><path d=\"M16 132h416c8.837 0 16-7.163 16-16V76c0-8.837-7.163-16-16-16H16C7.163 60 0 67.163 0 76v40c0 8.837 7.163 16 16 16zm0 160h416c8.837 0 16-7.163 16-16v-40c0-8.837-7.163-16-16-16H16c-8.837 0-16 7.163-16 16v40c0 8.837 7.163 16 16 16zm0 160h416c8.837 0 16-7.163 16-16v-40c0-8.837-7.163-16-16-16H16c-8.837 0-16 7.163-16 16v40c0 8.837 7.163 16 16 16z\"><\/path><\/svg><\/span>\t<span class=\"jet-nav__mobile-trigger-close jet-blocks-icon\"><svg aria-hidden=\"true\" class=\"e-font-icon-svg e-fas-times\" viewBox=\"0 0 352 512\" xmlns=\"http:\/\/www.w3.org\/2000\/svg\"><path d=\"M242.72 256l100.07-100.07c12.28-12.28 12.28-32.19 0-44.48l-22.24-22.24c-12.28-12.28-32.19-12.28-44.48 0L176 189.28 75.93 89.21c-12.28-12.28-32.19-12.28-44.48 0L9.21 111.45c-12.28 12.28-12.28 32.19 0 44.48L109.28 256 9.21 356.07c-12.28 12.28-12.28 32.19 0 44.48l22.24 22.24c12.28 12.28 32.2 12.28 44.48 0L176 322.72l100.07 100.07c12.28 12.28 32.2 12.28 44.48 0l22.24-22.24c12.28-12.28 12.28-32.19 0-44.48L242.72 256z\"><\/path><\/svg><\/span><\/div><div class=\"menu-menyu-podval-container\"><div class=\"jet-nav m-layout-mobile jet-nav--vertical jet-nav--vertical-sub-right-side\"><div class=\"menu-item menu-item-type-post_type menu-item-object-page jet-nav__item-947 jet-nav__item\"><a href=\"https:\/\/ventmarket.eu\/ru\/kak-kupit-na-nashem-saite\/\" class=\"menu-item-link menu-item-link-depth-0 menu-item-link-top\"><span class=\"jet-nav-link-text\">K\u0101 ieg\u0101d\u0101ties m\u016bsu m\u0101jaslap\u0101?<\/span><\/a><\/div>\n<div class=\"menu-item menu-item-type-post_type menu-item-object-page jet-nav__item-946 jet-nav__item\"><a href=\"https:\/\/ventmarket.eu\/ru\/usloviya-prodazhi\/\" class=\"menu-item-link menu-item-link-depth-0 menu-item-link-top\"><span class=\"jet-nav-link-text\">P\u0101rdo\u0161anas noteikumi<\/span><\/a><\/div>\n<div class=\"menu-item menu-item-type-post_type menu-item-object-page jet-nav__item-945 jet-nav__item\"><a href=\"https:\/\/ventmarket.eu\/ru\/usloviya-dostavki\/\" class=\"menu-item-link menu-item-link-depth-0 menu-item-link-top\"><span class=\"jet-nav-link-text\">Pieg\u0101des noteikumi<\/span><\/a><\/div>\n<div class=\"menu-item menu-item-type-post_type menu-item-object-page jet-nav__item-944 jet-nav__item\"><a href=\"https:\/\/ventmarket.eu\/ru\/pravo-pokupatelya-na-otkaz-ot-dogovora\/\" class=\"menu-item-link menu-item-link-depth-0 menu-item-link-top\"><span class=\"jet-nav-link-text\">Pirc\u0113ja atteikuma ties\u012bbas<\/span><\/a><\/div>\n<\/div><\/div><\/nav>\t\t<\/div>\n\t\t\t\t<\/div>\n\t\t\t\t<\/div>\n\t\t<div class=\"elementor-element elementor-element-73f58e2 e-con-full e-flex e-con e-child\" data-id=\"73f58e2\" data-element_type=\"container\">\n\t\t\t\t<div class=\"elementor-element elementor-element-53291c7 elementor-hidden-mobile elementor-widget elementor-widget-image\" data-id=\"53291c7\" data-element_type=\"widget\" data-widget_type=\"image.default\">\n\t\t\t\t<div class=\"elementor-widget-container\">\n\t\t\t\t\t\t\t\t\t\t\t\t\t<img fetchpriority=\"high\" decoding=\"async\" width=\"2560\" height=\"483\" src=\"https:\/\/ventmarket.eu\/wp-content\/uploads\/2024\/12\/group-75-1-scaled.jpg\" class=\"attachment-full size-full wp-image-593\" alt=\"\" srcset=\"https:\/\/ventmarket.eu\/wp-content\/uploads\/2024\/12\/group-75-1-scaled.jpg 2560w, https:\/\/ventmarket.eu\/wp-content\/uploads\/2024\/12\/group-75-1-300x57.jpg 300w, https:\/\/ventmarket.eu\/wp-content\/uploads\/2024\/12\/group-75-1-1024x193.jpg 1024w, https:\/\/ventmarket.eu\/wp-content\/uploads\/2024\/12\/group-75-1-768x145.jpg 768w, https:\/\/ventmarket.eu\/wp-content\/uploads\/2024\/12\/group-75-1-1536x290.jpg 1536w, https:\/\/ventmarket.eu\/wp-content\/uploads\/2024\/12\/group-75-1-2048x386.jpg 2048w\" sizes=\"(max-width: 2560px) 100vw, 2560px\" \/>\t\t\t\t\t\t\t\t\t\t\t\t\t<\/div>\n\t\t\t\t<\/div>\n\t\t\t\t<div class=\"elementor-element elementor-element-4e394ac elementor-widget elementor-widget-heading\" data-id=\"4e394ac\" data-element_type=\"widget\" data-widget_type=\"heading.default\">\n\t\t\t\t<div class=\"elementor-widget-container\">\n\t\t\t<h1 class=\"elementor-heading-title elementor-size-default\">K\u0101 ieg\u0101d\u0101ties m\u016bsu m\u0101jaslap\u0101?<\/h1>\t\t<\/div>\n\t\t\t\t<\/div>\n\t\t\t\t<div class=\"elementor-element elementor-element-2b6baad elementor-widget elementor-widget-text-editor\" data-id=\"2b6baad\" data-element_type=\"widget\" data-widget_type=\"text-editor.default\">\n\t\t\t\t<div class=\"elementor-widget-container\">\n\t\t\t\t\t\t\t<p><strong>K\u0101 izv\u0113l\u0113ties piem\u0113rotu apr\u012bkojumu?<\/strong><\/p>\n<ul>\n<li>M\u016bsu m\u0101jaslapa ir apr\u012bkota ar \u0113rtu navig\u0101ciju, kas \u013cauj atrast preces p\u0113c kategorij\u0101m un filtriem: cena, apr\u012bkojuma tips, materi\u0101li un ra\u017eot\u0101js.<\/li>\n<li>Ja jums nepiecie\u0161ama konsult\u0101cija, m\u016bsu speci\u0101listi ir gatavi pal\u012bdz\u0113t: rakstiet uz <b>sales@ventmarket.eu<\/b>, un m\u0113s sniegsim rekomend\u0101cijas.<\/li>\n<\/ul>\n<p><strong><br>Ko dar\u012bt, ja prece nav noliktav\u0101?<br><\/strong><\/p>\n<ul>\n<li>Ja prece nav noliktav\u0101, j\u016bs varat noform\u0113t pas\u016bt\u012bjumu ra\u017eo\u0161anai vai vienoties par l\u012bdzv\u0113rt\u012bgu aizst\u0101j\u0113jproduktu.<\/li>\n<\/ul>\n<p><strong><br>Svar\u012bgi zin\u0101t:<\/strong><\/p>\n<ul>\n<li>M\u016bsu m\u0101jaslap\u0101 ir pieejami gan standarta mode\u013ci, gan iesp\u0113ja izgatavot individu\u0101lus risin\u0101jumus p\u0113c pas\u016bt\u012bjuma.<\/li>\n<\/ul>\t\t\t\t\t\t<\/div>\n\t\t\t\t<\/div>\n\t\t\t\t<div class=\"elementor-element elementor-element-8a7c927 elementor-widget elementor-widget-html\" data-id=\"8a7c927\" data-element_type=\"widget\" data-widget_type=\"html.default\">\n\t\t\t\t<div class=\"elementor-widget-container\">\n\t\t\t<style>h1.entry-title {\n    display: none;\n}\n<\/style>\t\t<\/div>\n\t\t\t\t<\/div>\n\t\t\t\t<\/div>\n\t\t\t\t<\/div>\n\t\t\t\t<\/div>\n\t\t","protected":false},"excerpt":{"rendered":"<p>\u0413\u043b\u0430\u0432\u043d\u0430\u044f Klientu atbalsts \u041a\u0430\u043a \u043a\u0443\u043f\u0438\u0442\u044c \u043d\u0430 \u043d\u0430\u0448\u0435\u043c \u0441\u0430\u0439\u0442\u0435? \u0423\u0441\u043b\u043e\u0432\u0438\u044f \u043f\u0440\u043e\u0434\u0430\u0436\u0438 \u0423\u0441\u043b\u043e\u0432\u0438\u044f \u0434\u043e\u0441\u0442\u0430\u0432\u043a\u0438 \u041f\u0440\u0430\u0432\u043e \u043f\u043e\u043a\u0443\u043f\u0430\u0442\u0435\u043b\u044f \u043d\u0430 \u043e\u0442\u043a\u0430\u0437 \u043e\u0442 \u0434\u043e\u0433\u043e\u0432\u043e\u0440\u0430 K\u0101 ieg\u0101d\u0101ties m\u016bsu m\u0101jaslap\u0101? K\u0101 izv\u0113l\u0113ties piem\u0113rotu apr\u012bkojumu? M\u016bsu m\u0101jaslapa ir apr\u012bkota ar \u0113rtu navig\u0101ciju, kas \u013cauj atrast preces p\u0113c kategorij\u0101m un filtriem: cena, apr\u012bkojuma tips, materi\u0101li un ra\u017eot\u0101js. Ja jums nepiecie\u0161ama konsult\u0101cija, m\u016bsu speci\u0101listi ir gatavi [&hellip;]<\/p>\n","protected":false},"author":1,"featured_media":0,"parent":0,"menu_order":0,"comment_status":"closed","ping_status":"closed","template":"elementor_header_footer","meta":{"footnotes":""},"class_list":["post-6847","page","type-page","status-publish","hentry"],"yoast_head":"<!-- This site is optimized with the Yoast SEO Premium plugin v24.7 (Yoast SEO v24.7) - https:\/\/yoast.com\/wordpress\/plugins\/seo\/ -->\n<title>K\u0101 veikt pas\u016bt\u012bjumu VentMarket m\u0101jaslap\u0101 | Ventil\u0101cija | Pirkt<\/title>\n<meta name=\"description\" content=\"Vienk\u0101r\u0161a instrukcija, k\u0101 noform\u0113t pas\u016bt\u012bjumu un ieg\u0101d\u0101ties ventil\u0101cijas apr\u012bkojumu VentMarket interneta veikal\u0101 Latvij\u0101. \u0100tra pieg\u0101de.\" \/>\n<meta name=\"robots\" content=\"index, follow, max-snippet:-1, max-image-preview:large, max-video-preview:-1\" \/>\n<link rel=\"canonical\" href=\"https:\/\/ventmarket.eu\/ru\/kak-kupit-na-nashem-saite\/\" \/>\n<meta property=\"og:locale\" content=\"lv_LV\" \/>\n<meta property=\"og:type\" content=\"article\" \/>\n<meta property=\"og:title\" content=\"K\u0101 veikt pas\u016bt\u012bjumu VentMarket m\u0101jaslap\u0101 | Ventil\u0101cija | Pirkt\" \/>\n<meta property=\"og:description\" content=\"Vienk\u0101r\u0161a instrukcija, k\u0101 noform\u0113t pas\u016bt\u012bjumu un ieg\u0101d\u0101ties ventil\u0101cijas apr\u012bkojumu VentMarket interneta veikal\u0101 Latvij\u0101. \u0100tra pieg\u0101de.\" \/>\n<meta property=\"og:url\" content=\"https:\/\/ventmarket.eu\/ru\/kak-kupit-na-nashem-saite\/\" \/>\n<meta property=\"og:site_name\" content=\"Ventmarket\" \/>\n<meta property=\"article:modified_time\" content=\"2025-12-16T04:01:26+00:00\" \/>\n<meta property=\"og:image\" content=\"https:\/\/ventmarket.eu\/wp-content\/uploads\/2024\/12\/photo_2024-07-01_17-10-03-removebg-preview.png\" \/>\n<meta name=\"twitter:card\" content=\"summary_large_image\" \/>\n<meta name=\"twitter:title\" content=\"K\u0101 ieg\u0101d\u0101ties m\u016bsu m\u0101jaslap\u0101?\" \/>\n<meta name=\"twitter:label1\" content=\"Est. reading time\" \/>\n\t<meta name=\"twitter:data1\" content=\"1 minute\" \/>\n<script type=\"application\/ld+json\" class=\"yoast-schema-graph\">{\"@context\":\"https:\/\/schema.org\",\"@graph\":[{\"@type\":\"WebPage\",\"@id\":\"https:\/\/ventmarket.eu\/ru\/kak-kupit-na-nashem-saite\/\",\"url\":\"https:\/\/ventmarket.eu\/ru\/kak-kupit-na-nashem-saite\/\",\"name\":\"K\u0101 veikt pas\u016bt\u012bjumu VentMarket m\u0101jaslap\u0101 | Ventil\u0101cija | Pirkt\",\"isPartOf\":{\"@id\":\"https:\/\/ventmarket.eu\/#website\"},\"primaryImageOfPage\":{\"@id\":\"https:\/\/ventmarket.eu\/ru\/kak-kupit-na-nashem-saite\/#primaryimage\"},\"image\":{\"@id\":\"https:\/\/ventmarket.eu\/ru\/kak-kupit-na-nashem-saite\/#primaryimage\"},\"thumbnailUrl\":\"https:\/\/ventmarket.eu\/wp-content\/uploads\/2024\/12\/group-75-1-scaled.jpg\",\"datePublished\":\"2025-01-24T14:59:51+00:00\",\"dateModified\":\"2025-12-16T04:01:26+00:00\",\"description\":\"Vienk\u0101r\u0161a instrukcija, k\u0101 noform\u0113t pas\u016bt\u012bjumu un ieg\u0101d\u0101ties ventil\u0101cijas apr\u012bkojumu VentMarket interneta veikal\u0101 Latvij\u0101. \u0100tra pieg\u0101de.\",\"breadcrumb\":{\"@id\":\"https:\/\/ventmarket.eu\/ru\/kak-kupit-na-nashem-saite\/#breadcrumb\"},\"inLanguage\":\"lv-LV\",\"potentialAction\":[{\"@type\":\"ReadAction\",\"target\":[\"https:\/\/ventmarket.eu\/ru\/kak-kupit-na-nashem-saite\/\"]}]},{\"@type\":\"ImageObject\",\"inLanguage\":\"lv-LV\",\"@id\":\"https:\/\/ventmarket.eu\/ru\/kak-kupit-na-nashem-saite\/#primaryimage\",\"url\":\"https:\/\/ventmarket.eu\/wp-content\/uploads\/2024\/12\/group-75-1-scaled.jpg\",\"contentUrl\":\"https:\/\/ventmarket.eu\/wp-content\/uploads\/2024\/12\/group-75-1-scaled.jpg\"},{\"@type\":\"BreadcrumbList\",\"@id\":\"https:\/\/ventmarket.eu\/ru\/kak-kupit-na-nashem-saite\/#breadcrumb\",\"itemListElement\":[{\"@type\":\"ListItem\",\"position\":1,\"name\":\"\u0413\u043b\u0430\u0432\u043d\u0430\u044f \u0441\u0442\u0440\u0430\u043d\u0438\u0446\u0430\",\"item\":\"https:\/\/ventmarket.eu\/\"},{\"@type\":\"ListItem\",\"position\":2,\"name\":\"K\u0101 ieg\u0101d\u0101ties m\u016bsu m\u0101jaslap\u0101?\"}]},{\"@type\":\"WebSite\",\"@id\":\"https:\/\/ventmarket.eu\/#website\",\"url\":\"https:\/\/ventmarket.eu\/\",\"name\":\"Ventmarket\",\"description\":\"Ventmarket \u2013 Ventilatsiooniseadmete e-pood Eestis\",\"publisher\":{\"@id\":\"https:\/\/ventmarket.eu\/#organization\"},\"alternateName\":\"Ventmarket\",\"potentialAction\":[{\"@type\":\"SearchAction\",\"target\":{\"@type\":\"EntryPoint\",\"urlTemplate\":\"https:\/\/ventmarket.eu\/?s={search_term_string}\"},\"query-input\":{\"@type\":\"PropertyValueSpecification\",\"valueRequired\":true,\"valueName\":\"search_term_string\"}}],\"inLanguage\":\"lv-LV\"},{\"@type\":\"Organization\",\"@id\":\"https:\/\/ventmarket.eu\/#organization\",\"name\":\"VENT SYSTEM PROJECT O\u00dc\",\"alternateName\":\"Ventmarket\",\"url\":\"https:\/\/ventmarket.eu\/\",\"logo\":{\"@type\":\"ImageObject\",\"inLanguage\":\"lv-LV\",\"@id\":\"https:\/\/ventmarket.eu\/#\/schema\/logo\/image\/\",\"url\":\"https:\/\/ventmarket.eu\/wp-content\/uploads\/2024\/12\/cropped-logo-4-1-1-1.png\",\"contentUrl\":\"https:\/\/ventmarket.eu\/wp-content\/uploads\/2024\/12\/cropped-logo-4-1-1-1.png\",\"width\":321,\"height\":168,\"caption\":\"VENT SYSTEM PROJECT O\u00dc\"},\"image\":{\"@id\":\"https:\/\/ventmarket.eu\/#\/schema\/logo\/image\/\"},\"description\":\"Ventilatsioonit\u00f6\u00f6d: projekteerimine, paigaldus Ventilatsioonilahendused teie objektile. Pakume laia valikut ventilatsiooniseadmeid ja -komponente ning ventilatsioonis\u00fcsteemide projekteerimisteenust igasuguse keerukusega objektidele. Alates 2009. aastast oleme pakkunud klientidele usaldusv\u00e4\u00e4rseid ja t\u00f5husaid lahendusi. Meie spetsialistid aitavad teil valida optimaalse seadme, koostada projekti ja pakkuda terviklikku lahendust teie kodu, kontori, kaubanduskeskuse v\u00f5i t\u00f6\u00f6stusettev\u00f5tte jaoks.\",\"email\":\"sales@ventmarket.eu\",\"telephone\":\"+372 5300 7799\",\"legalName\":\"VENT SYSTEM PROJECT O\u00dc\",\"foundingDate\":\"2009-10-21\",\"numberOfEmployees\":{\"@type\":\"QuantitativeValue\",\"minValue\":\"51\",\"maxValue\":\"200\"},\"publishingPrinciples\":\"https:\/\/ventmarket.eu\/en\/privacy-policy\/\",\"ownershipFundingInfo\":\"https:\/\/ventmarket.eu\/en\/privacy-policy\/\",\"actionableFeedbackPolicy\":\"https:\/\/ventmarket.eu\/en\/privacy-policy\/\"}]}<\/script>\n<!-- \/ Yoast SEO Premium plugin. -->","yoast_head_json":{"title":"K\u0101 veikt pas\u016bt\u012bjumu VentMarket m\u0101jaslap\u0101 | Ventil\u0101cija | Pirkt","description":"Vienk\u0101r\u0161a instrukcija, k\u0101 noform\u0113t pas\u016bt\u012bjumu un ieg\u0101d\u0101ties ventil\u0101cijas apr\u012bkojumu VentMarket interneta veikal\u0101 Latvij\u0101. \u0100tra pieg\u0101de.","robots":{"index":"index","follow":"follow","max-snippet":"max-snippet:-1","max-image-preview":"max-image-preview:large","max-video-preview":"max-video-preview:-1"},"canonical":"https:\/\/ventmarket.eu\/ru\/kak-kupit-na-nashem-saite\/","og_locale":"lv_LV","og_type":"article","og_title":"K\u0101 veikt pas\u016bt\u012bjumu VentMarket m\u0101jaslap\u0101 | Ventil\u0101cija | Pirkt","og_description":"Vienk\u0101r\u0161a instrukcija, k\u0101 noform\u0113t pas\u016bt\u012bjumu un ieg\u0101d\u0101ties ventil\u0101cijas apr\u012bkojumu VentMarket interneta veikal\u0101 Latvij\u0101. \u0100tra pieg\u0101de.","og_url":"https:\/\/ventmarket.eu\/ru\/kak-kupit-na-nashem-saite\/","og_site_name":"Ventmarket","article_modified_time":"2025-12-16T04:01:26+00:00","og_image":[{"url":"https:\/\/ventmarket.eu\/wp-content\/uploads\/2024\/12\/photo_2024-07-01_17-10-03-removebg-preview.png","type":"","width":"","height":""}],"twitter_card":"summary_large_image","twitter_title":"K\u0101 ieg\u0101d\u0101ties m\u016bsu m\u0101jaslap\u0101?","twitter_misc":{"Est. reading time":"1 minute"},"schema":{"@context":"https:\/\/schema.org","@graph":[{"@type":"WebPage","@id":"https:\/\/ventmarket.eu\/ru\/kak-kupit-na-nashem-saite\/","url":"https:\/\/ventmarket.eu\/ru\/kak-kupit-na-nashem-saite\/","name":"K\u0101 veikt pas\u016bt\u012bjumu VentMarket m\u0101jaslap\u0101 | Ventil\u0101cija | Pirkt","isPartOf":{"@id":"https:\/\/ventmarket.eu\/#website"},"primaryImageOfPage":{"@id":"https:\/\/ventmarket.eu\/ru\/kak-kupit-na-nashem-saite\/#primaryimage"},"image":{"@id":"https:\/\/ventmarket.eu\/ru\/kak-kupit-na-nashem-saite\/#primaryimage"},"thumbnailUrl":"https:\/\/ventmarket.eu\/wp-content\/uploads\/2024\/12\/group-75-1-scaled.jpg","datePublished":"2025-01-24T14:59:51+00:00","dateModified":"2025-12-16T04:01:26+00:00","description":"Vienk\u0101r\u0161a instrukcija, k\u0101 noform\u0113t pas\u016bt\u012bjumu un ieg\u0101d\u0101ties ventil\u0101cijas apr\u012bkojumu VentMarket interneta veikal\u0101 Latvij\u0101. \u0100tra pieg\u0101de.","breadcrumb":{"@id":"https:\/\/ventmarket.eu\/ru\/kak-kupit-na-nashem-saite\/#breadcrumb"},"inLanguage":"lv-LV","potentialAction":[{"@type":"ReadAction","target":["https:\/\/ventmarket.eu\/ru\/kak-kupit-na-nashem-saite\/"]}]},{"@type":"ImageObject","inLanguage":"lv-LV","@id":"https:\/\/ventmarket.eu\/ru\/kak-kupit-na-nashem-saite\/#primaryimage","url":"https:\/\/ventmarket.eu\/wp-content\/uploads\/2024\/12\/group-75-1-scaled.jpg","contentUrl":"https:\/\/ventmarket.eu\/wp-content\/uploads\/2024\/12\/group-75-1-scaled.jpg"},{"@type":"BreadcrumbList","@id":"https:\/\/ventmarket.eu\/ru\/kak-kupit-na-nashem-saite\/#breadcrumb","itemListElement":[{"@type":"ListItem","position":1,"name":"\u0413\u043b\u0430\u0432\u043d\u0430\u044f \u0441\u0442\u0440\u0430\u043d\u0438\u0446\u0430","item":"https:\/\/ventmarket.eu\/"},{"@type":"ListItem","position":2,"name":"K\u0101 ieg\u0101d\u0101ties m\u016bsu m\u0101jaslap\u0101?"}]},{"@type":"WebSite","@id":"https:\/\/ventmarket.eu\/#website","url":"https:\/\/ventmarket.eu\/","name":"Ventmarket","description":"Ventmarket \u2013 Ventilatsiooniseadmete e-pood Eestis","publisher":{"@id":"https:\/\/ventmarket.eu\/#organization"},"alternateName":"Ventmarket","potentialAction":[{"@type":"SearchAction","target":{"@type":"EntryPoint","urlTemplate":"https:\/\/ventmarket.eu\/?s={search_term_string}"},"query-input":{"@type":"PropertyValueSpecification","valueRequired":true,"valueName":"search_term_string"}}],"inLanguage":"lv-LV"},{"@type":"Organization","@id":"https:\/\/ventmarket.eu\/#organization","name":"VENT SYSTEM PROJECT O\u00dc","alternateName":"Ventmarket","url":"https:\/\/ventmarket.eu\/","logo":{"@type":"ImageObject","inLanguage":"lv-LV","@id":"https:\/\/ventmarket.eu\/#\/schema\/logo\/image\/","url":"https:\/\/ventmarket.eu\/wp-content\/uploads\/2024\/12\/cropped-logo-4-1-1-1.png","contentUrl":"https:\/\/ventmarket.eu\/wp-content\/uploads\/2024\/12\/cropped-logo-4-1-1-1.png","width":321,"height":168,"caption":"VENT SYSTEM PROJECT O\u00dc"},"image":{"@id":"https:\/\/ventmarket.eu\/#\/schema\/logo\/image\/"},"description":"Ventilatsioonit\u00f6\u00f6d: projekteerimine, paigaldus Ventilatsioonilahendused teie objektile. Pakume laia valikut ventilatsiooniseadmeid ja -komponente ning ventilatsioonis\u00fcsteemide projekteerimisteenust igasuguse keerukusega objektidele. Alates 2009. aastast oleme pakkunud klientidele usaldusv\u00e4\u00e4rseid ja t\u00f5husaid lahendusi. Meie spetsialistid aitavad teil valida optimaalse seadme, koostada projekti ja pakkuda terviklikku lahendust teie kodu, kontori, kaubanduskeskuse v\u00f5i t\u00f6\u00f6stusettev\u00f5tte jaoks.","email":"sales@ventmarket.eu","telephone":"+372 5300 7799","legalName":"VENT SYSTEM PROJECT O\u00dc","foundingDate":"2009-10-21","numberOfEmployees":{"@type":"QuantitativeValue","minValue":"51","maxValue":"200"},"publishingPrinciples":"https:\/\/ventmarket.eu\/en\/privacy-policy\/","ownershipFundingInfo":"https:\/\/ventmarket.eu\/en\/privacy-policy\/","actionableFeedbackPolicy":"https:\/\/ventmarket.eu\/en\/privacy-policy\/"}]}},"_links":{"self":[{"href":"https:\/\/ventmarket.eu\/lv\/wp-json\/wp\/v2\/pages\/6847","targetHints":{"allow":["GET"]}}],"collection":[{"href":"https:\/\/ventmarket.eu\/lv\/wp-json\/wp\/v2\/pages"}],"about":[{"href":"https:\/\/ventmarket.eu\/lv\/wp-json\/wp\/v2\/types\/page"}],"author":[{"embeddable":true,"href":"https:\/\/ventmarket.eu\/lv\/wp-json\/wp\/v2\/users\/1"}],"replies":[{"embeddable":true,"href":"https:\/\/ventmarket.eu\/lv\/wp-json\/wp\/v2\/comments?post=6847"}],"version-history":[{"count":10,"href":"https:\/\/ventmarket.eu\/lv\/wp-json\/wp\/v2\/pages\/6847\/revisions"}],"predecessor-version":[{"id":6873,"href":"https:\/\/ventmarket.eu\/lv\/wp-json\/wp\/v2\/pages\/6847\/revisions\/6873"}],"wp:attachment":[{"href":"https:\/\/ventmarket.eu\/lv\/wp-json\/wp\/v2\/media?parent=6847"}],"curies":[{"name":"wp","href":"https:\/\/api.w.org\/{rel}","templated":true}]}}