{"id":6689,"date":"2024-12-10T11:25:13","date_gmt":"2024-12-10T08:25:13","guid":{"rendered":"https:\/\/ventmarket.eu\/par-mums\/"},"modified":"2025-12-15T12:13:53","modified_gmt":"2025-12-15T09:13:53","slug":"par-mums","status":"publish","type":"page","link":"https:\/\/ventmarket.eu\/lv\/par-mums\/","title":{"rendered":"Par mums"},"content":{"rendered":"\t\t<div data-elementor-type=\"wp-page\" data-elementor-id=\"6689\" class=\"elementor elementor-6689 elementor-457\" data-elementor-post-type=\"page\">\n\t\t\t\t<div class=\"elementor-element elementor-element-5153154 e-flex e-con-boxed e-con e-parent\" data-id=\"5153154\" data-element_type=\"container\">\n\t\t\t\t\t<div class=\"e-con-inner\">\n\t\t\t\t<div class=\"elementor-element elementor-element-33b9f1e elementor-widget elementor-widget-jet-breadcrumbs\" data-id=\"33b9f1e\" data-element_type=\"widget\" data-widget_type=\"jet-breadcrumbs.default\">\n\t\t\t\t<div class=\"elementor-widget-container\">\n\t\t\t<div class=\"elementor-jet-breadcrumbs jet-blocks\">\n\t\t<div class=\"jet-breadcrumbs\">\n\t\t<div class=\"jet-breadcrumbs__content\">\n\t\t<div class=\"jet-breadcrumbs__wrap\"><div class=\"jet-breadcrumbs__item\"><a href=\"https:\/\/ventmarket.eu\/lv\/\" class=\"jet-breadcrumbs__item-link is-home\" rel=\"home\" title=\"Galven\u0101 lapa\">Galven\u0101 lapa<\/a><\/div>\n\t\t<\/div>\n\t\t<\/div>\n\t\t<\/div><\/div>\t\t<\/div>\n\t\t\t\t<\/div>\n\t\t\t\t<div class=\"elementor-element elementor-element-491958b elementor-widget elementor-widget-heading\" data-id=\"491958b\" data-element_type=\"widget\" data-widget_type=\"heading.default\">\n\t\t\t\t<div class=\"elementor-widget-container\">\n\t\t\t<h1 class=\"elementor-heading-title elementor-size-default\">Par uz\u0146\u0113mumu<\/h1>\t\t<\/div>\n\t\t\t\t<\/div>\n\t\t\t\t<div class=\"elementor-element elementor-element-62257d4 elementor-widget elementor-widget-text-editor\" data-id=\"62257d4\" data-element_type=\"widget\" data-widget_type=\"text-editor.default\">\n\t\t\t\t<div class=\"elementor-widget-container\">\n\t\t\t\t\t\t\t<p>Vent System Project ir ventil\u0101cijas sist\u0113mu komponentu ra\u017eot\u0101js un pieg\u0101d\u0101t\u0101js, kas darbojas tirg\u016b kop\u0161 2009. gada. Pa\u0161u ra\u017eo\u0161ana un tie\u0161\u0101s pieg\u0101des no Eiropas ra\u017eot\u0101jiem \u013cauj pied\u0101v\u0101t kvalitat\u012bvus risin\u0101jumus par izdev\u012bg\u0101m cen\u0101m. <\/p>\n<p>M\u0113s nodro\u0161in\u0101m dz\u012bvojamos, komerci\u0101los un r\u016bpnieciskos objektus ar uzticam\u0101m ventil\u0101cijas sist\u0113m\u0101m, garant\u0113jot to efektivit\u0101ti, ilgm\u016b\u017e\u012bbu un atbilst\u012bbu m\u016bsdienu standartiem.<\/p>\n\t\t\t\t\t\t<\/div>\n\t\t\t\t<\/div>\n\t\t\t\t\t<\/div>\n\t\t\t\t<\/div>\n\t\t<div class=\"elementor-element elementor-element-53984a7 e-flex e-con-boxed e-con e-parent\" data-id=\"53984a7\" data-element_type=\"container\" data-settings=\"{&quot;background_background&quot;:&quot;classic&quot;}\">\n\t\t\t\t\t<div class=\"e-con-inner\">\n\t\t\t\t<div class=\"elementor-element elementor-element-9851fd9 elementor-widget elementor-widget-heading\" data-id=\"9851fd9\" data-element_type=\"widget\" data-widget_type=\"heading.default\">\n\t\t\t\t<div class=\"elementor-widget-container\">\n\t\t\t<h2 class=\"elementor-heading-title elementor-size-default\">M\u0113s pied\u0101v\u0101jam tirg\u016b konkur\u0113tsp\u0113j\u012bg\u0101k\u0101s cenas ventil\u0101cijas apr\u012bkojumam<\/h2>\t\t<\/div>\n\t\t\t\t<\/div>\n\t\t\t\t<div class=\"elementor-element elementor-element-ddea709 elementor-widget elementor-widget-text-editor\" data-id=\"ddea709\" data-element_type=\"widget\" data-widget_type=\"text-editor.default\">\n\t\t\t\t<div class=\"elementor-widget-container\">\n\t\t\t\t\t\t\t<ul class=\"markers\">\n<li><strong data-start=\"74\" data-end=\"111\">Tie\u0161\u0101s pieg\u0101des no ra\u017eot\u0101jiem<\/strong> \u2013 str\u0101d\u0101jam bez starpniekiem, kas \u013cauj mums pied\u0101v\u0101t konkur\u0113tsp\u0113j\u012bgas cenas un garant\u0113t augstu produkcijas kvalit\u0101ti.<\/li>\n<li><strong data-start=\"244\" data-end=\"287\">Individu\u0101la pieeja katram klientam<\/strong> \u2013 pal\u012bdzam izv\u0113l\u0113ties optim\u0101lo risin\u0101jumu j\u016bsu objektam, \u0146emot v\u0113r\u0101 bud\u017eetu un tehnisk\u0101s pras\u012bbas.<\/li>\n<\/ul>\n\t\t\t\t\t\t<\/div>\n\t\t\t\t<\/div>\n\t\t\t\t\t<\/div>\n\t\t\t\t<\/div>\n\t\t<div class=\"elementor-element elementor-element-17153b9 e-con-full e-flex e-con e-parent\" data-id=\"17153b9\" data-element_type=\"container\">\n\t\t<div class=\"elementor-element elementor-element-df6d662 e-flex e-con-boxed e-con e-child\" data-id=\"df6d662\" data-element_type=\"container\" data-settings=\"{&quot;background_background&quot;:&quot;classic&quot;}\">\n\t\t\t\t\t<div class=\"e-con-inner\">\n\t\t<div class=\"elementor-element elementor-element-1f29e7b e-con-full e-flex e-con e-child\" data-id=\"1f29e7b\" data-element_type=\"container\">\n\t\t\t\t<div class=\"elementor-element elementor-element-4c9f271 elementor-widget elementor-widget-template\" data-id=\"4c9f271\" data-element_type=\"widget\" data-widget_type=\"template.default\">\n\t\t\t\t<div class=\"elementor-widget-container\">\n\t\t\t\t\t<div class=\"elementor-template\">\n\t\t\t\t\t<div data-elementor-type=\"section\" data-elementor-id=\"6740\" class=\"elementor elementor-6740\" data-elementor-post-type=\"elementor_library\">\n\t\t\t<div class=\"elementor-element elementor-element-132a0269 e-flex e-con-boxed e-con e-parent\" data-id=\"132a0269\" data-element_type=\"container\" data-settings=\"{&quot;background_background&quot;:&quot;classic&quot;}\">\n\t\t\t\t\t<div class=\"e-con-inner\">\n\t\t<div class=\"elementor-element elementor-element-7cf310e0 e-con-full e-flex e-con e-child\" data-id=\"7cf310e0\" data-element_type=\"container\">\n\t\t<div class=\"elementor-element elementor-element-78751c8a e-con-full e-flex e-con e-child\" data-id=\"78751c8a\" data-element_type=\"container\" data-settings=\"{&quot;background_background&quot;:&quot;classic&quot;}\">\n\t\t\t\t<div class=\"elementor-element elementor-element-2ecec6ea elementor-widget-mobile__width-initial elementor-widget elementor-widget-heading\" data-id=\"2ecec6ea\" data-element_type=\"widget\" data-widget_type=\"heading.default\">\n\t\t\t\t<div class=\"elementor-widget-container\">\n\t\t\t<div class=\"elementor-heading-title elementor-size-default\">Palika jaut\u0101jumi vai nepiecie\u0161ama pal\u012bdz\u012bba? <br> Sazinieties ar mums!<\/div>\t\t<\/div>\n\t\t\t\t<\/div>\n\t\t\t\t<div class=\"elementor-element elementor-element-10e104a2 elementor-widget elementor-widget-jet-form-builder-form\" data-id=\"10e104a2\" data-element_type=\"widget\" data-widget_type=\"jet-form-builder-form.default\">\n\t\t\t\t<div class=\"elementor-widget-container\">\n\t\t\t<link rel='stylesheet' id='wp-block-library-css' href='https:\/\/ventmarket.eu\/wp-includes\/css\/dist\/block-library\/style.min.css?ver=6.9.4' media='all' \/>\n<style id=\"jet-form-builder-6750-inline-css\"><\/style><form  class=\"jet-form-builder layout-column submit-type-ajax\" action=\"https:\/\/ventmarket.eu\/lv\/wp-json\/wp\/v2\/pages\/6689\/?jet_form_builder_submit=submit&amp;method=reload\" method=\"POST\" data-form-id=\"6750\" data-layout=\"column\" enctype=\"multipart\/form-data\" data-clear=\"1\" novalidate=\"null\"><input type=\"hidden\" id=\"_wpnonce\" name=\"_wpnonce\" value=\"f38e61696d\" \/><input type=\"hidden\" name=\"_wp_http_referer\" value=\"\/lv\/wp-json\/wp\/v2\/pages\/6689\" \/>\r\n<input type=\"hidden\" name=\"_jfb_current_render_states[]\" value=\"DEFAULT.STATE\" data-jfb-sync \/><input type=\"hidden\" class=\"jet-form-builder__field hidden-field\" name=\"_jet_engine_booking_form_id\" data-field-name=\"_jet_engine_booking_form_id\" value=\"6750\">\n<input type=\"hidden\" class=\"jet-form-builder__field hidden-field\" name=\"_jet_engine_refer\" data-field-name=\"_jet_engine_refer\" value=\"https:\/\/ventmarket.eu\/lv\/wp-json\/wp\/v2\/pages\/6689\/\">\n<input type=\"hidden\" class=\"jet-form-builder__field hidden-field\" name=\"__queried_post_id\" data-field-name=\"__queried_post_id\" value=\"6689\">\n\n<input type=\"hidden\" class=\"jet-form-builder__field hidden-field\" name=\"post_id\" data-field-name=\"post_id\" data-jfb-sync=\"null\" value=\"6689\">\n\n\n\n<div  class=\"jet-form-builder-row field-type-text-field\" >\n<div class=\"jet-form-builder__field-wrap\">\n\t\t\t\t<input placeholder=\"V\u0101rds\" name=\"name2\" id=\"name2\" type=\"text\" data-field-name=\"name2\" class=\"jet-form-builder__field text-field\" data-jfb-sync=\"null\">\n\t\t\t\t\t<\/div>\n<\/div>\n\n<div  class=\"jet-form-builder-row field-type-text-field\" >\n<div class=\"jet-form-builder__field-wrap\">\n\t\t\t\t<input placeholder=\"E-mail \/ T\u0101lrunis\" name=\"phone2\" id=\"phone2\" type=\"text\" data-field-name=\"phone2\" class=\"jet-form-builder__field text-field\" data-jfb-sync=\"null\">\n\t\t\t\t\t<\/div>\n<\/div>\n\n<div  class=\"jet-form-builder-row field-type-textarea-field\" >\n<div class=\"jet-form-builder__field-wrap\">\n\t\t<textarea class=\"jet-form-builder__field textarea-field\" placeholder=\"Jaut\u0101juma teksts\" required=\"required\" name=\"message\" data-field-name=\"message\" id=\"message\" data-jfb-sync=\"null\"><\/textarea>\n\t<\/div>\n<\/div>\n\n<div  class=\"jet-form-builder-row field-type-submit-field\" >\n\t<div data-type=\"submit\" class=\"jet-form-builder__action-button-wrapper jet-form-builder__submit-wrap\">\n\t<button class=\"jet-form-builder__action-button jet-form-builder__submit submit-type-ajax\" type=\"submit\">Nos\u016bt\u012bt<\/button>\n\t<\/div>\n\t\n<\/div>\n\n\n<div class=\"jet-form-builder-row captcha-token-container\" data-validation-type=\"inherit\">\n\t<input type=\"hidden\" class=\"captcha-token\" name=\"_captcha_token\" value=\"\" data-jfb-sync required=\"required\">\n<\/div>\n\n\n\n<p><\/p>\n\t<div class=\"jet-form-builder-messages-wrap\" data-form-id=\"6750\"><\/div>\n<\/form>\n\t\t<\/div>\n\t\t\t\t<\/div>\n\t\t\t\t<\/div>\n\t\t\t\t<\/div>\n\t\t\t\t\t<\/div>\n\t\t\t\t<\/div>\n\t\t\t\t<\/div>\n\t\t\t\t<\/div>\n\t\t\t\t<\/div>\n\t\t\t\t<\/div>\n\t\t\t\t<\/div>\n\t\t<div class=\"elementor-element elementor-element-3dd40ed e-con-full e-flex e-con e-child\" data-id=\"3dd40ed\" data-element_type=\"container\">\n\t\t\t\t<div class=\"elementor-element elementor-element-507e6a4 elementor-widget elementor-widget-image\" data-id=\"507e6a4\" data-element_type=\"widget\" data-widget_type=\"image.default\">\n\t\t\t\t<div class=\"elementor-widget-container\">\n\t\t\t\t\t\t\t\t\t\t\t\t\t<img fetchpriority=\"high\" decoding=\"async\" width=\"300\" height=\"168\" src=\"https:\/\/ventmarket.eu\/wp-content\/uploads\/2025\/02\/eis.jpg\" class=\"attachment-large size-large wp-image-3461\" alt=\"eis\" \/>\t\t\t\t\t\t\t\t\t\t\t\t\t<\/div>\n\t\t\t\t<\/div>\n\t\t\t\t<div class=\"elementor-element elementor-element-5c54d46 elementor-widget elementor-widget-image\" data-id=\"5c54d46\" data-element_type=\"widget\" data-widget_type=\"image.default\">\n\t\t\t\t<div class=\"elementor-widget-container\">\n\t\t\t\t\t\t\t\t\t\t\t\t\t<img decoding=\"async\" width=\"800\" height=\"418\" src=\"https:\/\/ventmarket.eu\/wp-content\/uploads\/2025\/02\/iso9001-1024x535.jpg\" class=\"attachment-large size-large wp-image-3451\" alt=\"ISO9001\" srcset=\"https:\/\/ventmarket.eu\/wp-content\/uploads\/2025\/02\/iso9001-1024x535.jpg 1024w, https:\/\/ventmarket.eu\/wp-content\/uploads\/2025\/02\/iso9001-300x157.jpg 300w, https:\/\/ventmarket.eu\/wp-content\/uploads\/2025\/02\/iso9001-768x401.jpg 768w, https:\/\/ventmarket.eu\/wp-content\/uploads\/2025\/02\/iso9001-1536x803.jpg 1536w, https:\/\/ventmarket.eu\/wp-content\/uploads\/2025\/02\/iso9001.jpg 1726w\" sizes=\"(max-width: 800px) 100vw, 800px\" \/>\t\t\t\t\t\t\t\t\t\t\t\t\t<\/div>\n\t\t\t\t<\/div>\n\t\t\t\t<div class=\"elementor-element elementor-element-a8e1174 elementor-widget__width-initial elementor-widget elementor-widget-text-editor\" data-id=\"a8e1174\" data-element_type=\"widget\" data-widget_type=\"text-editor.default\">\n\t\t\t\t<div class=\"elementor-widget-container\">\n\t\t\t\t\t\t\t<p>Vent System Project O\u00dc kvalit\u0101tes un vides p\u0101rvald\u012bba iev\u0113ro ISO 9001 sertifik\u0101ta principus.<\/p>\n\t\t\t\t\t\t<\/div>\n\t\t\t\t<\/div>\n\t\t\t\t<\/div>\n\t\t\t\t\t<\/div>\n\t\t\t\t<\/div>\n\t\t\t\t<\/div>\n\t\t\t\t<\/div>\n\t\t","protected":false},"excerpt":{"rendered":"<p>\u0413\u043b\u0430\u0432\u043d\u0430\u044f Par uz\u0146\u0113mumu Vent System Project ir ventil\u0101cijas sist\u0113mu komponentu ra\u017eot\u0101js un pieg\u0101d\u0101t\u0101js, kas darbojas tirg\u016b kop\u0161 2009. gada. Pa\u0161u ra\u017eo\u0161ana un tie\u0161\u0101s pieg\u0101des no Eiropas ra\u017eot\u0101jiem \u013cauj pied\u0101v\u0101t kvalitat\u012bvus risin\u0101jumus par izdev\u012bg\u0101m cen\u0101m. M\u0113s nodro\u0161in\u0101m dz\u012bvojamos, komerci\u0101los un r\u016bpnieciskos objektus ar uzticam\u0101m ventil\u0101cijas sist\u0113m\u0101m, garant\u0113jot to efektivit\u0101ti, ilgm\u016b\u017e\u012bbu un atbilst\u012bbu m\u016bsdienu standartiem. M\u0113s pied\u0101v\u0101jam [&hellip;]<\/p>\n","protected":false},"author":1,"featured_media":0,"parent":0,"menu_order":0,"comment_status":"closed","ping_status":"closed","template":"elementor_header_footer","meta":{"footnotes":""},"class_list":["post-6689","page","type-page","status-publish","hentry"],"yoast_head":"<!-- This site is optimized with the Yoast SEO Premium plugin v24.7 (Yoast SEO v24.7) - https:\/\/yoast.com\/wordpress\/plugins\/seo\/ -->\n<title>Par uz\u0146\u0113mumu Ventmarket | Ventil\u0101cijas interneta veikals Latvij\u0101<\/title>\n<meta name=\"description\" content=\"Inform\u0101cija par uz\u0146\u0113mumu Ventmarket, kas specializ\u0113jas kvalitat\u012bva ventil\u0101cijas apr\u012bkojuma tirdzniec\u012bb\u0101 Igaunij\u0101. 100% garantija.\" \/>\n<meta name=\"robots\" content=\"index, follow, max-snippet:-1, max-image-preview:large, max-video-preview:-1\" \/>\n<link rel=\"canonical\" href=\"https:\/\/ventmarket.eu\/lv\/par-mums\/\" \/>\n<meta property=\"og:locale\" content=\"lv_LV\" \/>\n<meta property=\"og:type\" content=\"article\" \/>\n<meta property=\"og:title\" content=\"Par uz\u0146\u0113mumu Ventmarket | Ventil\u0101cijas interneta veikals Latvij\u0101\" \/>\n<meta property=\"og:description\" content=\"Inform\u0101cija par uz\u0146\u0113mumu Ventmarket, kas specializ\u0113jas kvalitat\u012bva ventil\u0101cijas apr\u012bkojuma tirdzniec\u012bb\u0101 Igaunij\u0101. 100% garantija.\" \/>\n<meta property=\"og:url\" content=\"https:\/\/ventmarket.eu\/lv\/par-mums\/\" \/>\n<meta property=\"og:site_name\" content=\"Ventmarket\" \/>\n<meta property=\"article:modified_time\" content=\"2025-12-15T09:13:53+00:00\" \/>\n<meta property=\"og:image\" content=\"https:\/\/ventmarket.eu\/wp-content\/uploads\/2024\/12\/photo_2024-07-01_17-10-03-removebg-preview.png\" \/>\n<meta name=\"twitter:card\" content=\"summary_large_image\" \/>\n<meta name=\"twitter:title\" content=\"Par mums\" \/>\n<script type=\"application\/ld+json\" class=\"yoast-schema-graph\">{\"@context\":\"https:\/\/schema.org\",\"@graph\":[{\"@type\":\"WebPage\",\"@id\":\"https:\/\/ventmarket.eu\/lv\/par-mums\/\",\"url\":\"https:\/\/ventmarket.eu\/lv\/par-mums\/\",\"name\":\"Par uz\u0146\u0113mumu Ventmarket | Ventil\u0101cijas interneta veikals Latvij\u0101\",\"isPartOf\":{\"@id\":\"https:\/\/ventmarket.eu\/#website\"},\"primaryImageOfPage\":{\"@id\":\"https:\/\/ventmarket.eu\/lv\/par-mums\/#primaryimage\"},\"image\":{\"@id\":\"https:\/\/ventmarket.eu\/lv\/par-mums\/#primaryimage\"},\"thumbnailUrl\":\"https:\/\/ventmarket.eu\/wp-content\/uploads\/2025\/02\/eis.jpg\",\"datePublished\":\"2024-12-10T08:25:13+00:00\",\"dateModified\":\"2025-12-15T09:13:53+00:00\",\"description\":\"Inform\u0101cija par uz\u0146\u0113mumu Ventmarket, kas specializ\u0113jas kvalitat\u012bva ventil\u0101cijas apr\u012bkojuma tirdzniec\u012bb\u0101 Igaunij\u0101. 100% garantija.\",\"breadcrumb\":{\"@id\":\"https:\/\/ventmarket.eu\/lv\/par-mums\/#breadcrumb\"},\"inLanguage\":\"lv-LV\",\"potentialAction\":[{\"@type\":\"ReadAction\",\"target\":[\"https:\/\/ventmarket.eu\/lv\/par-mums\/\"]}]},{\"@type\":\"ImageObject\",\"inLanguage\":\"lv-LV\",\"@id\":\"https:\/\/ventmarket.eu\/lv\/par-mums\/#primaryimage\",\"url\":\"https:\/\/ventmarket.eu\/wp-content\/uploads\/2025\/02\/eis.jpg\",\"contentUrl\":\"https:\/\/ventmarket.eu\/wp-content\/uploads\/2025\/02\/eis.jpg\"},{\"@type\":\"BreadcrumbList\",\"@id\":\"https:\/\/ventmarket.eu\/lv\/par-mums\/#breadcrumb\",\"itemListElement\":[{\"@type\":\"ListItem\",\"position\":1,\"name\":\"\u0413\u043b\u0430\u0432\u043d\u0430\u044f \u0441\u0442\u0440\u0430\u043d\u0438\u0446\u0430\",\"item\":\"https:\/\/ventmarket.eu\/\"},{\"@type\":\"ListItem\",\"position\":2,\"name\":\"Par mums\"}]},{\"@type\":\"WebSite\",\"@id\":\"https:\/\/ventmarket.eu\/#website\",\"url\":\"https:\/\/ventmarket.eu\/\",\"name\":\"Ventmarket\",\"description\":\"Ventmarket \u2013 Ventilatsiooniseadmete e-pood Eestis\",\"publisher\":{\"@id\":\"https:\/\/ventmarket.eu\/#organization\"},\"alternateName\":\"Ventmarket\",\"potentialAction\":[{\"@type\":\"SearchAction\",\"target\":{\"@type\":\"EntryPoint\",\"urlTemplate\":\"https:\/\/ventmarket.eu\/?s={search_term_string}\"},\"query-input\":{\"@type\":\"PropertyValueSpecification\",\"valueRequired\":true,\"valueName\":\"search_term_string\"}}],\"inLanguage\":\"lv-LV\"},{\"@type\":\"Organization\",\"@id\":\"https:\/\/ventmarket.eu\/#organization\",\"name\":\"VENT SYSTEM PROJECT O\u00dc\",\"alternateName\":\"Ventmarket\",\"url\":\"https:\/\/ventmarket.eu\/\",\"logo\":{\"@type\":\"ImageObject\",\"inLanguage\":\"lv-LV\",\"@id\":\"https:\/\/ventmarket.eu\/#\/schema\/logo\/image\/\",\"url\":\"https:\/\/ventmarket.eu\/wp-content\/uploads\/2024\/12\/cropped-logo-4-1-1-1.png\",\"contentUrl\":\"https:\/\/ventmarket.eu\/wp-content\/uploads\/2024\/12\/cropped-logo-4-1-1-1.png\",\"width\":321,\"height\":168,\"caption\":\"VENT SYSTEM PROJECT O\u00dc\"},\"image\":{\"@id\":\"https:\/\/ventmarket.eu\/#\/schema\/logo\/image\/\"},\"description\":\"Ventilatsioonit\u00f6\u00f6d: projekteerimine, paigaldus Ventilatsioonilahendused teie objektile. Pakume laia valikut ventilatsiooniseadmeid ja -komponente ning ventilatsioonis\u00fcsteemide projekteerimisteenust igasuguse keerukusega objektidele. Alates 2009. aastast oleme pakkunud klientidele usaldusv\u00e4\u00e4rseid ja t\u00f5husaid lahendusi. Meie spetsialistid aitavad teil valida optimaalse seadme, koostada projekti ja pakkuda terviklikku lahendust teie kodu, kontori, kaubanduskeskuse v\u00f5i t\u00f6\u00f6stusettev\u00f5tte jaoks.\",\"email\":\"sales@ventmarket.eu\",\"telephone\":\"+372 5300 7799\",\"legalName\":\"VENT SYSTEM PROJECT O\u00dc\",\"foundingDate\":\"2009-10-21\",\"numberOfEmployees\":{\"@type\":\"QuantitativeValue\",\"minValue\":\"51\",\"maxValue\":\"200\"},\"publishingPrinciples\":\"https:\/\/ventmarket.eu\/en\/privacy-policy\/\",\"ownershipFundingInfo\":\"https:\/\/ventmarket.eu\/en\/privacy-policy\/\",\"actionableFeedbackPolicy\":\"https:\/\/ventmarket.eu\/en\/privacy-policy\/\"}]}<\/script>\n<!-- \/ Yoast SEO Premium plugin. -->","yoast_head_json":{"title":"Par uz\u0146\u0113mumu Ventmarket | Ventil\u0101cijas interneta veikals Latvij\u0101","description":"Inform\u0101cija par uz\u0146\u0113mumu Ventmarket, kas specializ\u0113jas kvalitat\u012bva ventil\u0101cijas apr\u012bkojuma tirdzniec\u012bb\u0101 Igaunij\u0101. 100% garantija.","robots":{"index":"index","follow":"follow","max-snippet":"max-snippet:-1","max-image-preview":"max-image-preview:large","max-video-preview":"max-video-preview:-1"},"canonical":"https:\/\/ventmarket.eu\/lv\/par-mums\/","og_locale":"lv_LV","og_type":"article","og_title":"Par uz\u0146\u0113mumu Ventmarket | Ventil\u0101cijas interneta veikals Latvij\u0101","og_description":"Inform\u0101cija par uz\u0146\u0113mumu Ventmarket, kas specializ\u0113jas kvalitat\u012bva ventil\u0101cijas apr\u012bkojuma tirdzniec\u012bb\u0101 Igaunij\u0101. 100% garantija.","og_url":"https:\/\/ventmarket.eu\/lv\/par-mums\/","og_site_name":"Ventmarket","article_modified_time":"2025-12-15T09:13:53+00:00","og_image":[{"url":"https:\/\/ventmarket.eu\/wp-content\/uploads\/2024\/12\/photo_2024-07-01_17-10-03-removebg-preview.png","type":"","width":"","height":""}],"twitter_card":"summary_large_image","twitter_title":"Par mums","schema":{"@context":"https:\/\/schema.org","@graph":[{"@type":"WebPage","@id":"https:\/\/ventmarket.eu\/lv\/par-mums\/","url":"https:\/\/ventmarket.eu\/lv\/par-mums\/","name":"Par uz\u0146\u0113mumu Ventmarket | Ventil\u0101cijas interneta veikals Latvij\u0101","isPartOf":{"@id":"https:\/\/ventmarket.eu\/#website"},"primaryImageOfPage":{"@id":"https:\/\/ventmarket.eu\/lv\/par-mums\/#primaryimage"},"image":{"@id":"https:\/\/ventmarket.eu\/lv\/par-mums\/#primaryimage"},"thumbnailUrl":"https:\/\/ventmarket.eu\/wp-content\/uploads\/2025\/02\/eis.jpg","datePublished":"2024-12-10T08:25:13+00:00","dateModified":"2025-12-15T09:13:53+00:00","description":"Inform\u0101cija par uz\u0146\u0113mumu Ventmarket, kas specializ\u0113jas kvalitat\u012bva ventil\u0101cijas apr\u012bkojuma tirdzniec\u012bb\u0101 Igaunij\u0101. 100% garantija.","breadcrumb":{"@id":"https:\/\/ventmarket.eu\/lv\/par-mums\/#breadcrumb"},"inLanguage":"lv-LV","potentialAction":[{"@type":"ReadAction","target":["https:\/\/ventmarket.eu\/lv\/par-mums\/"]}]},{"@type":"ImageObject","inLanguage":"lv-LV","@id":"https:\/\/ventmarket.eu\/lv\/par-mums\/#primaryimage","url":"https:\/\/ventmarket.eu\/wp-content\/uploads\/2025\/02\/eis.jpg","contentUrl":"https:\/\/ventmarket.eu\/wp-content\/uploads\/2025\/02\/eis.jpg"},{"@type":"BreadcrumbList","@id":"https:\/\/ventmarket.eu\/lv\/par-mums\/#breadcrumb","itemListElement":[{"@type":"ListItem","position":1,"name":"\u0413\u043b\u0430\u0432\u043d\u0430\u044f \u0441\u0442\u0440\u0430\u043d\u0438\u0446\u0430","item":"https:\/\/ventmarket.eu\/"},{"@type":"ListItem","position":2,"name":"Par mums"}]},{"@type":"WebSite","@id":"https:\/\/ventmarket.eu\/#website","url":"https:\/\/ventmarket.eu\/","name":"Ventmarket","description":"Ventmarket \u2013 Ventilatsiooniseadmete e-pood Eestis","publisher":{"@id":"https:\/\/ventmarket.eu\/#organization"},"alternateName":"Ventmarket","potentialAction":[{"@type":"SearchAction","target":{"@type":"EntryPoint","urlTemplate":"https:\/\/ventmarket.eu\/?s={search_term_string}"},"query-input":{"@type":"PropertyValueSpecification","valueRequired":true,"valueName":"search_term_string"}}],"inLanguage":"lv-LV"},{"@type":"Organization","@id":"https:\/\/ventmarket.eu\/#organization","name":"VENT SYSTEM PROJECT O\u00dc","alternateName":"Ventmarket","url":"https:\/\/ventmarket.eu\/","logo":{"@type":"ImageObject","inLanguage":"lv-LV","@id":"https:\/\/ventmarket.eu\/#\/schema\/logo\/image\/","url":"https:\/\/ventmarket.eu\/wp-content\/uploads\/2024\/12\/cropped-logo-4-1-1-1.png","contentUrl":"https:\/\/ventmarket.eu\/wp-content\/uploads\/2024\/12\/cropped-logo-4-1-1-1.png","width":321,"height":168,"caption":"VENT SYSTEM PROJECT O\u00dc"},"image":{"@id":"https:\/\/ventmarket.eu\/#\/schema\/logo\/image\/"},"description":"Ventilatsioonit\u00f6\u00f6d: projekteerimine, paigaldus Ventilatsioonilahendused teie objektile. Pakume laia valikut ventilatsiooniseadmeid ja -komponente ning ventilatsioonis\u00fcsteemide projekteerimisteenust igasuguse keerukusega objektidele. Alates 2009. aastast oleme pakkunud klientidele usaldusv\u00e4\u00e4rseid ja t\u00f5husaid lahendusi. Meie spetsialistid aitavad teil valida optimaalse seadme, koostada projekti ja pakkuda terviklikku lahendust teie kodu, kontori, kaubanduskeskuse v\u00f5i t\u00f6\u00f6stusettev\u00f5tte jaoks.","email":"sales@ventmarket.eu","telephone":"+372 5300 7799","legalName":"VENT SYSTEM PROJECT O\u00dc","foundingDate":"2009-10-21","numberOfEmployees":{"@type":"QuantitativeValue","minValue":"51","maxValue":"200"},"publishingPrinciples":"https:\/\/ventmarket.eu\/en\/privacy-policy\/","ownershipFundingInfo":"https:\/\/ventmarket.eu\/en\/privacy-policy\/","actionableFeedbackPolicy":"https:\/\/ventmarket.eu\/en\/privacy-policy\/"}]}},"_links":{"self":[{"href":"https:\/\/ventmarket.eu\/lv\/wp-json\/wp\/v2\/pages\/6689","targetHints":{"allow":["GET"]}}],"collection":[{"href":"https:\/\/ventmarket.eu\/lv\/wp-json\/wp\/v2\/pages"}],"about":[{"href":"https:\/\/ventmarket.eu\/lv\/wp-json\/wp\/v2\/types\/page"}],"author":[{"embeddable":true,"href":"https:\/\/ventmarket.eu\/lv\/wp-json\/wp\/v2\/users\/1"}],"replies":[{"embeddable":true,"href":"https:\/\/ventmarket.eu\/lv\/wp-json\/wp\/v2\/comments?post=6689"}],"version-history":[{"count":5,"href":"https:\/\/ventmarket.eu\/lv\/wp-json\/wp\/v2\/pages\/6689\/revisions"}],"predecessor-version":[{"id":6771,"href":"https:\/\/ventmarket.eu\/lv\/wp-json\/wp\/v2\/pages\/6689\/revisions\/6771"}],"wp:attachment":[{"href":"https:\/\/ventmarket.eu\/lv\/wp-json\/wp\/v2\/media?parent=6689"}],"curies":[{"name":"wp","href":"https:\/\/api.w.org\/{rel}","templated":true}]}}