{"id":7078,"date":"2025-01-24T18:34:01","date_gmt":"2025-01-24T15:34:01","guid":{"rendered":"https:\/\/ventmarket.eu\/pirkejo-teise-atsisakyti-sutarties\/"},"modified":"2025-12-20T10:36:27","modified_gmt":"2025-12-20T07:36:27","slug":"pirkejo-teise-atsisakyti-sutarties","status":"publish","type":"page","link":"https:\/\/ventmarket.eu\/lt\/pirkejo-teise-atsisakyti-sutarties\/","title":{"rendered":"Pirk\u0117jo teis\u0117 atsisakyti sutarties"},"content":{"rendered":"\t\t<div data-elementor-type=\"wp-page\" data-elementor-id=\"7078\" class=\"elementor elementor-7078 elementor-918\" data-elementor-post-type=\"page\">\n\t\t\t\t<div class=\"elementor-element elementor-element-97cb683 e-con-full e-flex e-con e-parent\" data-id=\"97cb683\" data-element_type=\"container\">\n\t\t\t\t<div class=\"elementor-element elementor-element-188df65 jet-breadcrumbs-align-left elementor-hidden-mobile elementor-widget elementor-widget-jet-breadcrumbs\" data-id=\"188df65\" data-element_type=\"widget\" data-widget_type=\"jet-breadcrumbs.default\">\n\t\t\t\t<div class=\"elementor-widget-container\">\n\t\t\t<div class=\"elementor-jet-breadcrumbs jet-blocks\">\n\t\t<div class=\"jet-breadcrumbs\">\n\t\t<div class=\"jet-breadcrumbs__content\">\n\t\t<div class=\"jet-breadcrumbs__wrap\"><div class=\"jet-breadcrumbs__item\"><a href=\"https:\/\/ventmarket.eu\/lt\/\" class=\"jet-breadcrumbs__item-link is-home\" rel=\"home\" title=\"Prad\u017eia\">Prad\u017eia<\/a><\/div>\n\t\t<\/div>\n\t\t<\/div>\n\t\t<\/div><\/div>\t\t<\/div>\n\t\t\t\t<\/div>\n\t\t\t\t<\/div>\n\t\t<div class=\"elementor-element elementor-element-ff6260f e-con-full e-flex e-con e-parent\" data-id=\"ff6260f\" data-element_type=\"container\">\n\t\t<div class=\"elementor-element elementor-element-2eb6089 e-con-full e-flex e-con e-child\" data-id=\"2eb6089\" data-element_type=\"container\" data-settings=\"{&quot;background_background&quot;:&quot;classic&quot;}\">\n\t\t\t\t<div class=\"elementor-element elementor-element-32e26fc elementor-hidden-mobile elementor-widget elementor-widget-heading\" data-id=\"32e26fc\" data-element_type=\"widget\" data-widget_type=\"heading.default\">\n\t\t\t\t<div class=\"elementor-widget-container\">\n\t\t\t<h2 class=\"elementor-heading-title elementor-size-default\">Klient\u0173 aptarnavimas<\/h2>\t\t<\/div>\n\t\t\t\t<\/div>\n\t\t\t\t<div class=\"elementor-element elementor-element-7341bed jet-nav-mobile-align-flex-start jet-nav-align-flex-start elementor-widget elementor-widget-jet-nav-menu\" data-id=\"7341bed\" data-element_type=\"widget\" data-widget_type=\"jet-nav-menu.default\">\n\t\t\t\t<div class=\"elementor-widget-container\">\n\t\t\t<nav class=\"jet-nav-wrap m-layout-mobile jet-mobile-menu jet-mobile-menu--default\" data-mobile-trigger-device=\"mobile\" data-mobile-layout=\"default\">\n<div class=\"jet-nav__mobile-trigger jet-nav-mobile-trigger-align-right\">\n\t<span class=\"jet-nav__mobile-trigger-open jet-blocks-icon\"><svg aria-hidden=\"true\" class=\"e-font-icon-svg e-fas-bars\" viewBox=\"0 0 448 512\" xmlns=\"http:\/\/www.w3.org\/2000\/svg\"><path d=\"M16 132h416c8.837 0 16-7.163 16-16V76c0-8.837-7.163-16-16-16H16C7.163 60 0 67.163 0 76v40c0 8.837 7.163 16 16 16zm0 160h416c8.837 0 16-7.163 16-16v-40c0-8.837-7.163-16-16-16H16c-8.837 0-16 7.163-16 16v40c0 8.837 7.163 16 16 16zm0 160h416c8.837 0 16-7.163 16-16v-40c0-8.837-7.163-16-16-16H16c-8.837 0-16 7.163-16 16v40c0 8.837 7.163 16 16 16z\"><\/path><\/svg><\/span>\t<span class=\"jet-nav__mobile-trigger-close jet-blocks-icon\"><svg aria-hidden=\"true\" class=\"e-font-icon-svg e-fas-times\" viewBox=\"0 0 352 512\" xmlns=\"http:\/\/www.w3.org\/2000\/svg\"><path d=\"M242.72 256l100.07-100.07c12.28-12.28 12.28-32.19 0-44.48l-22.24-22.24c-12.28-12.28-32.19-12.28-44.48 0L176 189.28 75.93 89.21c-12.28-12.28-32.19-12.28-44.48 0L9.21 111.45c-12.28 12.28-12.28 32.19 0 44.48L109.28 256 9.21 356.07c-12.28 12.28-12.28 32.19 0 44.48l22.24 22.24c12.28 12.28 32.2 12.28 44.48 0L176 322.72l100.07 100.07c12.28 12.28 32.2 12.28 44.48 0l22.24-22.24c12.28-12.28 12.28-32.19 0-44.48L242.72 256z\"><\/path><\/svg><\/span><\/div><div class=\"menu-menyu-podval-container\"><div class=\"jet-nav m-layout-mobile jet-nav--vertical jet-nav--vertical-sub-right-side\"><div class=\"menu-item menu-item-type-post_type menu-item-object-page jet-nav__item-947 jet-nav__item\"><a href=\"https:\/\/ventmarket.eu\/ru\/kak-kupit-na-nashem-saite\/\" class=\"menu-item-link menu-item-link-depth-0 menu-item-link-top\"><span class=\"jet-nav-link-text\">Kaip pirkti m\u016bs\u0173 svetain\u0117je?<\/span><\/a><\/div>\n<div class=\"menu-item menu-item-type-post_type menu-item-object-page jet-nav__item-946 jet-nav__item\"><a href=\"https:\/\/ventmarket.eu\/ru\/usloviya-prodazhi\/\" class=\"menu-item-link menu-item-link-depth-0 menu-item-link-top\"><span class=\"jet-nav-link-text\">Pardavimo s\u0105lygos<\/span><\/a><\/div>\n<div class=\"menu-item menu-item-type-post_type menu-item-object-page jet-nav__item-945 jet-nav__item\"><a href=\"https:\/\/ventmarket.eu\/ru\/usloviya-dostavki\/\" class=\"menu-item-link menu-item-link-depth-0 menu-item-link-top\"><span class=\"jet-nav-link-text\">Pristatymo s\u0105lygos<\/span><\/a><\/div>\n<div class=\"menu-item menu-item-type-post_type menu-item-object-page jet-nav__item-944 jet-nav__item\"><a href=\"https:\/\/ventmarket.eu\/ru\/pravo-pokupatelya-na-otkaz-ot-dogovora\/\" class=\"menu-item-link menu-item-link-depth-0 menu-item-link-top\"><span class=\"jet-nav-link-text\">Pirk\u0117jo teis\u0117 atsisakyti sutarties<\/span><\/a><\/div>\n<\/div><\/div><\/nav>\t\t<\/div>\n\t\t\t\t<\/div>\n\t\t\t\t<\/div>\n\t\t<div class=\"elementor-element elementor-element-9d8b4bb e-con-full e-flex e-con e-child\" data-id=\"9d8b4bb\" data-element_type=\"container\">\n\t\t\t\t<div class=\"elementor-element elementor-element-29874f8 elementor-hidden-mobile elementor-widget elementor-widget-image\" data-id=\"29874f8\" data-element_type=\"widget\" data-widget_type=\"image.default\">\n\t\t\t\t<div class=\"elementor-widget-container\">\n\t\t\t\t\t\t\t\t\t\t\t\t\t<img fetchpriority=\"high\" decoding=\"async\" width=\"2560\" height=\"483\" src=\"https:\/\/ventmarket.eu\/wp-content\/uploads\/2024\/12\/group-75-1-scaled.jpg\" class=\"attachment-full size-full wp-image-593\" alt=\"\" srcset=\"https:\/\/ventmarket.eu\/wp-content\/uploads\/2024\/12\/group-75-1-scaled.jpg 2560w, https:\/\/ventmarket.eu\/wp-content\/uploads\/2024\/12\/group-75-1-300x57.jpg 300w, https:\/\/ventmarket.eu\/wp-content\/uploads\/2024\/12\/group-75-1-1024x193.jpg 1024w, https:\/\/ventmarket.eu\/wp-content\/uploads\/2024\/12\/group-75-1-768x145.jpg 768w, https:\/\/ventmarket.eu\/wp-content\/uploads\/2024\/12\/group-75-1-1536x290.jpg 1536w, https:\/\/ventmarket.eu\/wp-content\/uploads\/2024\/12\/group-75-1-2048x386.jpg 2048w\" sizes=\"(max-width: 2560px) 100vw, 2560px\" \/>\t\t\t\t\t\t\t\t\t\t\t\t\t<\/div>\n\t\t\t\t<\/div>\n\t\t\t\t<div class=\"elementor-element elementor-element-e2ddcea elementor-widget elementor-widget-heading\" data-id=\"e2ddcea\" data-element_type=\"widget\" data-widget_type=\"heading.default\">\n\t\t\t\t<div class=\"elementor-widget-container\">\n\t\t\t<h1 class=\"elementor-heading-title elementor-size-default\">Pirk\u0117jo teis\u0117 atsisakyti sutarties ir preki\u0173 gr\u0105\u017einimo s\u0105lygos (B2B ir B2C), Lietuva<\/h1>\t\t<\/div>\n\t\t\t\t<\/div>\n\t\t\t\t<div class=\"elementor-element elementor-element-3bbeade elementor-widget elementor-widget-text-editor\" data-id=\"3bbeade\" data-element_type=\"widget\" data-widget_type=\"text-editor.default\">\n\t\t\t\t<div class=\"elementor-widget-container\">\n\t\t\t\t\t\t\t<p data-start=\"1757\" data-end=\"1913\">Pardav\u0117jas: <strong data-start=\"1769\" data-end=\"1795\">VENT SYSTEM PROJECT O\u00dc<\/strong><br data-start=\"1795\" data-end=\"1798\" \/>Sand\u0117lis\/gamyba: <strong data-start=\"1815\" data-end=\"1862\">Oru tn 4, 20203 Narva, Ida-Virumaa, Estonia<\/strong><br data-start=\"1862\" data-end=\"1865\" \/>Klausimai d\u0117l gr\u0105\u017einimo: <strong data-start=\"1890\" data-end=\"1913\"><a class=\"decorated-link cursor-pointer\" rel=\"noopener\" data-start=\"1892\" data-end=\"1911\">sales@ventmarket.eu<\/a><\/strong><\/p><h3 data-start=\"1915\" data-end=\"1983\">B2B (juridiniai asmenys \/ individuali\u0105 veikl\u0105 vykdantys asmenys)<\/h3><ul><li data-start=\"1984\" data-end=\"2126\">U\u017esakymai vykdomi pagal s\u0105skait\u0105 fakt\u016br\u0105 \/ sutart\u012f ir suderintas s\u0105lygas. <strong data-start=\"2058\" data-end=\"2126\">\u201e14 dien\u0173 atsisakymas be prie\u017easties\u201c B2B u\u017esakymams netaikomas.<\/strong><\/li><li data-start=\"1984\" data-end=\"2126\">Sand\u0117lio preki\u0173 gr\u0105\u017einimas galimas <strong data-start=\"2163\" data-end=\"2190\">tik i\u0161 anksto suderinus<\/strong>, jei prek\u0117 nebuvo naudota, n\u0117ra montavimo po\u017eymi\u0173, gr\u0105\u017einama pilnos komplektacijos ir originalioje pakuot\u0117je.<\/li><li data-start=\"1984\" data-end=\"2126\">Pagal u\u017esakym\u0105 \/ pagal individualius parametrus pagamintos prek\u0117s po u\u017esakymo patvirtinimo <strong data-start=\"2393\" data-end=\"2426\">neat\u0161aukiamos ir negr\u0105\u017einamos<\/strong>.<\/li><li data-start=\"1984\" data-end=\"2126\">D\u0117l broko \/ pa\u017eeidim\u0173 \/ neteisingos komplektacijos ra\u0161ykite <strong data-start=\"2489\" data-end=\"2512\"><a class=\"decorated-link cursor-pointer\" rel=\"noopener\" data-start=\"2491\" data-end=\"2510\">sales@ventmarket.eu<\/a><\/strong>, nurodykite u\u017esakymo numer\u012f ir prid\u0117kite nuotraukas \/ vaizdo \u012fra\u0161\u0105.<\/li><\/ul><h3 data-start=\"2582\" data-end=\"2611\">B2C (pirk\u0117jai\u2013vartotojai)<\/h3><ul><li data-start=\"2612\" data-end=\"2715\">J\u016bs galite atsisakyti nuotolin\u0117s pirkimo\u2013pardavimo sutarties per <strong data-start=\"2677\" data-end=\"2689\">14 dien\u0173<\/strong> nuo prek\u0117s gavimo dienos.<\/li><li data-start=\"2612\" data-end=\"2715\">Nor\u0117dami atsisakyti, i\u0161si\u0173skite prane\u0161im\u0105 el. pa\u0161tu <strong data-start=\"2769\" data-end=\"2792\"><a class=\"decorated-link cursor-pointer\" rel=\"noopener\" data-start=\"2771\" data-end=\"2790\">sales@ventmarket.eu<\/a><\/strong> ir vadovaukit\u0117s gr\u0105\u017einimo instrukcijomis.<\/li><li data-start=\"2612\" data-end=\"2715\">Individualiai pagamintos prek\u0117s (pagal u\u017esakym\u0105 \/ pagal kliento specifikacijas) <strong data-start=\"2916\" data-end=\"2932\">negr\u0105\u017einamos<\/strong>.<\/li><li data-start=\"2612\" data-end=\"2715\">Pinigai gr\u0105\u017einami per <strong data-start=\"2957\" data-end=\"2969\">14 dien\u0173<\/strong> nuo prane\u0161imo gavimo; gr\u0105\u017einimas gali b\u016bti sulaikytas, kol prek\u0117 bus gr\u0105\u017einta arba pateiktas i\u0161siuntimo \u012frodymas.<\/li><\/ul>\t\t\t\t\t\t<\/div>\n\t\t\t\t<\/div>\n\t\t\t\t<div class=\"elementor-element elementor-element-7e8b7f4 elementor-widget elementor-widget-html\" data-id=\"7e8b7f4\" data-element_type=\"widget\" data-widget_type=\"html.default\">\n\t\t\t\t<div class=\"elementor-widget-container\">\n\t\t\t<style>h1.entry-title {\n    display: none;\n}\n<\/style>\t\t<\/div>\n\t\t\t\t<\/div>\n\t\t\t\t<\/div>\n\t\t\t\t<\/div>\n\t\t\t\t<\/div>\n\t\t","protected":false},"excerpt":{"rendered":"<p>\u0413\u043b\u0430\u0432\u043d\u0430\u044f Klient\u0173 aptarnavimas \u041a\u0430\u043a \u043a\u0443\u043f\u0438\u0442\u044c \u043d\u0430 \u043d\u0430\u0448\u0435\u043c \u0441\u0430\u0439\u0442\u0435? \u0423\u0441\u043b\u043e\u0432\u0438\u044f \u043f\u0440\u043e\u0434\u0430\u0436\u0438 \u0423\u0441\u043b\u043e\u0432\u0438\u044f \u0434\u043e\u0441\u0442\u0430\u0432\u043a\u0438 \u041f\u0440\u0430\u0432\u043e \u043f\u043e\u043a\u0443\u043f\u0430\u0442\u0435\u043b\u044f \u043d\u0430 \u043e\u0442\u043a\u0430\u0437 \u043e\u0442 \u0434\u043e\u0433\u043e\u0432\u043e\u0440\u0430 Pirk\u0117jo teis\u0117 atsisakyti sutarties ir preki\u0173 gr\u0105\u017einimo s\u0105lygos (B2B ir B2C), Lietuva Pardav\u0117jas: VENT SYSTEM PROJECT O\u00dcSand\u0117lis\/gamyba: Oru tn 4, 20203 Narva, Ida-Virumaa, EstoniaKlausimai d\u0117l gr\u0105\u017einimo: sales@ventmarket.eu B2B (juridiniai asmenys \/ individuali\u0105 veikl\u0105 vykdantys asmenys) U\u017esakymai vykdomi [&hellip;]<\/p>\n","protected":false},"author":1,"featured_media":0,"parent":0,"menu_order":0,"comment_status":"closed","ping_status":"closed","template":"elementor_header_footer","meta":{"footnotes":""},"class_list":["post-7078","page","type-page","status-publish","hentry"],"yoast_head":"<!-- This site is optimized with the Yoast SEO Premium plugin v24.7 (Yoast SEO v24.7) - https:\/\/yoast.com\/wordpress\/plugins\/seo\/ -->\n<title>Gr\u0105\u017einimo s\u0105lygos ir sutarties atsisakymas | Ventmarket<\/title>\n<meta name=\"description\" content=\"Su\u017einokite apie preki\u0173 gr\u0105\u017einimo s\u0105lygas ir pirk\u0117jo teis\u0119 atsisakyti sutarties \u201eVentmarket\u201c v\u0117dinimo internetin\u0117je parduotuv\u0117je.\" \/>\n<meta name=\"robots\" content=\"index, follow, max-snippet:-1, max-image-preview:large, max-video-preview:-1\" \/>\n<link rel=\"canonical\" href=\"https:\/\/ventmarket.eu\/ru\/pravo-pokupatelya-na-otkaz-ot-dogovora\/\" \/>\n<meta property=\"og:locale\" content=\"lt_LT\" \/>\n<meta property=\"og:type\" content=\"article\" \/>\n<meta property=\"og:title\" content=\"Gr\u0105\u017einimo s\u0105lygos ir sutarties atsisakymas | Ventmarket\" \/>\n<meta property=\"og:description\" content=\"Su\u017einokite apie preki\u0173 gr\u0105\u017einimo s\u0105lygas ir pirk\u0117jo teis\u0119 atsisakyti sutarties \u201eVentmarket\u201c v\u0117dinimo internetin\u0117je parduotuv\u0117je.\" \/>\n<meta property=\"og:url\" content=\"https:\/\/ventmarket.eu\/ru\/pravo-pokupatelya-na-otkaz-ot-dogovora\/\" \/>\n<meta property=\"og:site_name\" content=\"Ventmarket\" \/>\n<meta property=\"article:modified_time\" content=\"2025-12-20T07:36:27+00:00\" \/>\n<meta property=\"og:image\" content=\"https:\/\/ventmarket.eu\/wp-content\/uploads\/2024\/12\/Group-39.svg\" \/>\n<meta name=\"twitter:card\" content=\"summary_large_image\" \/>\n<meta name=\"twitter:title\" content=\"Pirk\u0117jo teis\u0117 atsisakyti sutarties\" \/>\n<meta name=\"twitter:label1\" content=\"Est. reading time\" \/>\n\t<meta name=\"twitter:data1\" content=\"2 minut\u0117s\" \/>\n<script type=\"application\/ld+json\" class=\"yoast-schema-graph\">{\"@context\":\"https:\/\/schema.org\",\"@graph\":[{\"@type\":\"WebPage\",\"@id\":\"https:\/\/ventmarket.eu\/ru\/pravo-pokupatelya-na-otkaz-ot-dogovora\/\",\"url\":\"https:\/\/ventmarket.eu\/ru\/pravo-pokupatelya-na-otkaz-ot-dogovora\/\",\"name\":\"Gr\u0105\u017einimo s\u0105lygos ir sutarties atsisakymas | Ventmarket\",\"isPartOf\":{\"@id\":\"https:\/\/ventmarket.eu\/#website\"},\"primaryImageOfPage\":{\"@id\":\"https:\/\/ventmarket.eu\/ru\/pravo-pokupatelya-na-otkaz-ot-dogovora\/#primaryimage\"},\"image\":{\"@id\":\"https:\/\/ventmarket.eu\/ru\/pravo-pokupatelya-na-otkaz-ot-dogovora\/#primaryimage\"},\"thumbnailUrl\":\"https:\/\/ventmarket.eu\/wp-content\/uploads\/2024\/12\/group-75-1-scaled.jpg\",\"datePublished\":\"2025-01-24T15:34:01+00:00\",\"dateModified\":\"2025-12-20T07:36:27+00:00\",\"description\":\"Su\u017einokite apie preki\u0173 gr\u0105\u017einimo s\u0105lygas ir pirk\u0117jo teis\u0119 atsisakyti sutarties \u201eVentmarket\u201c v\u0117dinimo internetin\u0117je parduotuv\u0117je.\",\"breadcrumb\":{\"@id\":\"https:\/\/ventmarket.eu\/ru\/pravo-pokupatelya-na-otkaz-ot-dogovora\/#breadcrumb\"},\"inLanguage\":\"lt-LT\",\"potentialAction\":[{\"@type\":\"ReadAction\",\"target\":[\"https:\/\/ventmarket.eu\/ru\/pravo-pokupatelya-na-otkaz-ot-dogovora\/\"]}]},{\"@type\":\"ImageObject\",\"inLanguage\":\"lt-LT\",\"@id\":\"https:\/\/ventmarket.eu\/ru\/pravo-pokupatelya-na-otkaz-ot-dogovora\/#primaryimage\",\"url\":\"https:\/\/ventmarket.eu\/wp-content\/uploads\/2024\/12\/group-75-1-scaled.jpg\",\"contentUrl\":\"https:\/\/ventmarket.eu\/wp-content\/uploads\/2024\/12\/group-75-1-scaled.jpg\"},{\"@type\":\"BreadcrumbList\",\"@id\":\"https:\/\/ventmarket.eu\/ru\/pravo-pokupatelya-na-otkaz-ot-dogovora\/#breadcrumb\",\"itemListElement\":[{\"@type\":\"ListItem\",\"position\":1,\"name\":\"\u0413\u043b\u0430\u0432\u043d\u0430\u044f \u0441\u0442\u0440\u0430\u043d\u0438\u0446\u0430\",\"item\":\"https:\/\/ventmarket.eu\/ru\/\"},{\"@type\":\"ListItem\",\"position\":2,\"name\":\"Pirk\u0117jo teis\u0117 atsisakyti sutarties\"}]},{\"@type\":\"WebSite\",\"@id\":\"https:\/\/ventmarket.eu\/#website\",\"url\":\"https:\/\/ventmarket.eu\/\",\"name\":\"Ventmarket\",\"description\":\"Ventmarket \u2013 Ventilatsiooniseadmete e-pood Eestis\",\"publisher\":{\"@id\":\"https:\/\/ventmarket.eu\/#organization\"},\"alternateName\":\"Ventmarket\",\"potentialAction\":[{\"@type\":\"SearchAction\",\"target\":{\"@type\":\"EntryPoint\",\"urlTemplate\":\"https:\/\/ventmarket.eu\/?s={search_term_string}\"},\"query-input\":{\"@type\":\"PropertyValueSpecification\",\"valueRequired\":true,\"valueName\":\"search_term_string\"}}],\"inLanguage\":\"lt-LT\"},{\"@type\":\"Organization\",\"@id\":\"https:\/\/ventmarket.eu\/#organization\",\"name\":\"VENT SYSTEM PROJECT O\u00dc\",\"alternateName\":\"Ventmarket\",\"url\":\"https:\/\/ventmarket.eu\/\",\"logo\":{\"@type\":\"ImageObject\",\"inLanguage\":\"lt-LT\",\"@id\":\"https:\/\/ventmarket.eu\/#\/schema\/logo\/image\/\",\"url\":\"https:\/\/ventmarket.eu\/wp-content\/uploads\/2024\/12\/cropped-logo-4-1-1-1.png\",\"contentUrl\":\"https:\/\/ventmarket.eu\/wp-content\/uploads\/2024\/12\/cropped-logo-4-1-1-1.png\",\"width\":321,\"height\":168,\"caption\":\"VENT SYSTEM PROJECT O\u00dc\"},\"image\":{\"@id\":\"https:\/\/ventmarket.eu\/#\/schema\/logo\/image\/\"},\"description\":\"Ventilatsioonit\u00f6\u00f6d: projekteerimine, paigaldus Ventilatsioonilahendused teie objektile. Pakume laia valikut ventilatsiooniseadmeid ja -komponente ning ventilatsioonis\u00fcsteemide projekteerimisteenust igasuguse keerukusega objektidele. Alates 2009. aastast oleme pakkunud klientidele usaldusv\u00e4\u00e4rseid ja t\u00f5husaid lahendusi. Meie spetsialistid aitavad teil valida optimaalse seadme, koostada projekti ja pakkuda terviklikku lahendust teie kodu, kontori, kaubanduskeskuse v\u00f5i t\u00f6\u00f6stusettev\u00f5tte jaoks.\",\"email\":\"sales@ventmarket.eu\",\"telephone\":\"+372 5300 7799\",\"legalName\":\"VENT SYSTEM PROJECT O\u00dc\",\"foundingDate\":\"2009-10-21\",\"numberOfEmployees\":{\"@type\":\"QuantitativeValue\",\"minValue\":\"51\",\"maxValue\":\"200\"},\"publishingPrinciples\":\"https:\/\/ventmarket.eu\/en\/privacy-policy\/\",\"ownershipFundingInfo\":\"https:\/\/ventmarket.eu\/en\/privacy-policy\/\",\"actionableFeedbackPolicy\":\"https:\/\/ventmarket.eu\/en\/privacy-policy\/\"}]}<\/script>\n<!-- \/ Yoast SEO Premium plugin. -->","yoast_head_json":{"title":"Gr\u0105\u017einimo s\u0105lygos ir sutarties atsisakymas | Ventmarket","description":"Su\u017einokite apie preki\u0173 gr\u0105\u017einimo s\u0105lygas ir pirk\u0117jo teis\u0119 atsisakyti sutarties \u201eVentmarket\u201c v\u0117dinimo internetin\u0117je parduotuv\u0117je.","robots":{"index":"index","follow":"follow","max-snippet":"max-snippet:-1","max-image-preview":"max-image-preview:large","max-video-preview":"max-video-preview:-1"},"canonical":"https:\/\/ventmarket.eu\/ru\/pravo-pokupatelya-na-otkaz-ot-dogovora\/","og_locale":"lt_LT","og_type":"article","og_title":"Gr\u0105\u017einimo s\u0105lygos ir sutarties atsisakymas | Ventmarket","og_description":"Su\u017einokite apie preki\u0173 gr\u0105\u017einimo s\u0105lygas ir pirk\u0117jo teis\u0119 atsisakyti sutarties \u201eVentmarket\u201c v\u0117dinimo internetin\u0117je parduotuv\u0117je.","og_url":"https:\/\/ventmarket.eu\/ru\/pravo-pokupatelya-na-otkaz-ot-dogovora\/","og_site_name":"Ventmarket","article_modified_time":"2025-12-20T07:36:27+00:00","og_image":[{"url":"https:\/\/ventmarket.eu\/wp-content\/uploads\/2024\/12\/Group-39.svg","type":"","width":"","height":""}],"twitter_card":"summary_large_image","twitter_title":"Pirk\u0117jo teis\u0117 atsisakyti sutarties","twitter_misc":{"Est. reading time":"2 minut\u0117s"},"schema":{"@context":"https:\/\/schema.org","@graph":[{"@type":"WebPage","@id":"https:\/\/ventmarket.eu\/ru\/pravo-pokupatelya-na-otkaz-ot-dogovora\/","url":"https:\/\/ventmarket.eu\/ru\/pravo-pokupatelya-na-otkaz-ot-dogovora\/","name":"Gr\u0105\u017einimo s\u0105lygos ir sutarties atsisakymas | Ventmarket","isPartOf":{"@id":"https:\/\/ventmarket.eu\/#website"},"primaryImageOfPage":{"@id":"https:\/\/ventmarket.eu\/ru\/pravo-pokupatelya-na-otkaz-ot-dogovora\/#primaryimage"},"image":{"@id":"https:\/\/ventmarket.eu\/ru\/pravo-pokupatelya-na-otkaz-ot-dogovora\/#primaryimage"},"thumbnailUrl":"https:\/\/ventmarket.eu\/wp-content\/uploads\/2024\/12\/group-75-1-scaled.jpg","datePublished":"2025-01-24T15:34:01+00:00","dateModified":"2025-12-20T07:36:27+00:00","description":"Su\u017einokite apie preki\u0173 gr\u0105\u017einimo s\u0105lygas ir pirk\u0117jo teis\u0119 atsisakyti sutarties \u201eVentmarket\u201c v\u0117dinimo internetin\u0117je parduotuv\u0117je.","breadcrumb":{"@id":"https:\/\/ventmarket.eu\/ru\/pravo-pokupatelya-na-otkaz-ot-dogovora\/#breadcrumb"},"inLanguage":"lt-LT","potentialAction":[{"@type":"ReadAction","target":["https:\/\/ventmarket.eu\/ru\/pravo-pokupatelya-na-otkaz-ot-dogovora\/"]}]},{"@type":"ImageObject","inLanguage":"lt-LT","@id":"https:\/\/ventmarket.eu\/ru\/pravo-pokupatelya-na-otkaz-ot-dogovora\/#primaryimage","url":"https:\/\/ventmarket.eu\/wp-content\/uploads\/2024\/12\/group-75-1-scaled.jpg","contentUrl":"https:\/\/ventmarket.eu\/wp-content\/uploads\/2024\/12\/group-75-1-scaled.jpg"},{"@type":"BreadcrumbList","@id":"https:\/\/ventmarket.eu\/ru\/pravo-pokupatelya-na-otkaz-ot-dogovora\/#breadcrumb","itemListElement":[{"@type":"ListItem","position":1,"name":"\u0413\u043b\u0430\u0432\u043d\u0430\u044f \u0441\u0442\u0440\u0430\u043d\u0438\u0446\u0430","item":"https:\/\/ventmarket.eu\/ru\/"},{"@type":"ListItem","position":2,"name":"Pirk\u0117jo teis\u0117 atsisakyti sutarties"}]},{"@type":"WebSite","@id":"https:\/\/ventmarket.eu\/#website","url":"https:\/\/ventmarket.eu\/","name":"Ventmarket","description":"Ventmarket \u2013 Ventilatsiooniseadmete e-pood Eestis","publisher":{"@id":"https:\/\/ventmarket.eu\/#organization"},"alternateName":"Ventmarket","potentialAction":[{"@type":"SearchAction","target":{"@type":"EntryPoint","urlTemplate":"https:\/\/ventmarket.eu\/?s={search_term_string}"},"query-input":{"@type":"PropertyValueSpecification","valueRequired":true,"valueName":"search_term_string"}}],"inLanguage":"lt-LT"},{"@type":"Organization","@id":"https:\/\/ventmarket.eu\/#organization","name":"VENT SYSTEM PROJECT O\u00dc","alternateName":"Ventmarket","url":"https:\/\/ventmarket.eu\/","logo":{"@type":"ImageObject","inLanguage":"lt-LT","@id":"https:\/\/ventmarket.eu\/#\/schema\/logo\/image\/","url":"https:\/\/ventmarket.eu\/wp-content\/uploads\/2024\/12\/cropped-logo-4-1-1-1.png","contentUrl":"https:\/\/ventmarket.eu\/wp-content\/uploads\/2024\/12\/cropped-logo-4-1-1-1.png","width":321,"height":168,"caption":"VENT SYSTEM PROJECT O\u00dc"},"image":{"@id":"https:\/\/ventmarket.eu\/#\/schema\/logo\/image\/"},"description":"Ventilatsioonit\u00f6\u00f6d: projekteerimine, paigaldus Ventilatsioonilahendused teie objektile. Pakume laia valikut ventilatsiooniseadmeid ja -komponente ning ventilatsioonis\u00fcsteemide projekteerimisteenust igasuguse keerukusega objektidele. Alates 2009. aastast oleme pakkunud klientidele usaldusv\u00e4\u00e4rseid ja t\u00f5husaid lahendusi. Meie spetsialistid aitavad teil valida optimaalse seadme, koostada projekti ja pakkuda terviklikku lahendust teie kodu, kontori, kaubanduskeskuse v\u00f5i t\u00f6\u00f6stusettev\u00f5tte jaoks.","email":"sales@ventmarket.eu","telephone":"+372 5300 7799","legalName":"VENT SYSTEM PROJECT O\u00dc","foundingDate":"2009-10-21","numberOfEmployees":{"@type":"QuantitativeValue","minValue":"51","maxValue":"200"},"publishingPrinciples":"https:\/\/ventmarket.eu\/en\/privacy-policy\/","ownershipFundingInfo":"https:\/\/ventmarket.eu\/en\/privacy-policy\/","actionableFeedbackPolicy":"https:\/\/ventmarket.eu\/en\/privacy-policy\/"}]}},"_links":{"self":[{"href":"https:\/\/ventmarket.eu\/lt\/wp-json\/wp\/v2\/pages\/7078","targetHints":{"allow":["GET"]}}],"collection":[{"href":"https:\/\/ventmarket.eu\/lt\/wp-json\/wp\/v2\/pages"}],"about":[{"href":"https:\/\/ventmarket.eu\/lt\/wp-json\/wp\/v2\/types\/page"}],"author":[{"embeddable":true,"href":"https:\/\/ventmarket.eu\/lt\/wp-json\/wp\/v2\/users\/1"}],"replies":[{"embeddable":true,"href":"https:\/\/ventmarket.eu\/lt\/wp-json\/wp\/v2\/comments?post=7078"}],"version-history":[{"count":12,"href":"https:\/\/ventmarket.eu\/lt\/wp-json\/wp\/v2\/pages\/7078\/revisions"}],"predecessor-version":[{"id":7118,"href":"https:\/\/ventmarket.eu\/lt\/wp-json\/wp\/v2\/pages\/7078\/revisions\/7118"}],"wp:attachment":[{"href":"https:\/\/ventmarket.eu\/lt\/wp-json\/wp\/v2\/media?parent=7078"}],"curies":[{"name":"wp","href":"https:\/\/api.w.org\/{rel}","templated":true}]}}