{"id":7073,"date":"2025-01-24T18:24:47","date_gmt":"2025-01-24T15:24:47","guid":{"rendered":"https:\/\/ventmarket.eu\/pardavimo-salygos\/"},"modified":"2025-12-20T08:54:55","modified_gmt":"2025-12-20T05:54:55","slug":"pardavimo-salygos","status":"publish","type":"page","link":"https:\/\/ventmarket.eu\/lt\/pardavimo-salygos\/","title":{"rendered":"Pardavimo s\u0105lygos"},"content":{"rendered":"\t\t<div data-elementor-type=\"wp-page\" data-elementor-id=\"7073\" class=\"elementor elementor-7073 elementor-905\" data-elementor-post-type=\"page\">\n\t\t\t\t<div class=\"elementor-element elementor-element-556f684 e-con-full e-flex e-con e-parent\" data-id=\"556f684\" data-element_type=\"container\">\n\t\t\t\t<div class=\"elementor-element elementor-element-1944183 jet-breadcrumbs-align-left elementor-hidden-mobile elementor-widget elementor-widget-jet-breadcrumbs\" data-id=\"1944183\" data-element_type=\"widget\" data-widget_type=\"jet-breadcrumbs.default\">\n\t\t\t\t<div class=\"elementor-widget-container\">\n\t\t\t<div class=\"elementor-jet-breadcrumbs jet-blocks\">\n\t\t<div class=\"jet-breadcrumbs\">\n\t\t<div class=\"jet-breadcrumbs__content\">\n\t\t<div class=\"jet-breadcrumbs__wrap\"><div class=\"jet-breadcrumbs__item\"><a href=\"https:\/\/ventmarket.eu\/lt\/\" class=\"jet-breadcrumbs__item-link is-home\" rel=\"home\" title=\"Prad\u017eia\">Prad\u017eia<\/a><\/div>\n\t\t<\/div>\n\t\t<\/div>\n\t\t<\/div><\/div>\t\t<\/div>\n\t\t\t\t<\/div>\n\t\t\t\t<\/div>\n\t\t<div class=\"elementor-element elementor-element-56cdafa e-con-full e-flex e-con e-parent\" data-id=\"56cdafa\" data-element_type=\"container\">\n\t\t<div class=\"elementor-element elementor-element-c8c0e40 e-con-full e-flex e-con e-child\" data-id=\"c8c0e40\" data-element_type=\"container\" data-settings=\"{&quot;background_background&quot;:&quot;classic&quot;}\">\n\t\t\t\t<div class=\"elementor-element elementor-element-8670263 elementor-hidden-mobile elementor-widget elementor-widget-heading\" data-id=\"8670263\" data-element_type=\"widget\" data-widget_type=\"heading.default\">\n\t\t\t\t<div class=\"elementor-widget-container\">\n\t\t\t<h2 class=\"elementor-heading-title elementor-size-default\">Klient\u0173 aptarnavimas<\/h2>\t\t<\/div>\n\t\t\t\t<\/div>\n\t\t\t\t<div class=\"elementor-element elementor-element-c14a2b1 jet-nav-mobile-align-flex-start jet-nav-align-flex-start elementor-widget elementor-widget-jet-nav-menu\" data-id=\"c14a2b1\" data-element_type=\"widget\" data-widget_type=\"jet-nav-menu.default\">\n\t\t\t\t<div class=\"elementor-widget-container\">\n\t\t\t<nav class=\"jet-nav-wrap m-layout-mobile jet-mobile-menu jet-mobile-menu--default\" data-mobile-trigger-device=\"mobile\" data-mobile-layout=\"default\">\n<div class=\"jet-nav__mobile-trigger jet-nav-mobile-trigger-align-right\">\n\t<span class=\"jet-nav__mobile-trigger-open jet-blocks-icon\"><svg aria-hidden=\"true\" class=\"e-font-icon-svg e-fas-bars\" viewBox=\"0 0 448 512\" xmlns=\"http:\/\/www.w3.org\/2000\/svg\"><path d=\"M16 132h416c8.837 0 16-7.163 16-16V76c0-8.837-7.163-16-16-16H16C7.163 60 0 67.163 0 76v40c0 8.837 7.163 16 16 16zm0 160h416c8.837 0 16-7.163 16-16v-40c0-8.837-7.163-16-16-16H16c-8.837 0-16 7.163-16 16v40c0 8.837 7.163 16 16 16zm0 160h416c8.837 0 16-7.163 16-16v-40c0-8.837-7.163-16-16-16H16c-8.837 0-16 7.163-16 16v40c0 8.837 7.163 16 16 16z\"><\/path><\/svg><\/span>\t<span class=\"jet-nav__mobile-trigger-close jet-blocks-icon\"><svg aria-hidden=\"true\" class=\"e-font-icon-svg e-fas-times\" viewBox=\"0 0 352 512\" xmlns=\"http:\/\/www.w3.org\/2000\/svg\"><path d=\"M242.72 256l100.07-100.07c12.28-12.28 12.28-32.19 0-44.48l-22.24-22.24c-12.28-12.28-32.19-12.28-44.48 0L176 189.28 75.93 89.21c-12.28-12.28-32.19-12.28-44.48 0L9.21 111.45c-12.28 12.28-12.28 32.19 0 44.48L109.28 256 9.21 356.07c-12.28 12.28-12.28 32.19 0 44.48l22.24 22.24c12.28 12.28 32.2 12.28 44.48 0L176 322.72l100.07 100.07c12.28 12.28 32.2 12.28 44.48 0l22.24-22.24c12.28-12.28 12.28-32.19 0-44.48L242.72 256z\"><\/path><\/svg><\/span><\/div><div class=\"menu-menyu-podval-container\"><div class=\"jet-nav m-layout-mobile jet-nav--vertical jet-nav--vertical-sub-right-side\"><div class=\"menu-item menu-item-type-post_type menu-item-object-page jet-nav__item-947 jet-nav__item\"><a href=\"https:\/\/ventmarket.eu\/ru\/kak-kupit-na-nashem-saite\/\" class=\"menu-item-link menu-item-link-depth-0 menu-item-link-top\"><span class=\"jet-nav-link-text\">Kaip pirkti m\u016bs\u0173 svetain\u0117je?<\/span><\/a><\/div>\n<div class=\"menu-item menu-item-type-post_type menu-item-object-page jet-nav__item-946 jet-nav__item\"><a href=\"https:\/\/ventmarket.eu\/ru\/usloviya-prodazhi\/\" class=\"menu-item-link menu-item-link-depth-0 menu-item-link-top\"><span class=\"jet-nav-link-text\">Pardavimo s\u0105lygos<\/span><\/a><\/div>\n<div class=\"menu-item menu-item-type-post_type menu-item-object-page jet-nav__item-945 jet-nav__item\"><a href=\"https:\/\/ventmarket.eu\/ru\/usloviya-dostavki\/\" class=\"menu-item-link menu-item-link-depth-0 menu-item-link-top\"><span class=\"jet-nav-link-text\">Pristatymo s\u0105lygos<\/span><\/a><\/div>\n<div class=\"menu-item menu-item-type-post_type menu-item-object-page jet-nav__item-944 jet-nav__item\"><a href=\"https:\/\/ventmarket.eu\/ru\/pravo-pokupatelya-na-otkaz-ot-dogovora\/\" class=\"menu-item-link menu-item-link-depth-0 menu-item-link-top\"><span class=\"jet-nav-link-text\">Pirk\u0117jo teis\u0117 atsisakyti sutarties<\/span><\/a><\/div>\n<\/div><\/div><\/nav>\t\t<\/div>\n\t\t\t\t<\/div>\n\t\t\t\t<\/div>\n\t\t<div class=\"elementor-element elementor-element-81f8e78 e-con-full e-flex e-con e-child\" data-id=\"81f8e78\" data-element_type=\"container\">\n\t\t\t\t<div class=\"elementor-element elementor-element-89c30d9 elementor-hidden-mobile elementor-widget elementor-widget-image\" data-id=\"89c30d9\" data-element_type=\"widget\" data-widget_type=\"image.default\">\n\t\t\t\t<div class=\"elementor-widget-container\">\n\t\t\t\t\t\t\t\t\t\t\t\t\t<img fetchpriority=\"high\" decoding=\"async\" width=\"2560\" height=\"483\" src=\"https:\/\/ventmarket.eu\/wp-content\/uploads\/2024\/12\/group-75-1-scaled.jpg\" class=\"attachment-full size-full wp-image-593\" alt=\"\" srcset=\"https:\/\/ventmarket.eu\/wp-content\/uploads\/2024\/12\/group-75-1-scaled.jpg 2560w, https:\/\/ventmarket.eu\/wp-content\/uploads\/2024\/12\/group-75-1-300x57.jpg 300w, https:\/\/ventmarket.eu\/wp-content\/uploads\/2024\/12\/group-75-1-1024x193.jpg 1024w, https:\/\/ventmarket.eu\/wp-content\/uploads\/2024\/12\/group-75-1-768x145.jpg 768w, https:\/\/ventmarket.eu\/wp-content\/uploads\/2024\/12\/group-75-1-1536x290.jpg 1536w, https:\/\/ventmarket.eu\/wp-content\/uploads\/2024\/12\/group-75-1-2048x386.jpg 2048w\" sizes=\"(max-width: 2560px) 100vw, 2560px\" \/>\t\t\t\t\t\t\t\t\t\t\t\t\t<\/div>\n\t\t\t\t<\/div>\n\t\t\t\t<div class=\"elementor-element elementor-element-e67f6fd elementor-widget elementor-widget-heading\" data-id=\"e67f6fd\" data-element_type=\"widget\" data-widget_type=\"heading.default\">\n\t\t\t\t<div class=\"elementor-widget-container\">\n\t\t\t<h1 class=\"elementor-heading-title elementor-size-default\">Pardavimo s\u0105lygos<\/h1>\t\t<\/div>\n\t\t\t\t<\/div>\n\t\t\t\t<div class=\"elementor-element elementor-element-3f9b72a elementor-widget elementor-widget-text-editor\" data-id=\"3f9b72a\" data-element_type=\"widget\" data-widget_type=\"text-editor.default\">\n\t\t\t\t<div class=\"elementor-widget-container\">\n\t\t\t\t\t\t\t<p><strong>Teisinis pagrindas:<\/strong><\/p>\n<ul>\n<li>Produkt\u0173 pardavimas vykdomas laikantis Lietuvos vartotoj\u0173 teisi\u0173 apsaugos \u012fstatymo ir Prievoli\u0173 teis\u0117s \u012fstatymo.<\/li>\n<li>Visa produkcija atitinka ES reikalavimus ir, jei taikoma, turi kokyb\u0117s sertifikavim\u0105.\n<\/li>\n<\/ul>\n<p><strong><br>Gamyba ir pardavimas:<\/strong><\/p>\n<ul>\n<li>Pagal u\u017esakym\u0105 gaminamos prek\u0117s gaminamos tik patvirtinus apmok\u0117jim\u0105.<\/li>\n<li>Jei prek\u0117 yra sand\u0117lyje, u\u017esakymas i\u0161siun\u010diamas po pilno apmok\u0117jimo arba pagal susitarim\u0105.\n<\/li>\n<\/ul>\n<p><strong><br>Apmok\u0117jimas:<\/strong><\/p>\n<ul>\n<li>Galimas tik negrynasis atsiskaitymas banko pavedimu.<\/li>\n<li>S\u0105skaita apmok\u0117jimui i\u0161ra\u0161oma suderinus visas u\u017esakymo detales.\n<\/li>\n<\/ul>\n<p><strong><br>Garantija:<\/strong><\/p>\n<ul>\n<li>Produkacijai taikoma 24 m\u0117nesi\u0173 garantija nuo prek\u0117s gavimo momento.<\/li>\n<li>Garantija netaikoma defektams, atsiradusiems d\u0117l neteisingo montavimo arba naudojimo, neatitinkan\u010dio instrukcijos.\n<\/li>\n<\/ul>\n<p><strong><br>U\u017esakymo at\u0161aukimas:<\/strong><\/p>\n<ul>\n<li>U\u017esakymai d\u0117l produkcijos, gaminamos pagal individualius matmenis, negali b\u016bti at\u0161aukti po gamybos prad\u017eios.\n<\/li>\n<\/ul>\n<p><strong><br>Dokumentai:<\/strong><\/p>\n<ul>\n<li>Perkant suteikiami:\n<ul>\n<li>PVM s\u0105skaita fakt\u016bra;<\/li>\n<li>U\u017esakymo patvirtinimas (elektroniniu formatu).<\/li>\n<\/ul>\n<\/li>\n<\/ul>\t\t\t\t\t\t<\/div>\n\t\t\t\t<\/div>\n\t\t\t\t<div class=\"elementor-element elementor-element-32dbcb3 elementor-widget elementor-widget-html\" data-id=\"32dbcb3\" data-element_type=\"widget\" data-widget_type=\"html.default\">\n\t\t\t\t<div class=\"elementor-widget-container\">\n\t\t\t<style>h1.entry-title {\n    display: none;\n}\n<\/style>\t\t<\/div>\n\t\t\t\t<\/div>\n\t\t\t\t<\/div>\n\t\t\t\t<\/div>\n\t\t\t\t<\/div>\n\t\t","protected":false},"excerpt":{"rendered":"<p>\u0413\u043b\u0430\u0432\u043d\u0430\u044f Klient\u0173 aptarnavimas \u041a\u0430\u043a \u043a\u0443\u043f\u0438\u0442\u044c \u043d\u0430 \u043d\u0430\u0448\u0435\u043c \u0441\u0430\u0439\u0442\u0435? \u0423\u0441\u043b\u043e\u0432\u0438\u044f \u043f\u0440\u043e\u0434\u0430\u0436\u0438 \u0423\u0441\u043b\u043e\u0432\u0438\u044f \u0434\u043e\u0441\u0442\u0430\u0432\u043a\u0438 \u041f\u0440\u0430\u0432\u043e \u043f\u043e\u043a\u0443\u043f\u0430\u0442\u0435\u043b\u044f \u043d\u0430 \u043e\u0442\u043a\u0430\u0437 \u043e\u0442 \u0434\u043e\u0433\u043e\u0432\u043e\u0440\u0430 Pardavimo s\u0105lygos Teisinis pagrindas: Produkt\u0173 pardavimas vykdomas laikantis Lietuvos vartotoj\u0173 teisi\u0173 apsaugos \u012fstatymo ir Prievoli\u0173 teis\u0117s \u012fstatymo. Visa produkcija atitinka ES reikalavimus ir, jei taikoma, turi kokyb\u0117s sertifikavim\u0105. Gamyba ir pardavimas: Pagal u\u017esakym\u0105 gaminamos prek\u0117s gaminamos tik [&hellip;]<\/p>\n","protected":false},"author":1,"featured_media":0,"parent":0,"menu_order":0,"comment_status":"closed","ping_status":"closed","template":"elementor_header_footer","meta":{"footnotes":""},"class_list":["post-7073","page","type-page","status-publish","hentry"],"yoast_head":"<!-- This site is optimized with the Yoast SEO Premium plugin v24.7 (Yoast SEO v24.7) - https:\/\/yoast.com\/wordpress\/plugins\/seo\/ -->\n<title>Pardavimo s\u0105lygos | \u201eVentmarket\u201c internetin\u0117 parduotuv\u0117<\/title>\n<meta name=\"description\" content=\"Susipa\u017einkite su v\u0117dinimo \u012frangos pardavimo s\u0105lygomis \u201eVentmarket\u201c internetin\u0117je parduotuv\u0117je.\" \/>\n<meta name=\"robots\" content=\"index, follow, max-snippet:-1, max-image-preview:large, max-video-preview:-1\" \/>\n<link rel=\"canonical\" href=\"https:\/\/ventmarket.eu\/ru\/usloviya-prodazhi\/\" \/>\n<meta property=\"og:locale\" content=\"lt_LT\" \/>\n<meta property=\"og:type\" content=\"article\" \/>\n<meta property=\"og:title\" content=\"Pardavimo s\u0105lygos | \u201eVentmarket\u201c internetin\u0117 parduotuv\u0117\" \/>\n<meta property=\"og:description\" content=\"Susipa\u017einkite su v\u0117dinimo \u012frangos pardavimo s\u0105lygomis \u201eVentmarket\u201c internetin\u0117je parduotuv\u0117je.\" \/>\n<meta property=\"og:url\" content=\"https:\/\/ventmarket.eu\/ru\/usloviya-prodazhi\/\" \/>\n<meta property=\"og:site_name\" content=\"Ventmarket\" \/>\n<meta property=\"article:modified_time\" content=\"2025-12-20T05:54:55+00:00\" \/>\n<meta property=\"og:image\" content=\"https:\/\/ventmarket.eu\/wp-content\/uploads\/2025\/01\/bb8e4870-1fdf-4e62-979b-ec593bd57be3-1024x876.png\" \/>\n<meta name=\"twitter:card\" content=\"summary_large_image\" \/>\n<meta name=\"twitter:title\" content=\"Pardavimo s\u0105lygos\" \/>\n<meta name=\"twitter:label1\" content=\"Est. reading time\" \/>\n\t<meta name=\"twitter:data1\" content=\"1 minut\u0117\" \/>\n<script type=\"application\/ld+json\" class=\"yoast-schema-graph\">{\"@context\":\"https:\/\/schema.org\",\"@graph\":[{\"@type\":\"WebPage\",\"@id\":\"https:\/\/ventmarket.eu\/ru\/usloviya-prodazhi\/\",\"url\":\"https:\/\/ventmarket.eu\/ru\/usloviya-prodazhi\/\",\"name\":\"Pardavimo s\u0105lygos | \u201eVentmarket\u201c internetin\u0117 parduotuv\u0117\",\"isPartOf\":{\"@id\":\"https:\/\/ventmarket.eu\/#website\"},\"primaryImageOfPage\":{\"@id\":\"https:\/\/ventmarket.eu\/ru\/usloviya-prodazhi\/#primaryimage\"},\"image\":{\"@id\":\"https:\/\/ventmarket.eu\/ru\/usloviya-prodazhi\/#primaryimage\"},\"thumbnailUrl\":\"https:\/\/ventmarket.eu\/wp-content\/uploads\/2024\/12\/group-75-1-scaled.jpg\",\"datePublished\":\"2025-01-24T15:24:47+00:00\",\"dateModified\":\"2025-12-20T05:54:55+00:00\",\"description\":\"Susipa\u017einkite su v\u0117dinimo \u012frangos pardavimo s\u0105lygomis \u201eVentmarket\u201c internetin\u0117je parduotuv\u0117je.\",\"breadcrumb\":{\"@id\":\"https:\/\/ventmarket.eu\/ru\/usloviya-prodazhi\/#breadcrumb\"},\"inLanguage\":\"lt-LT\",\"potentialAction\":[{\"@type\":\"ReadAction\",\"target\":[\"https:\/\/ventmarket.eu\/ru\/usloviya-prodazhi\/\"]}]},{\"@type\":\"ImageObject\",\"inLanguage\":\"lt-LT\",\"@id\":\"https:\/\/ventmarket.eu\/ru\/usloviya-prodazhi\/#primaryimage\",\"url\":\"https:\/\/ventmarket.eu\/wp-content\/uploads\/2024\/12\/group-75-1-scaled.jpg\",\"contentUrl\":\"https:\/\/ventmarket.eu\/wp-content\/uploads\/2024\/12\/group-75-1-scaled.jpg\"},{\"@type\":\"BreadcrumbList\",\"@id\":\"https:\/\/ventmarket.eu\/ru\/usloviya-prodazhi\/#breadcrumb\",\"itemListElement\":[{\"@type\":\"ListItem\",\"position\":1,\"name\":\"\u0413\u043b\u0430\u0432\u043d\u0430\u044f \u0441\u0442\u0440\u0430\u043d\u0438\u0446\u0430\",\"item\":\"https:\/\/ventmarket.eu\/ru\/\"},{\"@type\":\"ListItem\",\"position\":2,\"name\":\"Pardavimo s\u0105lygos\"}]},{\"@type\":\"WebSite\",\"@id\":\"https:\/\/ventmarket.eu\/#website\",\"url\":\"https:\/\/ventmarket.eu\/\",\"name\":\"Ventmarket\",\"description\":\"Ventmarket \u2013 Ventilatsiooniseadmete e-pood Eestis\",\"publisher\":{\"@id\":\"https:\/\/ventmarket.eu\/#organization\"},\"alternateName\":\"Ventmarket\",\"potentialAction\":[{\"@type\":\"SearchAction\",\"target\":{\"@type\":\"EntryPoint\",\"urlTemplate\":\"https:\/\/ventmarket.eu\/?s={search_term_string}\"},\"query-input\":{\"@type\":\"PropertyValueSpecification\",\"valueRequired\":true,\"valueName\":\"search_term_string\"}}],\"inLanguage\":\"lt-LT\"},{\"@type\":\"Organization\",\"@id\":\"https:\/\/ventmarket.eu\/#organization\",\"name\":\"VENT SYSTEM PROJECT O\u00dc\",\"alternateName\":\"Ventmarket\",\"url\":\"https:\/\/ventmarket.eu\/\",\"logo\":{\"@type\":\"ImageObject\",\"inLanguage\":\"lt-LT\",\"@id\":\"https:\/\/ventmarket.eu\/#\/schema\/logo\/image\/\",\"url\":\"https:\/\/ventmarket.eu\/wp-content\/uploads\/2024\/12\/cropped-logo-4-1-1-1.png\",\"contentUrl\":\"https:\/\/ventmarket.eu\/wp-content\/uploads\/2024\/12\/cropped-logo-4-1-1-1.png\",\"width\":321,\"height\":168,\"caption\":\"VENT SYSTEM PROJECT O\u00dc\"},\"image\":{\"@id\":\"https:\/\/ventmarket.eu\/#\/schema\/logo\/image\/\"},\"description\":\"Ventilatsioonit\u00f6\u00f6d: projekteerimine, paigaldus Ventilatsioonilahendused teie objektile. Pakume laia valikut ventilatsiooniseadmeid ja -komponente ning ventilatsioonis\u00fcsteemide projekteerimisteenust igasuguse keerukusega objektidele. Alates 2009. aastast oleme pakkunud klientidele usaldusv\u00e4\u00e4rseid ja t\u00f5husaid lahendusi. Meie spetsialistid aitavad teil valida optimaalse seadme, koostada projekti ja pakkuda terviklikku lahendust teie kodu, kontori, kaubanduskeskuse v\u00f5i t\u00f6\u00f6stusettev\u00f5tte jaoks.\",\"email\":\"sales@ventmarket.eu\",\"telephone\":\"+372 5300 7799\",\"legalName\":\"VENT SYSTEM PROJECT O\u00dc\",\"foundingDate\":\"2009-10-21\",\"numberOfEmployees\":{\"@type\":\"QuantitativeValue\",\"minValue\":\"51\",\"maxValue\":\"200\"},\"publishingPrinciples\":\"https:\/\/ventmarket.eu\/en\/privacy-policy\/\",\"ownershipFundingInfo\":\"https:\/\/ventmarket.eu\/en\/privacy-policy\/\",\"actionableFeedbackPolicy\":\"https:\/\/ventmarket.eu\/en\/privacy-policy\/\"}]}<\/script>\n<!-- \/ Yoast SEO Premium plugin. -->","yoast_head_json":{"title":"Pardavimo s\u0105lygos | \u201eVentmarket\u201c internetin\u0117 parduotuv\u0117","description":"Susipa\u017einkite su v\u0117dinimo \u012frangos pardavimo s\u0105lygomis \u201eVentmarket\u201c internetin\u0117je parduotuv\u0117je.","robots":{"index":"index","follow":"follow","max-snippet":"max-snippet:-1","max-image-preview":"max-image-preview:large","max-video-preview":"max-video-preview:-1"},"canonical":"https:\/\/ventmarket.eu\/ru\/usloviya-prodazhi\/","og_locale":"lt_LT","og_type":"article","og_title":"Pardavimo s\u0105lygos | \u201eVentmarket\u201c internetin\u0117 parduotuv\u0117","og_description":"Susipa\u017einkite su v\u0117dinimo \u012frangos pardavimo s\u0105lygomis \u201eVentmarket\u201c internetin\u0117je parduotuv\u0117je.","og_url":"https:\/\/ventmarket.eu\/ru\/usloviya-prodazhi\/","og_site_name":"Ventmarket","article_modified_time":"2025-12-20T05:54:55+00:00","og_image":[{"url":"https:\/\/ventmarket.eu\/wp-content\/uploads\/2025\/01\/bb8e4870-1fdf-4e62-979b-ec593bd57be3-1024x876.png","type":"","width":"","height":""}],"twitter_card":"summary_large_image","twitter_title":"Pardavimo s\u0105lygos","twitter_misc":{"Est. reading time":"1 minut\u0117"},"schema":{"@context":"https:\/\/schema.org","@graph":[{"@type":"WebPage","@id":"https:\/\/ventmarket.eu\/ru\/usloviya-prodazhi\/","url":"https:\/\/ventmarket.eu\/ru\/usloviya-prodazhi\/","name":"Pardavimo s\u0105lygos | \u201eVentmarket\u201c internetin\u0117 parduotuv\u0117","isPartOf":{"@id":"https:\/\/ventmarket.eu\/#website"},"primaryImageOfPage":{"@id":"https:\/\/ventmarket.eu\/ru\/usloviya-prodazhi\/#primaryimage"},"image":{"@id":"https:\/\/ventmarket.eu\/ru\/usloviya-prodazhi\/#primaryimage"},"thumbnailUrl":"https:\/\/ventmarket.eu\/wp-content\/uploads\/2024\/12\/group-75-1-scaled.jpg","datePublished":"2025-01-24T15:24:47+00:00","dateModified":"2025-12-20T05:54:55+00:00","description":"Susipa\u017einkite su v\u0117dinimo \u012frangos pardavimo s\u0105lygomis \u201eVentmarket\u201c internetin\u0117je parduotuv\u0117je.","breadcrumb":{"@id":"https:\/\/ventmarket.eu\/ru\/usloviya-prodazhi\/#breadcrumb"},"inLanguage":"lt-LT","potentialAction":[{"@type":"ReadAction","target":["https:\/\/ventmarket.eu\/ru\/usloviya-prodazhi\/"]}]},{"@type":"ImageObject","inLanguage":"lt-LT","@id":"https:\/\/ventmarket.eu\/ru\/usloviya-prodazhi\/#primaryimage","url":"https:\/\/ventmarket.eu\/wp-content\/uploads\/2024\/12\/group-75-1-scaled.jpg","contentUrl":"https:\/\/ventmarket.eu\/wp-content\/uploads\/2024\/12\/group-75-1-scaled.jpg"},{"@type":"BreadcrumbList","@id":"https:\/\/ventmarket.eu\/ru\/usloviya-prodazhi\/#breadcrumb","itemListElement":[{"@type":"ListItem","position":1,"name":"\u0413\u043b\u0430\u0432\u043d\u0430\u044f \u0441\u0442\u0440\u0430\u043d\u0438\u0446\u0430","item":"https:\/\/ventmarket.eu\/ru\/"},{"@type":"ListItem","position":2,"name":"Pardavimo s\u0105lygos"}]},{"@type":"WebSite","@id":"https:\/\/ventmarket.eu\/#website","url":"https:\/\/ventmarket.eu\/","name":"Ventmarket","description":"Ventmarket \u2013 Ventilatsiooniseadmete e-pood Eestis","publisher":{"@id":"https:\/\/ventmarket.eu\/#organization"},"alternateName":"Ventmarket","potentialAction":[{"@type":"SearchAction","target":{"@type":"EntryPoint","urlTemplate":"https:\/\/ventmarket.eu\/?s={search_term_string}"},"query-input":{"@type":"PropertyValueSpecification","valueRequired":true,"valueName":"search_term_string"}}],"inLanguage":"lt-LT"},{"@type":"Organization","@id":"https:\/\/ventmarket.eu\/#organization","name":"VENT SYSTEM PROJECT O\u00dc","alternateName":"Ventmarket","url":"https:\/\/ventmarket.eu\/","logo":{"@type":"ImageObject","inLanguage":"lt-LT","@id":"https:\/\/ventmarket.eu\/#\/schema\/logo\/image\/","url":"https:\/\/ventmarket.eu\/wp-content\/uploads\/2024\/12\/cropped-logo-4-1-1-1.png","contentUrl":"https:\/\/ventmarket.eu\/wp-content\/uploads\/2024\/12\/cropped-logo-4-1-1-1.png","width":321,"height":168,"caption":"VENT SYSTEM PROJECT O\u00dc"},"image":{"@id":"https:\/\/ventmarket.eu\/#\/schema\/logo\/image\/"},"description":"Ventilatsioonit\u00f6\u00f6d: projekteerimine, paigaldus Ventilatsioonilahendused teie objektile. Pakume laia valikut ventilatsiooniseadmeid ja -komponente ning ventilatsioonis\u00fcsteemide projekteerimisteenust igasuguse keerukusega objektidele. Alates 2009. aastast oleme pakkunud klientidele usaldusv\u00e4\u00e4rseid ja t\u00f5husaid lahendusi. Meie spetsialistid aitavad teil valida optimaalse seadme, koostada projekti ja pakkuda terviklikku lahendust teie kodu, kontori, kaubanduskeskuse v\u00f5i t\u00f6\u00f6stusettev\u00f5tte jaoks.","email":"sales@ventmarket.eu","telephone":"+372 5300 7799","legalName":"VENT SYSTEM PROJECT O\u00dc","foundingDate":"2009-10-21","numberOfEmployees":{"@type":"QuantitativeValue","minValue":"51","maxValue":"200"},"publishingPrinciples":"https:\/\/ventmarket.eu\/en\/privacy-policy\/","ownershipFundingInfo":"https:\/\/ventmarket.eu\/en\/privacy-policy\/","actionableFeedbackPolicy":"https:\/\/ventmarket.eu\/en\/privacy-policy\/"}]}},"_links":{"self":[{"href":"https:\/\/ventmarket.eu\/lt\/wp-json\/wp\/v2\/pages\/7073","targetHints":{"allow":["GET"]}}],"collection":[{"href":"https:\/\/ventmarket.eu\/lt\/wp-json\/wp\/v2\/pages"}],"about":[{"href":"https:\/\/ventmarket.eu\/lt\/wp-json\/wp\/v2\/types\/page"}],"author":[{"embeddable":true,"href":"https:\/\/ventmarket.eu\/lt\/wp-json\/wp\/v2\/users\/1"}],"replies":[{"embeddable":true,"href":"https:\/\/ventmarket.eu\/lt\/wp-json\/wp\/v2\/comments?post=7073"}],"version-history":[{"count":4,"href":"https:\/\/ventmarket.eu\/lt\/wp-json\/wp\/v2\/pages\/7073\/revisions"}],"predecessor-version":[{"id":7077,"href":"https:\/\/ventmarket.eu\/lt\/wp-json\/wp\/v2\/pages\/7073\/revisions\/7077"}],"wp:attachment":[{"href":"https:\/\/ventmarket.eu\/lt\/wp-json\/wp\/v2\/media?parent=7073"}],"curies":[{"name":"wp","href":"https:\/\/api.w.org\/{rel}","templated":true}]}}