{"id":6977,"date":"2024-12-10T11:25:13","date_gmt":"2024-12-10T08:25:13","guid":{"rendered":"https:\/\/ventmarket.eu\/apie-mus\/"},"modified":"2025-12-19T12:59:15","modified_gmt":"2025-12-19T09:59:15","slug":"apie-mus","status":"publish","type":"page","link":"https:\/\/ventmarket.eu\/lt\/apie-mus\/","title":{"rendered":"Apie mus"},"content":{"rendered":"\t\t<div data-elementor-type=\"wp-page\" data-elementor-id=\"6977\" class=\"elementor elementor-6977 elementor-457\" data-elementor-post-type=\"page\">\n\t\t\t\t<div class=\"elementor-element elementor-element-5153154 e-flex e-con-boxed e-con e-parent\" data-id=\"5153154\" data-element_type=\"container\">\n\t\t\t\t\t<div class=\"e-con-inner\">\n\t\t\t\t<div class=\"elementor-element elementor-element-33b9f1e elementor-widget elementor-widget-jet-breadcrumbs\" data-id=\"33b9f1e\" data-element_type=\"widget\" data-widget_type=\"jet-breadcrumbs.default\">\n\t\t\t\t<div class=\"elementor-widget-container\">\n\t\t\t<div class=\"elementor-jet-breadcrumbs jet-blocks\">\n\t\t<div class=\"jet-breadcrumbs\">\n\t\t<div class=\"jet-breadcrumbs__content\">\n\t\t<div class=\"jet-breadcrumbs__wrap\"><div class=\"jet-breadcrumbs__item\"><a href=\"https:\/\/ventmarket.eu\/lt\/\" class=\"jet-breadcrumbs__item-link is-home\" rel=\"home\" title=\"Prad\u017eia\">Prad\u017eia<\/a><\/div>\n\t\t<\/div>\n\t\t<\/div>\n\t\t<\/div><\/div>\t\t<\/div>\n\t\t\t\t<\/div>\n\t\t\t\t<div class=\"elementor-element elementor-element-491958b elementor-widget elementor-widget-heading\" data-id=\"491958b\" data-element_type=\"widget\" data-widget_type=\"heading.default\">\n\t\t\t\t<div class=\"elementor-widget-container\">\n\t\t\t<h1 class=\"elementor-heading-title elementor-size-default\">Apie \u012fmon\u0119<\/h1>\t\t<\/div>\n\t\t\t\t<\/div>\n\t\t\t\t<div class=\"elementor-element elementor-element-62257d4 elementor-widget elementor-widget-text-editor\" data-id=\"62257d4\" data-element_type=\"widget\" data-widget_type=\"text-editor.default\">\n\t\t\t\t<div class=\"elementor-widget-container\">\n\t\t\t\t\t\t\t<p>\u201eVent System Project\u201c \u2013 v\u0117dinimo komponent\u0173 gamintojas ir tiek\u0117jas, rinkoje veikiantis nuo 2009 met\u0173. Nuosava gamyba ir tiesioginiai tiekimai i\u0161 Europos gamintoj\u0173 leid\u017eia si\u016blyti kokybi\u0161kus sprendimus palankiomis kainomis. <\/p>\n<p>Mes apr\u016bpiname gyvenamuosius, komercinius ir pramoninius objektus patikimomis v\u0117dinimo sistemomis, u\u017etikrindami efektyvum\u0105, ilgaam\u017ei\u0161kum\u0105 ir atitikt\u012f \u0161iuolaikiniams standartams.<\/p>\n\t\t\t\t\t\t<\/div>\n\t\t\t\t<\/div>\n\t\t\t\t\t<\/div>\n\t\t\t\t<\/div>\n\t\t<div class=\"elementor-element elementor-element-53984a7 e-flex e-con-boxed e-con e-parent\" data-id=\"53984a7\" data-element_type=\"container\" data-settings=\"{&quot;background_background&quot;:&quot;classic&quot;}\">\n\t\t\t\t\t<div class=\"e-con-inner\">\n\t\t\t\t<div class=\"elementor-element elementor-element-9851fd9 elementor-widget elementor-widget-heading\" data-id=\"9851fd9\" data-element_type=\"widget\" data-widget_type=\"heading.default\">\n\t\t\t\t<div class=\"elementor-widget-container\">\n\t\t\t<h2 class=\"elementor-heading-title elementor-size-default\">Mes si\u016blome geriausias kainas v\u0117dinimo \u012frangos rinkoje<\/h2>\t\t<\/div>\n\t\t\t\t<\/div>\n\t\t\t\t<div class=\"elementor-element elementor-element-ddea709 elementor-widget elementor-widget-text-editor\" data-id=\"ddea709\" data-element_type=\"widget\" data-widget_type=\"text-editor.default\">\n\t\t\t\t<div class=\"elementor-widget-container\">\n\t\t\t\t\t\t\t<ul class=\"markers\"><li><strong>Tiesioginiai tiekimai i\u0161 gamintoj\u0173<\/strong> \u2013 dirbame be tarpinink\u0173, tod\u0117l galime si\u016blyti konkurencingas kainas ir garantuoti auk\u0161t\u0105 produkcijos kokyb\u0119.<\/li><li><strong data-start=\"244\" data-end=\"287\">Individualus po\u017ei\u016bris \u012f kiekvien\u0105 klient\u0105 <\/strong>\u2013 padedame parinkti optimal\u0173 sprendim\u0105 j\u016bs\u0173 objektui, atsi\u017evelgdami \u012f biud\u017eet\u0105 ir techninius reikalavimus.<\/li><\/ul>\t\t\t\t\t\t<\/div>\n\t\t\t\t<\/div>\n\t\t\t\t\t<\/div>\n\t\t\t\t<\/div>\n\t\t<div class=\"elementor-element elementor-element-17153b9 e-con-full e-flex e-con e-parent\" data-id=\"17153b9\" data-element_type=\"container\">\n\t\t<div class=\"elementor-element elementor-element-333c479 e-flex e-con-boxed e-con e-child\" data-id=\"333c479\" data-element_type=\"container\" data-settings=\"{&quot;background_background&quot;:&quot;classic&quot;}\">\n\t\t\t\t\t<div class=\"e-con-inner\">\n\t\t<div class=\"elementor-element elementor-element-5060893 e-con-full e-flex e-con e-child\" data-id=\"5060893\" data-element_type=\"container\">\n\t\t\t\t<div class=\"elementor-element elementor-element-c3b88b4 elementor-widget elementor-widget-template\" data-id=\"c3b88b4\" data-element_type=\"widget\" data-widget_type=\"template.default\">\n\t\t\t\t<div class=\"elementor-widget-container\">\n\t\t\t\t\t<div class=\"elementor-template\">\n\t\t\t\t\t<div data-elementor-type=\"section\" data-elementor-id=\"6996\" class=\"elementor elementor-6996\" data-elementor-post-type=\"elementor_library\">\n\t\t\t<div class=\"elementor-element elementor-element-296012bd e-flex e-con-boxed e-con e-parent\" data-id=\"296012bd\" data-element_type=\"container\" data-settings=\"{&quot;background_background&quot;:&quot;classic&quot;}\">\n\t\t\t\t\t<div class=\"e-con-inner\">\n\t\t<div class=\"elementor-element elementor-element-3ecf2b02 e-con-full e-flex e-con e-child\" data-id=\"3ecf2b02\" data-element_type=\"container\">\n\t\t<div class=\"elementor-element elementor-element-7328b41f e-con-full e-flex e-con e-child\" data-id=\"7328b41f\" data-element_type=\"container\" data-settings=\"{&quot;background_background&quot;:&quot;classic&quot;}\">\n\t\t\t\t<div class=\"elementor-element elementor-element-777f3765 elementor-widget-mobile__width-initial elementor-widget elementor-widget-heading\" data-id=\"777f3765\" data-element_type=\"widget\" data-widget_type=\"heading.default\">\n\t\t\t\t<div class=\"elementor-widget-container\">\n\t\t\t<div class=\"elementor-heading-title elementor-size-default\">Lik\u0119 klausim\u0173 arba reikia pagalbos? <br> Susisiekite su mumis!\n<\/div>\t\t<\/div>\n\t\t\t\t<\/div>\n\t\t\t\t<div class=\"elementor-element elementor-element-478a46b1 elementor-widget elementor-widget-jet-form-builder-form\" data-id=\"478a46b1\" data-element_type=\"widget\" data-widget_type=\"jet-form-builder-form.default\">\n\t\t\t\t<div class=\"elementor-widget-container\">\n\t\t\t<link rel='stylesheet' id='wp-block-library-css' href='https:\/\/ventmarket.eu\/wp-includes\/css\/dist\/block-library\/style.min.css?ver=6.9.4' media='all' \/>\n<style id=\"jet-form-builder-7007-inline-css\"><\/style><form  class=\"jet-form-builder layout-column submit-type-ajax\" action=\"https:\/\/ventmarket.eu\/lt\/wp-json\/wp\/v2\/pages\/6977\/?jet_form_builder_submit=submit&amp;method=reload\" method=\"POST\" data-form-id=\"7007\" data-layout=\"column\" enctype=\"multipart\/form-data\" data-clear=\"1\" novalidate=\"null\"><input type=\"hidden\" id=\"_wpnonce\" name=\"_wpnonce\" value=\"7f54cdab9b\" \/><input type=\"hidden\" name=\"_wp_http_referer\" value=\"\/lt\/wp-json\/wp\/v2\/pages\/6977\" \/>\r\n<input type=\"hidden\" name=\"_jfb_current_render_states[]\" value=\"DEFAULT.STATE\" data-jfb-sync \/><input type=\"hidden\" class=\"jet-form-builder__field hidden-field\" name=\"_jet_engine_booking_form_id\" data-field-name=\"_jet_engine_booking_form_id\" value=\"7007\">\n<input type=\"hidden\" class=\"jet-form-builder__field hidden-field\" name=\"_jet_engine_refer\" data-field-name=\"_jet_engine_refer\" value=\"https:\/\/ventmarket.eu\/lt\/wp-json\/wp\/v2\/pages\/6977\/\">\n<input type=\"hidden\" class=\"jet-form-builder__field hidden-field\" name=\"__queried_post_id\" data-field-name=\"__queried_post_id\" value=\"6977\">\n\n<input type=\"hidden\" class=\"jet-form-builder__field hidden-field\" name=\"post_id\" data-field-name=\"post_id\" data-jfb-sync=\"null\" value=\"6977\">\n\n\n\n<div  class=\"jet-form-builder-row field-type-text-field\" >\n<div class=\"jet-form-builder__field-wrap\">\n\t\t\t\t<input placeholder=\"Vardas\" name=\"name2\" id=\"name2\" type=\"text\" data-field-name=\"name2\" class=\"jet-form-builder__field text-field\" data-jfb-sync=\"null\">\n\t\t\t\t\t<\/div>\n<\/div>\n\n<div  class=\"jet-form-builder-row field-type-text-field\" >\n<div class=\"jet-form-builder__field-wrap\">\n\t\t\t\t<input placeholder=\"E-mail \/ Telefonas\" name=\"phone2\" id=\"phone2\" type=\"text\" data-field-name=\"phone2\" class=\"jet-form-builder__field text-field\" data-jfb-sync=\"null\">\n\t\t\t\t\t<\/div>\n<\/div>\n\n<div  class=\"jet-form-builder-row field-type-textarea-field\" >\n<div class=\"jet-form-builder__field-wrap\">\n\t\t<textarea class=\"jet-form-builder__field textarea-field\" placeholder=\"Klausimo tekstas\" required=\"required\" name=\"message\" data-field-name=\"message\" id=\"message\" data-jfb-sync=\"null\"><\/textarea>\n\t<\/div>\n<\/div>\n\n<div  class=\"jet-form-builder-row field-type-submit-field\" >\n\t<div data-type=\"submit\" class=\"jet-form-builder__action-button-wrapper jet-form-builder__submit-wrap\">\n\t<button class=\"jet-form-builder__action-button jet-form-builder__submit submit-type-ajax\" type=\"submit\">Si\u0173sti<\/button>\n\t<\/div>\n\t\n<\/div>\n\n\n<div class=\"jet-form-builder-row captcha-token-container\" data-validation-type=\"inherit\">\n\t<input type=\"hidden\" class=\"captcha-token\" name=\"_captcha_token\" value=\"\" data-jfb-sync required=\"required\">\n<\/div>\n\n\n\n<p><\/p>\n\t<div class=\"jet-form-builder-messages-wrap\" data-form-id=\"7007\"><\/div>\n<\/form>\n\t\t<\/div>\n\t\t\t\t<\/div>\n\t\t\t\t<\/div>\n\t\t\t\t<\/div>\n\t\t\t\t\t<\/div>\n\t\t\t\t<\/div>\n\t\t\t\t<\/div>\n\t\t\t\t<\/div>\n\t\t\t\t<\/div>\n\t\t\t\t<\/div>\n\t\t\t\t<\/div>\n\t\t<div class=\"elementor-element elementor-element-a12b4e6 e-con-full e-flex e-con e-child\" data-id=\"a12b4e6\" data-element_type=\"container\">\n\t\t\t\t<div class=\"elementor-element elementor-element-d8e7bd7 elementor-widget elementor-widget-image\" data-id=\"d8e7bd7\" data-element_type=\"widget\" data-widget_type=\"image.default\">\n\t\t\t\t<div class=\"elementor-widget-container\">\n\t\t\t\t\t\t\t\t\t\t\t\t\t<img fetchpriority=\"high\" decoding=\"async\" width=\"300\" height=\"168\" src=\"https:\/\/ventmarket.eu\/wp-content\/uploads\/2025\/02\/eis.jpg\" class=\"attachment-large size-large wp-image-3461\" alt=\"eis\" \/>\t\t\t\t\t\t\t\t\t\t\t\t\t<\/div>\n\t\t\t\t<\/div>\n\t\t\t\t<div class=\"elementor-element elementor-element-1df504c elementor-widget elementor-widget-image\" data-id=\"1df504c\" data-element_type=\"widget\" data-widget_type=\"image.default\">\n\t\t\t\t<div class=\"elementor-widget-container\">\n\t\t\t\t\t\t\t\t\t\t\t\t\t<img decoding=\"async\" width=\"800\" height=\"418\" src=\"https:\/\/ventmarket.eu\/wp-content\/uploads\/2025\/02\/iso9001-1024x535.jpg\" class=\"attachment-large size-large wp-image-3451\" alt=\"ISO9001\" srcset=\"https:\/\/ventmarket.eu\/wp-content\/uploads\/2025\/02\/iso9001-1024x535.jpg 1024w, https:\/\/ventmarket.eu\/wp-content\/uploads\/2025\/02\/iso9001-300x157.jpg 300w, https:\/\/ventmarket.eu\/wp-content\/uploads\/2025\/02\/iso9001-768x401.jpg 768w, https:\/\/ventmarket.eu\/wp-content\/uploads\/2025\/02\/iso9001-1536x803.jpg 1536w, https:\/\/ventmarket.eu\/wp-content\/uploads\/2025\/02\/iso9001.jpg 1726w\" sizes=\"(max-width: 800px) 100vw, 800px\" \/>\t\t\t\t\t\t\t\t\t\t\t\t\t<\/div>\n\t\t\t\t<\/div>\n\t\t\t\t<div class=\"elementor-element elementor-element-5d81753 elementor-widget__width-initial elementor-widget elementor-widget-text-editor\" data-id=\"5d81753\" data-element_type=\"widget\" data-widget_type=\"text-editor.default\">\n\t\t\t\t<div class=\"elementor-widget-container\">\n\t\t\t\t\t\t\t<p>\u201eVent System Project O\u00dc\u201c kokyb\u0117s ir aplinkosaugos valdymas vadovaujasi ISO 9001 sertifikato principais.<\/p>\t\t\t\t\t\t<\/div>\n\t\t\t\t<\/div>\n\t\t\t\t<\/div>\n\t\t\t\t\t<\/div>\n\t\t\t\t<\/div>\n\t\t\t\t<\/div>\n\t\t\t\t<\/div>\n\t\t","protected":false},"excerpt":{"rendered":"<p>\u0413\u043b\u0430\u0432\u043d\u0430\u044f Apie \u012fmon\u0119 \u201eVent System Project\u201c \u2013 v\u0117dinimo komponent\u0173 gamintojas ir tiek\u0117jas, rinkoje veikiantis nuo 2009 met\u0173. Nuosava gamyba ir tiesioginiai tiekimai i\u0161 Europos gamintoj\u0173 leid\u017eia si\u016blyti kokybi\u0161kus sprendimus palankiomis kainomis. Mes apr\u016bpiname gyvenamuosius, komercinius ir pramoninius objektus patikimomis v\u0117dinimo sistemomis, u\u017etikrindami efektyvum\u0105, ilgaam\u017ei\u0161kum\u0105 ir atitikt\u012f \u0161iuolaikiniams standartams. Mes si\u016blome geriausias kainas v\u0117dinimo \u012frangos rinkoje [&hellip;]<\/p>\n","protected":false},"author":1,"featured_media":0,"parent":0,"menu_order":0,"comment_status":"closed","ping_status":"closed","template":"elementor_header_footer","meta":{"footnotes":""},"class_list":["post-6977","page","type-page","status-publish","hentry"],"yoast_head":"<!-- This site is optimized with the Yoast SEO Premium plugin v24.7 (Yoast SEO v24.7) - https:\/\/yoast.com\/wordpress\/plugins\/seo\/ -->\n<title>Apie \u201eVentmarket\u201c | V\u0117dinimo \u012frangos internetin\u0117 parduotuv\u0117 Lietuvoje<\/title>\n<meta name=\"description\" content=\"Informacija apie \u012fmon\u0119 \u201eVentmarket\u201c, kuri specializuojasi kokybi\u0161kos v\u0117dinimo \u012frangos pardavime Lietuvoje. 100 % garantija.\" \/>\n<meta name=\"robots\" content=\"index, follow, max-snippet:-1, max-image-preview:large, max-video-preview:-1\" \/>\n<link rel=\"canonical\" href=\"https:\/\/ventmarket.eu\/ru\/o-nas\/\" \/>\n<meta property=\"og:locale\" content=\"lt_LT\" \/>\n<meta property=\"og:type\" content=\"article\" \/>\n<meta property=\"og:title\" content=\"Apie \u201eVentmarket\u201c | V\u0117dinimo \u012frangos internetin\u0117 parduotuv\u0117 Lietuvoje\" \/>\n<meta property=\"og:description\" content=\"Informacija apie \u012fmon\u0119 \u201eVentmarket\u201c, kuri specializuojasi kokybi\u0161kos v\u0117dinimo \u012frangos pardavime Lietuvoje. 100 % garantija.\" \/>\n<meta property=\"og:url\" content=\"https:\/\/ventmarket.eu\/ru\/o-nas\/\" \/>\n<meta property=\"og:site_name\" content=\"Ventmarket\" \/>\n<meta property=\"article:modified_time\" content=\"2025-12-19T09:59:15+00:00\" \/>\n<meta property=\"og:image\" content=\"https:\/\/ventmarket.eu\/wp-content\/uploads\/2024\/12\/photo_2024-07-01_17-10-03-removebg-preview.png\" \/>\n<meta name=\"twitter:card\" content=\"summary_large_image\" \/>\n<meta name=\"twitter:title\" content=\"Apie mus\" \/>\n<meta name=\"twitter:label1\" content=\"Est. reading time\" \/>\n\t<meta name=\"twitter:data1\" content=\"2 minut\u0117s\" \/>\n<script type=\"application\/ld+json\" class=\"yoast-schema-graph\">{\"@context\":\"https:\/\/schema.org\",\"@graph\":[{\"@type\":\"WebPage\",\"@id\":\"https:\/\/ventmarket.eu\/ru\/o-nas\/\",\"url\":\"https:\/\/ventmarket.eu\/ru\/o-nas\/\",\"name\":\"Apie \u201eVentmarket\u201c | V\u0117dinimo \u012frangos internetin\u0117 parduotuv\u0117 Lietuvoje\",\"isPartOf\":{\"@id\":\"https:\/\/ventmarket.eu\/#website\"},\"primaryImageOfPage\":{\"@id\":\"https:\/\/ventmarket.eu\/ru\/o-nas\/#primaryimage\"},\"image\":{\"@id\":\"https:\/\/ventmarket.eu\/ru\/o-nas\/#primaryimage\"},\"thumbnailUrl\":\"https:\/\/ventmarket.eu\/wp-content\/uploads\/2025\/02\/eis.jpg\",\"datePublished\":\"2024-12-10T08:25:13+00:00\",\"dateModified\":\"2025-12-19T09:59:15+00:00\",\"description\":\"Informacija apie \u012fmon\u0119 \u201eVentmarket\u201c, kuri specializuojasi kokybi\u0161kos v\u0117dinimo \u012frangos pardavime Lietuvoje. 100 % garantija.\",\"breadcrumb\":{\"@id\":\"https:\/\/ventmarket.eu\/ru\/o-nas\/#breadcrumb\"},\"inLanguage\":\"lt-LT\",\"potentialAction\":[{\"@type\":\"ReadAction\",\"target\":[\"https:\/\/ventmarket.eu\/ru\/o-nas\/\"]}]},{\"@type\":\"ImageObject\",\"inLanguage\":\"lt-LT\",\"@id\":\"https:\/\/ventmarket.eu\/ru\/o-nas\/#primaryimage\",\"url\":\"https:\/\/ventmarket.eu\/wp-content\/uploads\/2025\/02\/eis.jpg\",\"contentUrl\":\"https:\/\/ventmarket.eu\/wp-content\/uploads\/2025\/02\/eis.jpg\"},{\"@type\":\"BreadcrumbList\",\"@id\":\"https:\/\/ventmarket.eu\/ru\/o-nas\/#breadcrumb\",\"itemListElement\":[{\"@type\":\"ListItem\",\"position\":1,\"name\":\"\u0413\u043b\u0430\u0432\u043d\u0430\u044f \u0441\u0442\u0440\u0430\u043d\u0438\u0446\u0430\",\"item\":\"https:\/\/ventmarket.eu\/ru\/\"},{\"@type\":\"ListItem\",\"position\":2,\"name\":\"Apie mus\"}]},{\"@type\":\"WebSite\",\"@id\":\"https:\/\/ventmarket.eu\/#website\",\"url\":\"https:\/\/ventmarket.eu\/\",\"name\":\"Ventmarket\",\"description\":\"Ventmarket \u2013 Ventilatsiooniseadmete e-pood Eestis\",\"publisher\":{\"@id\":\"https:\/\/ventmarket.eu\/#organization\"},\"alternateName\":\"Ventmarket\",\"potentialAction\":[{\"@type\":\"SearchAction\",\"target\":{\"@type\":\"EntryPoint\",\"urlTemplate\":\"https:\/\/ventmarket.eu\/?s={search_term_string}\"},\"query-input\":{\"@type\":\"PropertyValueSpecification\",\"valueRequired\":true,\"valueName\":\"search_term_string\"}}],\"inLanguage\":\"lt-LT\"},{\"@type\":\"Organization\",\"@id\":\"https:\/\/ventmarket.eu\/#organization\",\"name\":\"VENT SYSTEM PROJECT O\u00dc\",\"alternateName\":\"Ventmarket\",\"url\":\"https:\/\/ventmarket.eu\/\",\"logo\":{\"@type\":\"ImageObject\",\"inLanguage\":\"lt-LT\",\"@id\":\"https:\/\/ventmarket.eu\/#\/schema\/logo\/image\/\",\"url\":\"https:\/\/ventmarket.eu\/wp-content\/uploads\/2024\/12\/cropped-logo-4-1-1-1.png\",\"contentUrl\":\"https:\/\/ventmarket.eu\/wp-content\/uploads\/2024\/12\/cropped-logo-4-1-1-1.png\",\"width\":321,\"height\":168,\"caption\":\"VENT SYSTEM PROJECT O\u00dc\"},\"image\":{\"@id\":\"https:\/\/ventmarket.eu\/#\/schema\/logo\/image\/\"},\"description\":\"Ventilatsioonit\u00f6\u00f6d: projekteerimine, paigaldus Ventilatsioonilahendused teie objektile. Pakume laia valikut ventilatsiooniseadmeid ja -komponente ning ventilatsioonis\u00fcsteemide projekteerimisteenust igasuguse keerukusega objektidele. Alates 2009. aastast oleme pakkunud klientidele usaldusv\u00e4\u00e4rseid ja t\u00f5husaid lahendusi. Meie spetsialistid aitavad teil valida optimaalse seadme, koostada projekti ja pakkuda terviklikku lahendust teie kodu, kontori, kaubanduskeskuse v\u00f5i t\u00f6\u00f6stusettev\u00f5tte jaoks.\",\"email\":\"sales@ventmarket.eu\",\"telephone\":\"+372 5300 7799\",\"legalName\":\"VENT SYSTEM PROJECT O\u00dc\",\"foundingDate\":\"2009-10-21\",\"numberOfEmployees\":{\"@type\":\"QuantitativeValue\",\"minValue\":\"51\",\"maxValue\":\"200\"},\"publishingPrinciples\":\"https:\/\/ventmarket.eu\/en\/privacy-policy\/\",\"ownershipFundingInfo\":\"https:\/\/ventmarket.eu\/en\/privacy-policy\/\",\"actionableFeedbackPolicy\":\"https:\/\/ventmarket.eu\/en\/privacy-policy\/\"}]}<\/script>\n<!-- \/ Yoast SEO Premium plugin. -->","yoast_head_json":{"title":"Apie \u201eVentmarket\u201c | V\u0117dinimo \u012frangos internetin\u0117 parduotuv\u0117 Lietuvoje","description":"Informacija apie \u012fmon\u0119 \u201eVentmarket\u201c, kuri specializuojasi kokybi\u0161kos v\u0117dinimo \u012frangos pardavime Lietuvoje. 100 % garantija.","robots":{"index":"index","follow":"follow","max-snippet":"max-snippet:-1","max-image-preview":"max-image-preview:large","max-video-preview":"max-video-preview:-1"},"canonical":"https:\/\/ventmarket.eu\/ru\/o-nas\/","og_locale":"lt_LT","og_type":"article","og_title":"Apie \u201eVentmarket\u201c | V\u0117dinimo \u012frangos internetin\u0117 parduotuv\u0117 Lietuvoje","og_description":"Informacija apie \u012fmon\u0119 \u201eVentmarket\u201c, kuri specializuojasi kokybi\u0161kos v\u0117dinimo \u012frangos pardavime Lietuvoje. 100 % garantija.","og_url":"https:\/\/ventmarket.eu\/ru\/o-nas\/","og_site_name":"Ventmarket","article_modified_time":"2025-12-19T09:59:15+00:00","og_image":[{"url":"https:\/\/ventmarket.eu\/wp-content\/uploads\/2024\/12\/photo_2024-07-01_17-10-03-removebg-preview.png","type":"","width":"","height":""}],"twitter_card":"summary_large_image","twitter_title":"Apie mus","twitter_misc":{"Est. reading time":"2 minut\u0117s"},"schema":{"@context":"https:\/\/schema.org","@graph":[{"@type":"WebPage","@id":"https:\/\/ventmarket.eu\/ru\/o-nas\/","url":"https:\/\/ventmarket.eu\/ru\/o-nas\/","name":"Apie \u201eVentmarket\u201c | V\u0117dinimo \u012frangos internetin\u0117 parduotuv\u0117 Lietuvoje","isPartOf":{"@id":"https:\/\/ventmarket.eu\/#website"},"primaryImageOfPage":{"@id":"https:\/\/ventmarket.eu\/ru\/o-nas\/#primaryimage"},"image":{"@id":"https:\/\/ventmarket.eu\/ru\/o-nas\/#primaryimage"},"thumbnailUrl":"https:\/\/ventmarket.eu\/wp-content\/uploads\/2025\/02\/eis.jpg","datePublished":"2024-12-10T08:25:13+00:00","dateModified":"2025-12-19T09:59:15+00:00","description":"Informacija apie \u012fmon\u0119 \u201eVentmarket\u201c, kuri specializuojasi kokybi\u0161kos v\u0117dinimo \u012frangos pardavime Lietuvoje. 100 % garantija.","breadcrumb":{"@id":"https:\/\/ventmarket.eu\/ru\/o-nas\/#breadcrumb"},"inLanguage":"lt-LT","potentialAction":[{"@type":"ReadAction","target":["https:\/\/ventmarket.eu\/ru\/o-nas\/"]}]},{"@type":"ImageObject","inLanguage":"lt-LT","@id":"https:\/\/ventmarket.eu\/ru\/o-nas\/#primaryimage","url":"https:\/\/ventmarket.eu\/wp-content\/uploads\/2025\/02\/eis.jpg","contentUrl":"https:\/\/ventmarket.eu\/wp-content\/uploads\/2025\/02\/eis.jpg"},{"@type":"BreadcrumbList","@id":"https:\/\/ventmarket.eu\/ru\/o-nas\/#breadcrumb","itemListElement":[{"@type":"ListItem","position":1,"name":"\u0413\u043b\u0430\u0432\u043d\u0430\u044f \u0441\u0442\u0440\u0430\u043d\u0438\u0446\u0430","item":"https:\/\/ventmarket.eu\/ru\/"},{"@type":"ListItem","position":2,"name":"Apie mus"}]},{"@type":"WebSite","@id":"https:\/\/ventmarket.eu\/#website","url":"https:\/\/ventmarket.eu\/","name":"Ventmarket","description":"Ventmarket \u2013 Ventilatsiooniseadmete e-pood Eestis","publisher":{"@id":"https:\/\/ventmarket.eu\/#organization"},"alternateName":"Ventmarket","potentialAction":[{"@type":"SearchAction","target":{"@type":"EntryPoint","urlTemplate":"https:\/\/ventmarket.eu\/?s={search_term_string}"},"query-input":{"@type":"PropertyValueSpecification","valueRequired":true,"valueName":"search_term_string"}}],"inLanguage":"lt-LT"},{"@type":"Organization","@id":"https:\/\/ventmarket.eu\/#organization","name":"VENT SYSTEM PROJECT O\u00dc","alternateName":"Ventmarket","url":"https:\/\/ventmarket.eu\/","logo":{"@type":"ImageObject","inLanguage":"lt-LT","@id":"https:\/\/ventmarket.eu\/#\/schema\/logo\/image\/","url":"https:\/\/ventmarket.eu\/wp-content\/uploads\/2024\/12\/cropped-logo-4-1-1-1.png","contentUrl":"https:\/\/ventmarket.eu\/wp-content\/uploads\/2024\/12\/cropped-logo-4-1-1-1.png","width":321,"height":168,"caption":"VENT SYSTEM PROJECT O\u00dc"},"image":{"@id":"https:\/\/ventmarket.eu\/#\/schema\/logo\/image\/"},"description":"Ventilatsioonit\u00f6\u00f6d: projekteerimine, paigaldus Ventilatsioonilahendused teie objektile. Pakume laia valikut ventilatsiooniseadmeid ja -komponente ning ventilatsioonis\u00fcsteemide projekteerimisteenust igasuguse keerukusega objektidele. Alates 2009. aastast oleme pakkunud klientidele usaldusv\u00e4\u00e4rseid ja t\u00f5husaid lahendusi. Meie spetsialistid aitavad teil valida optimaalse seadme, koostada projekti ja pakkuda terviklikku lahendust teie kodu, kontori, kaubanduskeskuse v\u00f5i t\u00f6\u00f6stusettev\u00f5tte jaoks.","email":"sales@ventmarket.eu","telephone":"+372 5300 7799","legalName":"VENT SYSTEM PROJECT O\u00dc","foundingDate":"2009-10-21","numberOfEmployees":{"@type":"QuantitativeValue","minValue":"51","maxValue":"200"},"publishingPrinciples":"https:\/\/ventmarket.eu\/en\/privacy-policy\/","ownershipFundingInfo":"https:\/\/ventmarket.eu\/en\/privacy-policy\/","actionableFeedbackPolicy":"https:\/\/ventmarket.eu\/en\/privacy-policy\/"}]}},"_links":{"self":[{"href":"https:\/\/ventmarket.eu\/lt\/wp-json\/wp\/v2\/pages\/6977","targetHints":{"allow":["GET"]}}],"collection":[{"href":"https:\/\/ventmarket.eu\/lt\/wp-json\/wp\/v2\/pages"}],"about":[{"href":"https:\/\/ventmarket.eu\/lt\/wp-json\/wp\/v2\/types\/page"}],"author":[{"embeddable":true,"href":"https:\/\/ventmarket.eu\/lt\/wp-json\/wp\/v2\/users\/1"}],"replies":[{"embeddable":true,"href":"https:\/\/ventmarket.eu\/lt\/wp-json\/wp\/v2\/comments?post=6977"}],"version-history":[{"count":7,"href":"https:\/\/ventmarket.eu\/lt\/wp-json\/wp\/v2\/pages\/6977\/revisions"}],"predecessor-version":[{"id":7018,"href":"https:\/\/ventmarket.eu\/lt\/wp-json\/wp\/v2\/pages\/6977\/revisions\/7018"}],"wp:attachment":[{"href":"https:\/\/ventmarket.eu\/lt\/wp-json\/wp\/v2\/media?parent=6977"}],"curies":[{"name":"wp","href":"https:\/\/api.w.org\/{rel}","templated":true}]}}