{"id":1272,"date":"2025-01-24T18:24:47","date_gmt":"2025-01-24T15:24:47","guid":{"rendered":"https:\/\/ventmarket.eu\/terms-of-sale\/"},"modified":"2025-04-07T20:50:55","modified_gmt":"2025-04-07T17:50:55","slug":"terms-of-sale","status":"publish","type":"page","link":"https:\/\/ventmarket.eu\/en\/terms-of-sale\/","title":{"rendered":"Terms of Sale"},"content":{"rendered":"\t\t<div data-elementor-type=\"wp-page\" data-elementor-id=\"1272\" class=\"elementor elementor-1272 elementor-905\" data-elementor-post-type=\"page\">\n\t\t\t\t<div class=\"elementor-element elementor-element-556f684 e-con-full e-flex e-con e-parent\" data-id=\"556f684\" data-element_type=\"container\">\n\t\t\t\t<div class=\"elementor-element elementor-element-1944183 jet-breadcrumbs-align-left elementor-hidden-mobile elementor-widget elementor-widget-jet-breadcrumbs\" data-id=\"1944183\" data-element_type=\"widget\" data-widget_type=\"jet-breadcrumbs.default\">\n\t\t\t\t<div class=\"elementor-widget-container\">\n\t\t\t<div class=\"elementor-jet-breadcrumbs jet-blocks\">\n\t\t<div class=\"jet-breadcrumbs\">\n\t\t<div class=\"jet-breadcrumbs__content\">\n\t\t<div class=\"jet-breadcrumbs__wrap\"><div class=\"jet-breadcrumbs__item\"><a href=\"https:\/\/ventmarket.eu\/en\/\" class=\"jet-breadcrumbs__item-link is-home\" rel=\"home\" title=\"Main\">Main<\/a><\/div>\n\t\t<\/div>\n\t\t<\/div>\n\t\t<\/div><\/div>\t\t<\/div>\n\t\t\t\t<\/div>\n\t\t\t\t<\/div>\n\t\t<div class=\"elementor-element elementor-element-56cdafa e-con-full e-flex e-con e-parent\" data-id=\"56cdafa\" data-element_type=\"container\">\n\t\t<div class=\"elementor-element elementor-element-c8c0e40 e-con-full e-flex e-con e-child\" data-id=\"c8c0e40\" data-element_type=\"container\" data-settings=\"{&quot;background_background&quot;:&quot;classic&quot;}\">\n\t\t\t\t<div class=\"elementor-element elementor-element-8670263 elementor-hidden-mobile elementor-widget elementor-widget-heading\" data-id=\"8670263\" data-element_type=\"widget\" data-widget_type=\"heading.default\">\n\t\t\t\t<div class=\"elementor-widget-container\">\n\t\t\t<h2 class=\"elementor-heading-title elementor-size-default\">Customer Support<\/h2>\t\t<\/div>\n\t\t\t\t<\/div>\n\t\t\t\t<div class=\"elementor-element elementor-element-c14a2b1 jet-nav-mobile-align-flex-start jet-nav-align-flex-start elementor-widget elementor-widget-jet-nav-menu\" data-id=\"c14a2b1\" data-element_type=\"widget\" data-widget_type=\"jet-nav-menu.default\">\n\t\t\t\t<div class=\"elementor-widget-container\">\n\t\t\t<nav class=\"jet-nav-wrap m-layout-mobile jet-mobile-menu jet-mobile-menu--default\" data-mobile-trigger-device=\"mobile\" data-mobile-layout=\"default\">\n<div class=\"jet-nav__mobile-trigger jet-nav-mobile-trigger-align-right\">\n\t<span class=\"jet-nav__mobile-trigger-open jet-blocks-icon\"><svg aria-hidden=\"true\" class=\"e-font-icon-svg e-fas-bars\" viewBox=\"0 0 448 512\" xmlns=\"http:\/\/www.w3.org\/2000\/svg\"><path d=\"M16 132h416c8.837 0 16-7.163 16-16V76c0-8.837-7.163-16-16-16H16C7.163 60 0 67.163 0 76v40c0 8.837 7.163 16 16 16zm0 160h416c8.837 0 16-7.163 16-16v-40c0-8.837-7.163-16-16-16H16c-8.837 0-16 7.163-16 16v40c0 8.837 7.163 16 16 16zm0 160h416c8.837 0 16-7.163 16-16v-40c0-8.837-7.163-16-16-16H16c-8.837 0-16 7.163-16 16v40c0 8.837 7.163 16 16 16z\"><\/path><\/svg><\/span>\t<span class=\"jet-nav__mobile-trigger-close jet-blocks-icon\"><svg aria-hidden=\"true\" class=\"e-font-icon-svg e-fas-times\" viewBox=\"0 0 352 512\" xmlns=\"http:\/\/www.w3.org\/2000\/svg\"><path d=\"M242.72 256l100.07-100.07c12.28-12.28 12.28-32.19 0-44.48l-22.24-22.24c-12.28-12.28-32.19-12.28-44.48 0L176 189.28 75.93 89.21c-12.28-12.28-32.19-12.28-44.48 0L9.21 111.45c-12.28 12.28-12.28 32.19 0 44.48L109.28 256 9.21 356.07c-12.28 12.28-12.28 32.19 0 44.48l22.24 22.24c12.28 12.28 32.2 12.28 44.48 0L176 322.72l100.07 100.07c12.28 12.28 32.2 12.28 44.48 0l22.24-22.24c12.28-12.28 12.28-32.19 0-44.48L242.72 256z\"><\/path><\/svg><\/span><\/div><div class=\"menu-menyu-podval-anglijskij-container\"><div class=\"jet-nav m-layout-mobile jet-nav--vertical jet-nav--vertical-sub-right-side\"><div class=\"menu-item menu-item-type-post_type menu-item-object-page jet-nav__item-1443 jet-nav__item\"><a href=\"https:\/\/ventmarket.eu\/en\/how-to-buy-on-our-website\/\" class=\"menu-item-link menu-item-link-depth-0 menu-item-link-top\"><span class=\"jet-nav-link-text\">How to buy on our website?<\/span><\/a><\/div>\n<div class=\"menu-item menu-item-type-post_type menu-item-object-page jet-nav__item-1444 jet-nav__item\"><a href=\"https:\/\/ventmarket.eu\/en\/terms-of-sale\/\" class=\"menu-item-link menu-item-link-depth-0 menu-item-link-top\"><span class=\"jet-nav-link-text\">Terms of Sale<\/span><\/a><\/div>\n<div class=\"menu-item menu-item-type-post_type menu-item-object-page jet-nav__item-1445 jet-nav__item\"><a href=\"https:\/\/ventmarket.eu\/en\/delivery-conditions\/\" class=\"menu-item-link menu-item-link-depth-0 menu-item-link-top\"><span class=\"jet-nav-link-text\">Delivery conditions<\/span><\/a><\/div>\n<div class=\"menu-item menu-item-type-post_type menu-item-object-page jet-nav__item-1446 jet-nav__item\"><a href=\"https:\/\/ventmarket.eu\/en\/buyers-right-to-withdraw-from-the-contract\/\" class=\"menu-item-link menu-item-link-depth-0 menu-item-link-top\"><span class=\"jet-nav-link-text\">Buyer&#8217;s right to withdraw from the contract<\/span><\/a><\/div>\n<\/div><\/div><\/nav>\t\t<\/div>\n\t\t\t\t<\/div>\n\t\t\t\t<\/div>\n\t\t<div class=\"elementor-element elementor-element-81f8e78 e-con-full e-flex e-con e-child\" data-id=\"81f8e78\" data-element_type=\"container\">\n\t\t\t\t<div class=\"elementor-element elementor-element-89c30d9 elementor-hidden-mobile elementor-widget elementor-widget-image\" data-id=\"89c30d9\" data-element_type=\"widget\" data-widget_type=\"image.default\">\n\t\t\t\t<div class=\"elementor-widget-container\">\n\t\t\t\t\t\t\t\t\t\t\t\t\t<img fetchpriority=\"high\" decoding=\"async\" width=\"2560\" height=\"483\" src=\"https:\/\/ventmarket.eu\/wp-content\/uploads\/2024\/12\/group-75-1-scaled.jpg\" class=\"attachment-full size-full wp-image-593\" alt=\"\" srcset=\"https:\/\/ventmarket.eu\/wp-content\/uploads\/2024\/12\/group-75-1-scaled.jpg 2560w, https:\/\/ventmarket.eu\/wp-content\/uploads\/2024\/12\/group-75-1-300x57.jpg 300w, https:\/\/ventmarket.eu\/wp-content\/uploads\/2024\/12\/group-75-1-1024x193.jpg 1024w, https:\/\/ventmarket.eu\/wp-content\/uploads\/2024\/12\/group-75-1-768x145.jpg 768w, https:\/\/ventmarket.eu\/wp-content\/uploads\/2024\/12\/group-75-1-1536x290.jpg 1536w, https:\/\/ventmarket.eu\/wp-content\/uploads\/2024\/12\/group-75-1-2048x386.jpg 2048w\" sizes=\"(max-width: 2560px) 100vw, 2560px\" \/>\t\t\t\t\t\t\t\t\t\t\t\t\t<\/div>\n\t\t\t\t<\/div>\n\t\t\t\t<div class=\"elementor-element elementor-element-e67f6fd elementor-widget elementor-widget-heading\" data-id=\"e67f6fd\" data-element_type=\"widget\" data-widget_type=\"heading.default\">\n\t\t\t\t<div class=\"elementor-widget-container\">\n\t\t\t<h1 class=\"elementor-heading-title elementor-size-default\">Terms of Sale<\/h1>\t\t<\/div>\n\t\t\t\t<\/div>\n\t\t\t\t<div class=\"elementor-element elementor-element-3f9b72a elementor-widget elementor-widget-text-editor\" data-id=\"3f9b72a\" data-element_type=\"widget\" data-widget_type=\"text-editor.default\">\n\t\t\t\t<div class=\"elementor-widget-container\">\n\t\t\t\t\t\t\t<p><strong>Legal Basis:<\/strong><\/p>\n<ul>\n<li>The products are sold in accordance with the <strong>Estonian Consumer Protection Act<\/strong> (Tarbijakaitseseadus) and the <strong>Contractual Obligations Act<\/strong> (V\u00f5la\u00f5igusseadus).<\/li>\n<li>All products comply with EU regulations and also have quality certification if applicable.<\/li>\n<\/ul><div><br><\/div>\n<p><strong>Manufacturing and sales:<\/strong><\/p>\n<ul>\n<li>Goods on order are made only after payment has been confirmed.<\/li>\n<li>If the item is in stock, the order is shipped after full payment or as agreed.<\/li>\n<\/ul><div><br><\/div>\n<p><strong>Payment:<\/strong><\/p>\n<ul>\n<li>Only cashless payment via bank transfer is available.<\/li>\n<li>The invoice for payment is formed after all details of the order are agreed upon.<\/li>\n<\/ul><div><br><\/div>\n<p><strong>Guarantee:<\/strong><\/p>\n<ul>\n<li>The products are covered by a 24-month warranty from the date of receipt of goods.<\/li>\n<li>The warranty does not cover defects caused by improper installation or operation not in accordance with the instructions.<\/li>\n<\/ul><div><br><\/div>\n<p><strong>Canceling an order:<\/strong><\/p>\n<ul>\n<li>Orders for customized products are not subject to cancellation once production has begun.<\/li>\n<\/ul><div><br><\/div>\n<p><strong>Documents:<\/strong><\/p>\n<ul>\n<li>Upon purchase, the following are provided:\n<ul>\n<li>Invoice;<\/li>\n<li>Order confirmation (electronically).<\/li>\n<\/ul>\n<\/li>\n<\/ul>\t\t\t\t\t\t<\/div>\n\t\t\t\t<\/div>\n\t\t\t\t<div class=\"elementor-element elementor-element-32dbcb3 elementor-widget elementor-widget-html\" data-id=\"32dbcb3\" data-element_type=\"widget\" data-widget_type=\"html.default\">\n\t\t\t\t<div class=\"elementor-widget-container\">\n\t\t\t<style>h1.entry-title {\n    display: none;\n}\n<\/style>\t\t<\/div>\n\t\t\t\t<\/div>\n\t\t\t\t<\/div>\n\t\t\t\t<\/div>\n\t\t\t\t<\/div>\n\t\t","protected":false},"excerpt":{"rendered":"<p>Avaleht Customer Support Kuidas osta meie veebilehel? M\u00fc\u00fcgitingimused Tarnetingimused Ostja \u00f5igus lepingust taganeda Terms of Sale Legal Basis: The products are sold in accordance with the Estonian Consumer Protection Act (Tarbijakaitseseadus) and the Contractual Obligations Act (V\u00f5la\u00f5igusseadus). All products comply with EU regulations and also have quality certification if applicable. Manufacturing and sales: Goods on [&hellip;]<\/p>\n","protected":false},"author":1,"featured_media":0,"parent":0,"menu_order":0,"comment_status":"closed","ping_status":"closed","template":"elementor_header_footer","meta":{"footnotes":""},"class_list":["post-1272","page","type-page","status-publish","hentry"],"yoast_head":"<!-- This site is optimized with the Yoast SEO Premium plugin v24.7 (Yoast SEO v24.7) - https:\/\/yoast.com\/wordpress\/plugins\/seo\/ -->\n<title>Sales Terms | Ventmarket Ventilation Online Store<\/title>\n<meta name=\"description\" content=\"Review the sales terms for ventilation equipment at Ventmarket store.\" \/>\n<meta name=\"robots\" content=\"index, follow, max-snippet:-1, max-image-preview:large, max-video-preview:-1\" \/>\n<link rel=\"canonical\" href=\"https:\/\/ventmarket.eu\/en\/terms-of-sale\/\" \/>\n<meta property=\"og:locale\" content=\"en_US\" \/>\n<meta property=\"og:type\" content=\"article\" \/>\n<meta property=\"og:title\" content=\"Sales Terms | Ventmarket Ventilation Online Store\" \/>\n<meta property=\"og:description\" content=\"Review the sales terms for ventilation equipment at Ventmarket store.\" \/>\n<meta property=\"og:url\" content=\"https:\/\/ventmarket.eu\/en\/terms-of-sale\/\" \/>\n<meta property=\"og:site_name\" content=\"VENT SYSTEM PROJECT\" \/>\n<meta property=\"article:modified_time\" content=\"2025-04-07T17:50:55+00:00\" \/>\n<meta property=\"og:image\" content=\"https:\/\/ventmarket.eu\/wp-content\/uploads\/2025\/01\/bb8e4870-1fdf-4e62-979b-ec593bd57be3.png\" \/>\n\t<meta property=\"og:image:width\" content=\"1180\" \/>\n\t<meta property=\"og:image:height\" content=\"1010\" \/>\n\t<meta property=\"og:image:type\" content=\"image\/png\" \/>\n<meta name=\"twitter:card\" content=\"summary_large_image\" \/>\n<meta name=\"twitter:title\" content=\"Terms of Sale\" \/>\n<meta name=\"twitter:label1\" content=\"Est. reading time\" \/>\n\t<meta name=\"twitter:data1\" content=\"2 minutes\" \/>\n<script type=\"application\/ld+json\" class=\"yoast-schema-graph\">{\"@context\":\"https:\/\/schema.org\",\"@graph\":[{\"@type\":\"WebPage\",\"@id\":\"https:\/\/ventmarket.eu\/muugitingimused\/\",\"url\":\"https:\/\/ventmarket.eu\/en\/terms-of-sale\/\",\"name\":\"Sales Terms | Ventmarket Ventilation Online Store\",\"isPartOf\":{\"@id\":\"https:\/\/ventmarket.eu\/#website\"},\"primaryImageOfPage\":{\"@id\":\"https:\/\/ventmarket.eu\/en\/terms-of-sale\/#primaryimage\"},\"image\":{\"@id\":\"https:\/\/ventmarket.eu\/en\/terms-of-sale\/#primaryimage\"},\"thumbnailUrl\":\"https:\/\/ventmarket.eu\/wp-content\/uploads\/2024\/12\/group-75-1-scaled.jpg\",\"datePublished\":\"2025-01-24T15:24:47+00:00\",\"dateModified\":\"2025-04-07T17:50:55+00:00\",\"description\":\"Review the sales terms for ventilation equipment at Ventmarket store.\",\"breadcrumb\":{\"@id\":\"https:\/\/ventmarket.eu\/en\/terms-of-sale\/#breadcrumb\"},\"inLanguage\":\"en-US\",\"potentialAction\":[{\"@type\":\"ReadAction\",\"target\":[\"https:\/\/ventmarket.eu\/en\/terms-of-sale\/\"]}]},{\"@type\":\"ImageObject\",\"inLanguage\":\"en-US\",\"@id\":\"https:\/\/ventmarket.eu\/en\/terms-of-sale\/#primaryimage\",\"url\":\"https:\/\/ventmarket.eu\/wp-content\/uploads\/2024\/12\/group-75-1-scaled.jpg\",\"contentUrl\":\"https:\/\/ventmarket.eu\/wp-content\/uploads\/2024\/12\/group-75-1-scaled.jpg\"},{\"@type\":\"BreadcrumbList\",\"@id\":\"https:\/\/ventmarket.eu\/en\/terms-of-sale\/#breadcrumb\",\"itemListElement\":[{\"@type\":\"ListItem\",\"position\":1,\"name\":\"\u0413\u043b\u0430\u0432\u043d\u0430\u044f \u0441\u0442\u0440\u0430\u043d\u0438\u0446\u0430\",\"item\":\"https:\/\/ventmarket.eu\/ru\/\"},{\"@type\":\"ListItem\",\"position\":2,\"name\":\"Terms of Sale\"}]},{\"@type\":\"WebSite\",\"@id\":\"https:\/\/ventmarket.eu\/#website\",\"url\":\"https:\/\/ventmarket.eu\/\",\"name\":\"Ventmarket\",\"description\":\"Ventmarket \u2013 Ventilatsiooniseadmete e-pood Eestis\",\"publisher\":{\"@id\":\"https:\/\/ventmarket.eu\/#organization\"},\"alternateName\":\"Ventmarket\",\"potentialAction\":[{\"@type\":\"SearchAction\",\"target\":{\"@type\":\"EntryPoint\",\"urlTemplate\":\"https:\/\/ventmarket.eu\/?s={search_term_string}\"},\"query-input\":{\"@type\":\"PropertyValueSpecification\",\"valueRequired\":true,\"valueName\":\"search_term_string\"}}],\"inLanguage\":\"en-US\"},{\"@type\":\"Organization\",\"@id\":\"https:\/\/ventmarket.eu\/#organization\",\"name\":\"VENT SYSTEM PROJECT O\u00dc\",\"alternateName\":\"Ventmarket\",\"url\":\"https:\/\/ventmarket.eu\/\",\"logo\":{\"@type\":\"ImageObject\",\"inLanguage\":\"en-US\",\"@id\":\"https:\/\/ventmarket.eu\/#\/schema\/logo\/image\/\",\"url\":\"https:\/\/ventmarket.eu\/wp-content\/uploads\/2024\/12\/cropped-logo-4-1-1-1.png\",\"contentUrl\":\"https:\/\/ventmarket.eu\/wp-content\/uploads\/2024\/12\/cropped-logo-4-1-1-1.png\",\"width\":321,\"height\":168,\"caption\":\"VENT SYSTEM PROJECT O\u00dc\"},\"image\":{\"@id\":\"https:\/\/ventmarket.eu\/#\/schema\/logo\/image\/\"},\"description\":\"Ventilatsioonit\u00f6\u00f6d: projekteerimine, paigaldus Ventilatsioonilahendused teie objektile. Pakume laia valikut ventilatsiooniseadmeid ja -komponente ning ventilatsioonis\u00fcsteemide projekteerimisteenust igasuguse keerukusega objektidele. Alates 2009. aastast oleme pakkunud klientidele usaldusv\u00e4\u00e4rseid ja t\u00f5husaid lahendusi. Meie spetsialistid aitavad teil valida optimaalse seadme, koostada projekti ja pakkuda terviklikku lahendust teie kodu, kontori, kaubanduskeskuse v\u00f5i t\u00f6\u00f6stusettev\u00f5tte jaoks.\",\"email\":\"sales@ventmarket.eu\",\"telephone\":\"+372 5300 7799\",\"legalName\":\"VENT SYSTEM PROJECT O\u00dc\",\"foundingDate\":\"2009-10-21\",\"numberOfEmployees\":{\"@type\":\"QuantitativeValue\",\"minValue\":\"51\",\"maxValue\":\"200\"},\"publishingPrinciples\":\"https:\/\/ventmarket.eu\/en\/privacy-policy\/\",\"ownershipFundingInfo\":\"https:\/\/ventmarket.eu\/en\/privacy-policy\/\",\"actionableFeedbackPolicy\":\"https:\/\/ventmarket.eu\/en\/privacy-policy\/\"}]}<\/script>\n<!-- \/ Yoast SEO Premium plugin. -->","yoast_head_json":{"title":"Sales Terms | Ventmarket Ventilation Online Store","description":"Review the sales terms for ventilation equipment at Ventmarket store.","robots":{"index":"index","follow":"follow","max-snippet":"max-snippet:-1","max-image-preview":"max-image-preview:large","max-video-preview":"max-video-preview:-1"},"canonical":"https:\/\/ventmarket.eu\/en\/terms-of-sale\/","og_locale":"en_US","og_type":"article","og_title":"Sales Terms | Ventmarket Ventilation Online Store","og_description":"Review the sales terms for ventilation equipment at Ventmarket store.","og_url":"https:\/\/ventmarket.eu\/en\/terms-of-sale\/","og_site_name":"VENT SYSTEM PROJECT","article_modified_time":"2025-04-07T17:50:55+00:00","og_image":[{"width":1180,"height":1010,"url":"https:\/\/ventmarket.eu\/wp-content\/uploads\/2025\/01\/bb8e4870-1fdf-4e62-979b-ec593bd57be3.png","type":"image\/png"}],"twitter_card":"summary_large_image","twitter_title":"Terms of Sale","twitter_misc":{"Est. reading time":"2 minutes"},"schema":{"@context":"https:\/\/schema.org","@graph":[{"@type":"WebPage","@id":"https:\/\/ventmarket.eu\/muugitingimused\/","url":"https:\/\/ventmarket.eu\/en\/terms-of-sale\/","name":"Sales Terms | Ventmarket Ventilation Online Store","isPartOf":{"@id":"https:\/\/ventmarket.eu\/#website"},"primaryImageOfPage":{"@id":"https:\/\/ventmarket.eu\/en\/terms-of-sale\/#primaryimage"},"image":{"@id":"https:\/\/ventmarket.eu\/en\/terms-of-sale\/#primaryimage"},"thumbnailUrl":"https:\/\/ventmarket.eu\/wp-content\/uploads\/2024\/12\/group-75-1-scaled.jpg","datePublished":"2025-01-24T15:24:47+00:00","dateModified":"2025-04-07T17:50:55+00:00","description":"Review the sales terms for ventilation equipment at Ventmarket store.","breadcrumb":{"@id":"https:\/\/ventmarket.eu\/en\/terms-of-sale\/#breadcrumb"},"inLanguage":"en-US","potentialAction":[{"@type":"ReadAction","target":["https:\/\/ventmarket.eu\/en\/terms-of-sale\/"]}]},{"@type":"ImageObject","inLanguage":"en-US","@id":"https:\/\/ventmarket.eu\/en\/terms-of-sale\/#primaryimage","url":"https:\/\/ventmarket.eu\/wp-content\/uploads\/2024\/12\/group-75-1-scaled.jpg","contentUrl":"https:\/\/ventmarket.eu\/wp-content\/uploads\/2024\/12\/group-75-1-scaled.jpg"},{"@type":"BreadcrumbList","@id":"https:\/\/ventmarket.eu\/en\/terms-of-sale\/#breadcrumb","itemListElement":[{"@type":"ListItem","position":1,"name":"\u0413\u043b\u0430\u0432\u043d\u0430\u044f \u0441\u0442\u0440\u0430\u043d\u0438\u0446\u0430","item":"https:\/\/ventmarket.eu\/ru\/"},{"@type":"ListItem","position":2,"name":"Terms of Sale"}]},{"@type":"WebSite","@id":"https:\/\/ventmarket.eu\/#website","url":"https:\/\/ventmarket.eu\/","name":"Ventmarket","description":"Ventmarket \u2013 Ventilatsiooniseadmete e-pood Eestis","publisher":{"@id":"https:\/\/ventmarket.eu\/#organization"},"alternateName":"Ventmarket","potentialAction":[{"@type":"SearchAction","target":{"@type":"EntryPoint","urlTemplate":"https:\/\/ventmarket.eu\/?s={search_term_string}"},"query-input":{"@type":"PropertyValueSpecification","valueRequired":true,"valueName":"search_term_string"}}],"inLanguage":"en-US"},{"@type":"Organization","@id":"https:\/\/ventmarket.eu\/#organization","name":"VENT SYSTEM PROJECT O\u00dc","alternateName":"Ventmarket","url":"https:\/\/ventmarket.eu\/","logo":{"@type":"ImageObject","inLanguage":"en-US","@id":"https:\/\/ventmarket.eu\/#\/schema\/logo\/image\/","url":"https:\/\/ventmarket.eu\/wp-content\/uploads\/2024\/12\/cropped-logo-4-1-1-1.png","contentUrl":"https:\/\/ventmarket.eu\/wp-content\/uploads\/2024\/12\/cropped-logo-4-1-1-1.png","width":321,"height":168,"caption":"VENT SYSTEM PROJECT O\u00dc"},"image":{"@id":"https:\/\/ventmarket.eu\/#\/schema\/logo\/image\/"},"description":"Ventilatsioonit\u00f6\u00f6d: projekteerimine, paigaldus Ventilatsioonilahendused teie objektile. Pakume laia valikut ventilatsiooniseadmeid ja -komponente ning ventilatsioonis\u00fcsteemide projekteerimisteenust igasuguse keerukusega objektidele. Alates 2009. aastast oleme pakkunud klientidele usaldusv\u00e4\u00e4rseid ja t\u00f5husaid lahendusi. Meie spetsialistid aitavad teil valida optimaalse seadme, koostada projekti ja pakkuda terviklikku lahendust teie kodu, kontori, kaubanduskeskuse v\u00f5i t\u00f6\u00f6stusettev\u00f5tte jaoks.","email":"sales@ventmarket.eu","telephone":"+372 5300 7799","legalName":"VENT SYSTEM PROJECT O\u00dc","foundingDate":"2009-10-21","numberOfEmployees":{"@type":"QuantitativeValue","minValue":"51","maxValue":"200"},"publishingPrinciples":"https:\/\/ventmarket.eu\/en\/privacy-policy\/","ownershipFundingInfo":"https:\/\/ventmarket.eu\/en\/privacy-policy\/","actionableFeedbackPolicy":"https:\/\/ventmarket.eu\/en\/privacy-policy\/"}]}},"_links":{"self":[{"href":"https:\/\/ventmarket.eu\/en\/wp-json\/wp\/v2\/pages\/1272","targetHints":{"allow":["GET"]}}],"collection":[{"href":"https:\/\/ventmarket.eu\/en\/wp-json\/wp\/v2\/pages"}],"about":[{"href":"https:\/\/ventmarket.eu\/en\/wp-json\/wp\/v2\/types\/page"}],"author":[{"embeddable":true,"href":"https:\/\/ventmarket.eu\/en\/wp-json\/wp\/v2\/users\/1"}],"replies":[{"embeddable":true,"href":"https:\/\/ventmarket.eu\/en\/wp-json\/wp\/v2\/comments?post=1272"}],"version-history":[{"count":32,"href":"https:\/\/ventmarket.eu\/en\/wp-json\/wp\/v2\/pages\/1272\/revisions"}],"predecessor-version":[{"id":5228,"href":"https:\/\/ventmarket.eu\/en\/wp-json\/wp\/v2\/pages\/1272\/revisions\/5228"}],"wp:attachment":[{"href":"https:\/\/ventmarket.eu\/en\/wp-json\/wp\/v2\/media?parent=1272"}],"curies":[{"name":"wp","href":"https:\/\/api.w.org\/{rel}","templated":true}]}}